{"id":2044,"date":"2022-11-07T22:11:15","date_gmt":"2022-11-08T01:11:15","guid":{"rendered":"https:\/\/sites.uel.br\/pdi\/?page_id=2044"},"modified":"2022-11-13T12:19:57","modified_gmt":"2022-11-13T15:19:57","slug":"pos-graduacao-lato-sensu-2","status":"publish","type":"page","link":"https:\/\/sites.uel.br\/pdi\/pos-graduacao-lato-sensu-2\/","title":{"rendered":"P\u00f3s-Gradua\u00e7\u00e3o Lato Sensu"},"content":{"rendered":"\n<p class=\"has-white-color has-text-color\">.<\/p>\n\n\n\n<div class=\"wp-block-columns is-not-stacked-on-mobile is-layout-flex wp-container-core-columns-is-layout-9d6595d7 wp-block-columns-is-layout-flex\">\n<div class=\"wp-block-column is-layout-flow wp-block-column-is-layout-flow\">\n<figure class=\"wp-block-gallery has-nested-images columns-default is-cropped wp-block-gallery-1 is-layout-flex wp-block-gallery-is-layout-flex\">\n<figure class=\"wp-block-image size-large\"><a href=\"https:\/\/sites.uel.br\/pdi\/pos-graduacao-lato-sensu-admissao\/\"><img loading=\"lazy\" decoding=\"async\" width=\"1024\" height=\"572\" data-id=\"2727\" src=\"https:\/\/sites.uel.br\/pdi\/wp-content\/uploads\/2022\/11\/odp005-1024x572.png\" alt=\"\" class=\"wp-image-2727\" srcset=\"https:\/\/sites.uel.br\/pdi\/wp-content\/uploads\/2022\/11\/odp005-1024x572.png 1024w, https:\/\/sites.uel.br\/pdi\/wp-content\/uploads\/2022\/11\/odp005-300x168.png 300w, https:\/\/sites.uel.br\/pdi\/wp-content\/uploads\/2022\/11\/odp005-768x429.png 768w, https:\/\/sites.uel.br\/pdi\/wp-content\/uploads\/2022\/11\/odp005-1536x858.png 1536w, https:\/\/sites.uel.br\/pdi\/wp-content\/uploads\/2022\/11\/odp005.png 1987w\" sizes=\"auto, (max-width: 1024px) 100vw, 1024px\" \/><\/a><\/figure>\n<\/figure>\n<\/div>\n\n\n\n<div class=\"wp-block-column is-layout-flow wp-block-column-is-layout-flow\">\n<figure class=\"wp-block-gallery has-nested-images columns-default is-cropped wp-block-gallery-2 is-layout-flex wp-block-gallery-is-layout-flex\">\n<figure class=\"wp-block-image size-large\"><a href=\"https:\/\/sites.uel.br\/pdi\/pos-graduacao-lato-sensu-duracao\/\"><img loading=\"lazy\" decoding=\"async\" width=\"1024\" height=\"572\" data-id=\"2728\" src=\"https:\/\/sites.uel.br\/pdi\/wp-content\/uploads\/2022\/11\/odp006-1024x572.png\" alt=\"\" class=\"wp-image-2728\" srcset=\"https:\/\/sites.uel.br\/pdi\/wp-content\/uploads\/2022\/11\/odp006-1024x572.png 1024w, https:\/\/sites.uel.br\/pdi\/wp-content\/uploads\/2022\/11\/odp006-300x168.png 300w, https:\/\/sites.uel.br\/pdi\/wp-content\/uploads\/2022\/11\/odp006-768x429.png 768w, https:\/\/sites.uel.br\/pdi\/wp-content\/uploads\/2022\/11\/odp006-1536x858.png 1536w, https:\/\/sites.uel.br\/pdi\/wp-content\/uploads\/2022\/11\/odp006.png 1987w\" sizes=\"auto, (max-width: 1024px) 100vw, 1024px\" \/><\/a><\/figure>\n<\/figure>\n<\/div>\n\n\n\n<div class=\"wp-block-column is-layout-flow wp-block-column-is-layout-flow\">\n<figure class=\"wp-block-gallery has-nested-images columns-default is-cropped wp-block-gallery-3 is-layout-flex wp-block-gallery-is-layout-flex\">\n<figure class=\"wp-block-image size-large\"><a href=\"https:\/\/sites.uel.br\/pdi\/pos-graduacao-lato-sensu-frequencia\/\"><img loading=\"lazy\" decoding=\"async\" width=\"1024\" height=\"572\" data-id=\"2729\" src=\"https:\/\/sites.uel.br\/pdi\/wp-content\/uploads\/2022\/11\/odp007-1024x572.png\" alt=\"\" class=\"wp-image-2729\" srcset=\"https:\/\/sites.uel.br\/pdi\/wp-content\/uploads\/2022\/11\/odp007-1024x572.png 1024w, https:\/\/sites.uel.br\/pdi\/wp-content\/uploads\/2022\/11\/odp007-300x168.png 300w, https:\/\/sites.uel.br\/pdi\/wp-content\/uploads\/2022\/11\/odp007-768x429.png 768w, https:\/\/sites.uel.br\/pdi\/wp-content\/uploads\/2022\/11\/odp007-1536x858.png 1536w, https:\/\/sites.uel.br\/pdi\/wp-content\/uploads\/2022\/11\/odp007.png 1987w\" sizes=\"auto, (max-width: 1024px) 100vw, 1024px\" \/><\/a><\/figure>\n<\/figure>\n<\/div>\n<\/div>\n\n\n\n<div class=\"wp-block-columns is-not-stacked-on-mobile is-layout-flex wp-container-core-columns-is-layout-9d6595d7 wp-block-columns-is-layout-flex\">\n<div class=\"wp-block-column is-layout-flow wp-block-column-is-layout-flow\">\n<figure class=\"wp-block-gallery has-nested-images columns-default is-cropped wp-block-gallery-4 is-layout-flex wp-block-gallery-is-layout-flex\">\n<figure class=\"wp-block-image size-large\"><a href=\"https:\/\/sites.uel.br\/pdi\/pos-graduacao-lato-sensu-creditos\/\"><img loading=\"lazy\" decoding=\"async\" width=\"1024\" height=\"572\" data-id=\"2730\" src=\"https:\/\/sites.uel.br\/pdi\/wp-content\/uploads\/2022\/11\/odp008-1024x572.png\" alt=\"\" class=\"wp-image-2730\" srcset=\"https:\/\/sites.uel.br\/pdi\/wp-content\/uploads\/2022\/11\/odp008-1024x572.png 1024w, https:\/\/sites.uel.br\/pdi\/wp-content\/uploads\/2022\/11\/odp008-300x168.png 300w, https:\/\/sites.uel.br\/pdi\/wp-content\/uploads\/2022\/11\/odp008-768x429.png 768w, https:\/\/sites.uel.br\/pdi\/wp-content\/uploads\/2022\/11\/odp008-1536x858.png 1536w, https:\/\/sites.uel.br\/pdi\/wp-content\/uploads\/2022\/11\/odp008.png 1987w\" sizes=\"auto, (max-width: 1024px) 100vw, 1024px\" \/><\/a><\/figure>\n<\/figure>\n<\/div>\n\n\n\n<div class=\"wp-block-column is-layout-flow wp-block-column-is-layout-flow\">\n<figure class=\"wp-block-gallery has-nested-images columns-default is-cropped wp-block-gallery-5 is-layout-flex wp-block-gallery-is-layout-flex\">\n<figure class=\"wp-block-image size-large\"><a href=\"https:\/\/sites.uel.br\/pdi\/pos-graduacao-lato-sensu-desligamento\/\"><img loading=\"lazy\" decoding=\"async\" width=\"1024\" height=\"572\" data-id=\"2731\" src=\"https:\/\/sites.uel.br\/pdi\/wp-content\/uploads\/2022\/11\/odp009-1024x572.png\" alt=\"\" class=\"wp-image-2731\" srcset=\"https:\/\/sites.uel.br\/pdi\/wp-content\/uploads\/2022\/11\/odp009-1024x572.png 1024w, https:\/\/sites.uel.br\/pdi\/wp-content\/uploads\/2022\/11\/odp009-300x168.png 300w, https:\/\/sites.uel.br\/pdi\/wp-content\/uploads\/2022\/11\/odp009-768x429.png 768w, https:\/\/sites.uel.br\/pdi\/wp-content\/uploads\/2022\/11\/odp009-1536x858.png 1536w, https:\/\/sites.uel.br\/pdi\/wp-content\/uploads\/2022\/11\/odp009.png 1987w\" sizes=\"auto, (max-width: 1024px) 100vw, 1024px\" \/><\/a><\/figure>\n<\/figure>\n<\/div>\n\n\n\n<div class=\"wp-block-column is-layout-flow wp-block-column-is-layout-flow\"><\/div>\n<\/div>\n\n\n\n<p><\/p>\n","protected":false},"excerpt":{"rendered":"<p>.<\/p>\n","protected":false},"author":8,"featured_media":0,"parent":0,"menu_order":0,"comment_status":"closed","ping_status":"closed","template":"","meta":{"footnotes":""},"class_list":["post-2044","page","type-page","status-publish","hentry"],"acf":[],"_links":{"self":[{"href":"https:\/\/sites.uel.br\/pdi\/wp-json\/wp\/v2\/pages\/2044","targetHints":{"allow":["GET"]}}],"collection":[{"href":"https:\/\/sites.uel.br\/pdi\/wp-json\/wp\/v2\/pages"}],"about":[{"href":"https:\/\/sites.uel.br\/pdi\/wp-json\/wp\/v2\/types\/page"}],"author":[{"embeddable":true,"href":"https:\/\/sites.uel.br\/pdi\/wp-json\/wp\/v2\/users\/8"}],"replies":[{"embeddable":true,"href":"https:\/\/sites.uel.br\/pdi\/wp-json\/wp\/v2\/comments?post=2044"}],"version-history":[{"count":4,"href":"https:\/\/sites.uel.br\/pdi\/wp-json\/wp\/v2\/pages\/2044\/revisions"}],"predecessor-version":[{"id":2736,"href":"https:\/\/sites.uel.br\/pdi\/wp-json\/wp\/v2\/pages\/2044\/revisions\/2736"}],"wp:attachment":[{"href":"https:\/\/sites.uel.br\/pdi\/wp-json\/wp\/v2\/media?parent=2044"}],"curies":[{"name":"wp","href":"https:\/\/api.w.org\/{rel}","templated":true}]}}