{"id":2040,"date":"2022-11-07T22:06:49","date_gmt":"2022-11-08T01:06:49","guid":{"rendered":"https:\/\/sites.uel.br\/pdi\/?page_id=2040"},"modified":"2022-11-07T22:06:49","modified_gmt":"2022-11-08T01:06:49","slug":"pos-graduacao-lato-sensu-creditos","status":"publish","type":"page","link":"https:\/\/sites.uel.br\/pdi\/pos-graduacao-lato-sensu-creditos\/","title":{"rendered":"P\u00f3s-Gradua\u00e7\u00e3o Lato Sensu &#8211; Cr\u00e9ditos"},"content":{"rendered":"\n<p class=\"has-text-color\" style=\"color:#fefefe\">.<\/p>\n\n\n\n<p>Na estrutura curricular dos Cursos de P\u00f3s-Gradua\u00e7\u00e3o Lato Sensu ser\u00e1 fixado o n\u00famero de cr\u00e9ditos distribu\u00eddos para cada disciplina, bem como o n\u00famero de cr\u00e9ditos exigidos, respeitada a exig\u00eancia m\u00ednima.<\/p>\n\n\n\n<p>Disciplinas cursadas em n\u00edvel de P\u00f3s-Gradua\u00e7\u00e3o poder\u00e3o ser aceitas como equival\u00eancia, mediante aprova\u00e7\u00e3o da Coordena\u00e7\u00e3o do Curso.<\/p>\n","protected":false},"excerpt":{"rendered":"<p>. Na estrutura curricular dos Cursos de P\u00f3s-Gradua\u00e7\u00e3o Lato Sensu ser\u00e1 fixado o n\u00famero de cr\u00e9ditos distribu\u00eddos para cada disciplina, bem como o n\u00famero de cr\u00e9ditos exigidos, respeitada a exig\u00eancia m\u00ednima. Disciplinas cursadas em n\u00edvel de P\u00f3s-Gradua\u00e7\u00e3o poder\u00e3o ser aceitas como equival\u00eancia, mediante aprova\u00e7\u00e3o da Coordena\u00e7\u00e3o do Curso.<\/p>\n","protected":false},"author":8,"featured_media":0,"parent":0,"menu_order":0,"comment_status":"closed","ping_status":"closed","template":"","meta":{"footnotes":""},"class_list":["post-2040","page","type-page","status-publish","hentry"],"acf":[],"_links":{"self":[{"href":"https:\/\/sites.uel.br\/pdi\/wp-json\/wp\/v2\/pages\/2040","targetHints":{"allow":["GET"]}}],"collection":[{"href":"https:\/\/sites.uel.br\/pdi\/wp-json\/wp\/v2\/pages"}],"about":[{"href":"https:\/\/sites.uel.br\/pdi\/wp-json\/wp\/v2\/types\/page"}],"author":[{"embeddable":true,"href":"https:\/\/sites.uel.br\/pdi\/wp-json\/wp\/v2\/users\/8"}],"replies":[{"embeddable":true,"href":"https:\/\/sites.uel.br\/pdi\/wp-json\/wp\/v2\/comments?post=2040"}],"version-history":[{"count":1,"href":"https:\/\/sites.uel.br\/pdi\/wp-json\/wp\/v2\/pages\/2040\/revisions"}],"predecessor-version":[{"id":2041,"href":"https:\/\/sites.uel.br\/pdi\/wp-json\/wp\/v2\/pages\/2040\/revisions\/2041"}],"wp:attachment":[{"href":"https:\/\/sites.uel.br\/pdi\/wp-json\/wp\/v2\/media?parent=2040"}],"curies":[{"name":"wp","href":"https:\/\/api.w.org\/{rel}","templated":true}]}}