{"id":1985,"date":"2022-11-07T21:14:48","date_gmt":"2022-11-08T00:14:48","guid":{"rendered":"https:\/\/sites.uel.br\/pdi\/?page_id=1985"},"modified":"2022-11-07T21:14:48","modified_gmt":"2022-11-08T00:14:48","slug":"pos-graduacao-lato-sensu-monografia-tccpg","status":"publish","type":"page","link":"https:\/\/sites.uel.br\/pdi\/pos-graduacao-lato-sensu-monografia-tccpg\/","title":{"rendered":"P\u00f3s-Gradua\u00e7\u00e3o Lato Sensu &#8211; Monografia\/TCCPG"},"content":{"rendered":"\n<p class=\"has-text-color\" style=\"color:#fefefe\">.<\/p>\n\n\n\n<p>As Monografias e TCCPG dos cursos dever\u00e3o observar as normas abaixo descritas:<\/p>\n\n\n\n<ul class=\"wp-block-list\">\n<li>obrigatoriamente focalizar um tema ligado aos conte\u00fados do curso e em conson\u00e2ncia com os objetivos do mesmo;<\/li>\n\n\n\n<li>a orienta\u00e7\u00e3o dever\u00e1 ser realizada, preferencialmente, por docentes que tenham ministrado disciplinas especificas do curso;<\/li>\n\n\n\n<li>o orientador dever\u00e1 possuir titula\u00e7\u00e3o m\u00ednima de Mestre;<\/li>\n\n\n\n<li>em casos devidamente justificados poder\u00e1 ser indicado um coorientador, com titula\u00e7\u00e3o m\u00ednima de Mestre, desde que aprovado pelo Coordenador do Curso;<\/li>\n\n\n\n<li>o TCCPG dever\u00e1 ser individual, com car\u00e1ter cient\u00edfico, art\u00edstico, pr\u00e1tico ou experimental, conforme estabelecido pela Comiss\u00e3o Coordenadora do Curso.<\/li>\n<\/ul>\n\n\n\n<p>A Monografia ou TCCPG dever\u00e1 ser entregue seguindo as normas estabelecidas pelo curso e no prazo definido no calend\u00e1rio vigente.<\/p>\n\n\n\n<ul class=\"wp-block-list\">\n<li>O prazo de entrega da Monografia ou do TCCPG poder\u00e1 ser prorrogado em at\u00e9 um per\u00edodo letivo, por uma \u00fanica vez, mediante solicita\u00e7\u00e3o do estudante devidamente justificada, ouvido o orientador e aprovado pela Coordena\u00e7\u00e3o do Curso.<\/li>\n<\/ul>\n\n\n\n<p>Os estudantes que solicitarem prorroga\u00e7\u00e3o de prazo para entrega da Monografia ou do TCCPG e obtiverem papel favor\u00e1vel, dever\u00e3o efetivar nova matr\u00edcula em Monografia ou TCCPG, na Pr\u00f3-Reitoria de Pesquisa e P\u00f3s-Gradua\u00e7\u00e3o.<\/p>\n\n\n\n<p>A crit\u00e9rio da Comiss\u00e3o do Curso a Monografia ou TCCPG poder\u00e1 ser no formato de artigo cient\u00edfico.<\/p>\n\n\n\n<p>O estudante que n\u00e3o entregar a Monografia ou o TCCPG ou for reprovado, poder\u00e1 requerer junto \u00e0 Pr\u00f3-Reitoria de Pesquisa e P\u00f3s-Gradua\u00e7\u00e3o o Atestado de Conclus\u00e3o de Cr\u00e9ditos de Curso de Especializa\u00e7\u00e3o e\/ou Hist\u00f3rico Escolar.<\/p>\n\n\n\n<p class=\"has-text-align-center\">O texto est\u00e1 dispon\u00edvel na(s) seguinte(s) refer\u00eancia(s):&nbsp;<\/p>\n\n\n\n<p class=\"has-text-align-center\">REGIMENTO GERAL DA UEL, RESOLU\u00c7\u00c3O CEPE 033\/2014, RESOLU\u00c7\u00c3O CEPE 037\/2016<\/p>\n","protected":false},"excerpt":{"rendered":"<p>. As Monografias e TCCPG dos cursos dever\u00e3o observar as normas abaixo descritas: A Monografia ou TCCPG dever\u00e1 ser entregue seguindo as normas estabelecidas pelo curso e no prazo definido no calend\u00e1rio vigente. Os estudantes que solicitarem prorroga\u00e7\u00e3o de prazo para entrega da Monografia ou do TCCPG e obtiverem papel favor\u00e1vel, dever\u00e3o efetivar nova matr\u00edcula [&hellip;]<\/p>\n","protected":false},"author":8,"featured_media":0,"parent":0,"menu_order":0,"comment_status":"closed","ping_status":"closed","template":"","meta":{"footnotes":""},"class_list":["post-1985","page","type-page","status-publish","hentry"],"acf":[],"_links":{"self":[{"href":"https:\/\/sites.uel.br\/pdi\/wp-json\/wp\/v2\/pages\/1985","targetHints":{"allow":["GET"]}}],"collection":[{"href":"https:\/\/sites.uel.br\/pdi\/wp-json\/wp\/v2\/pages"}],"about":[{"href":"https:\/\/sites.uel.br\/pdi\/wp-json\/wp\/v2\/types\/page"}],"author":[{"embeddable":true,"href":"https:\/\/sites.uel.br\/pdi\/wp-json\/wp\/v2\/users\/8"}],"replies":[{"embeddable":true,"href":"https:\/\/sites.uel.br\/pdi\/wp-json\/wp\/v2\/comments?post=1985"}],"version-history":[{"count":1,"href":"https:\/\/sites.uel.br\/pdi\/wp-json\/wp\/v2\/pages\/1985\/revisions"}],"predecessor-version":[{"id":1986,"href":"https:\/\/sites.uel.br\/pdi\/wp-json\/wp\/v2\/pages\/1985\/revisions\/1986"}],"wp:attachment":[{"href":"https:\/\/sites.uel.br\/pdi\/wp-json\/wp\/v2\/media?parent=1985"}],"curies":[{"name":"wp","href":"https:\/\/api.w.org\/{rel}","templated":true}]}}