{"id":1983,"date":"2022-11-07T21:13:38","date_gmt":"2022-11-08T00:13:38","guid":{"rendered":"https:\/\/sites.uel.br\/pdi\/?page_id=1983"},"modified":"2022-11-07T21:13:38","modified_gmt":"2022-11-08T00:13:38","slug":"pos-graduacao-lato-sensu-avaliacao","status":"publish","type":"page","link":"https:\/\/sites.uel.br\/pdi\/pos-graduacao-lato-sensu-avaliacao\/","title":{"rendered":"P\u00f3s-Gradua\u00e7\u00e3o Lato Sensu &#8211; Avalia\u00e7\u00e3o"},"content":{"rendered":"\n<p class=\"has-text-color\" style=\"color:#fefefe\">.<\/p>\n\n\n\n<p>O aproveitamento ser\u00e1 avaliado de acordo com a programa\u00e7\u00e3o do professor respons\u00e1vel pela disciplina.<\/p>\n\n\n\n<ul class=\"wp-block-list\">\n<li>Os Cursos de P\u00f3s-Gradua\u00e7\u00e3o Lato Sensu oferecidos a dist\u00e2ncia dever\u00e3o incluir, necessariamente, provas presenciais e defesa presencial-individual de monografia ou TCC.<\/li>\n<\/ul>\n\n\n\n<p>A avalia\u00e7\u00e3o dos cr\u00e9ditos atribu\u00eddos ao estudante, pelo professor a cada verifica\u00e7\u00e3o de aprendizagem, ser\u00e1 feita atrav\u00e9s de notas, variando de zero a dez.<\/p>\n\n\n\n<p>Al\u00e9m da frequ\u00eancia obrigat\u00f3ria \u00e0s atividades acad\u00eamicas ser\u00e1 condi\u00e7\u00e3o para que o estudante seja considerado aprovado em uma disciplina a obten\u00e7\u00e3o de nota final igual ou superior a sete.<\/p>\n\n\n\n<p>Ser\u00e1 desligado do Curso de P\u00f3s-Gradua\u00e7\u00e3o o estudante que obtiver nota final inferior a sete em tr\u00eas ou mais disciplinas.<\/p>\n\n\n\n<ul class=\"wp-block-list\">\n<li>Estudantes reprovados em at\u00e9 duas disciplinas, poder\u00e3o curs\u00e1-las em turma especial, mediante requerimento \u00e0 PROPPG e aprova\u00e7\u00e3o do Coordenador do Curso, durante o per\u00edodo letivo do curso ou em per\u00edodo subsequente ao prazo regular.<\/li>\n<\/ul>\n\n\n\n<p class=\"has-text-align-center\">O texto est\u00e1 dispon\u00edvel na(s) seguinte(s) refer\u00eancia(s):&nbsp;<\/p>\n\n\n\n<p class=\"has-text-align-center\">REGIMENTO GERAL DA UEL, RESOLU\u00c7\u00c3O CEPE 033\/2014, RESOLU\u00c7\u00c3O CEPE 037\/2016<\/p>\n","protected":false},"excerpt":{"rendered":"<p>. O aproveitamento ser\u00e1 avaliado de acordo com a programa\u00e7\u00e3o do professor respons\u00e1vel pela disciplina. A avalia\u00e7\u00e3o dos cr\u00e9ditos atribu\u00eddos ao estudante, pelo professor a cada verifica\u00e7\u00e3o de aprendizagem, ser\u00e1 feita atrav\u00e9s de notas, variando de zero a dez. Al\u00e9m da frequ\u00eancia obrigat\u00f3ria \u00e0s atividades acad\u00eamicas ser\u00e1 condi\u00e7\u00e3o para que o estudante seja considerado aprovado [&hellip;]<\/p>\n","protected":false},"author":8,"featured_media":0,"parent":0,"menu_order":0,"comment_status":"closed","ping_status":"closed","template":"","meta":{"footnotes":""},"class_list":["post-1983","page","type-page","status-publish","hentry"],"acf":[],"_links":{"self":[{"href":"https:\/\/sites.uel.br\/pdi\/wp-json\/wp\/v2\/pages\/1983","targetHints":{"allow":["GET"]}}],"collection":[{"href":"https:\/\/sites.uel.br\/pdi\/wp-json\/wp\/v2\/pages"}],"about":[{"href":"https:\/\/sites.uel.br\/pdi\/wp-json\/wp\/v2\/types\/page"}],"author":[{"embeddable":true,"href":"https:\/\/sites.uel.br\/pdi\/wp-json\/wp\/v2\/users\/8"}],"replies":[{"embeddable":true,"href":"https:\/\/sites.uel.br\/pdi\/wp-json\/wp\/v2\/comments?post=1983"}],"version-history":[{"count":1,"href":"https:\/\/sites.uel.br\/pdi\/wp-json\/wp\/v2\/pages\/1983\/revisions"}],"predecessor-version":[{"id":1984,"href":"https:\/\/sites.uel.br\/pdi\/wp-json\/wp\/v2\/pages\/1983\/revisions\/1984"}],"wp:attachment":[{"href":"https:\/\/sites.uel.br\/pdi\/wp-json\/wp\/v2\/media?parent=1983"}],"curies":[{"name":"wp","href":"https:\/\/api.w.org\/{rel}","templated":true}]}}