{"id":1974,"date":"2022-11-07T21:03:45","date_gmt":"2022-11-08T00:03:45","guid":{"rendered":"https:\/\/sites.uel.br\/pdi\/?page_id=1974"},"modified":"2022-11-07T21:03:45","modified_gmt":"2022-11-08T00:03:45","slug":"pos-graduacao-stricto-sensu-avaliacao","status":"publish","type":"page","link":"https:\/\/sites.uel.br\/pdi\/pos-graduacao-stricto-sensu-avaliacao\/","title":{"rendered":"P\u00f3s-Gradua\u00e7\u00e3o Stricto Sensu &#8211; Avalia\u00e7\u00e3o"},"content":{"rendered":"\n<p class=\"has-text-color\" style=\"color:#fefefe\">.<\/p>\n\n\n\n<p>O aproveitamento das disciplinas ser\u00e1 avaliado por meio de provas e\/ou trabalhos escolares de acordo com a programa\u00e7\u00e3o do professor respons\u00e1vel.<\/p>\n\n\n\n<p>Al\u00e9m da frequ\u00eancia obrigat\u00f3ria \u00e0s aulas, ser\u00e1 condi\u00e7\u00e3o para que o estudante seja considerado aprovado em uma disciplina a obten\u00e7\u00e3o de m\u00e9dia final igual ou superior a sete.<\/p>\n\n\n\n<p class=\"has-text-align-center\">O texto est\u00e1 dispon\u00edvel na(s) seguinte(s) refer\u00eancia(s):&nbsp;<\/p>\n\n\n\n<p class=\"has-text-align-center\">REGIMENTO GERAL DA UEL, RESOLU\u00c7\u00c3O CEPE 033\/2014, RESOLU\u00c7\u00c3O CEPE 037\/2016<\/p>\n","protected":false},"excerpt":{"rendered":"<p>. O aproveitamento das disciplinas ser\u00e1 avaliado por meio de provas e\/ou trabalhos escolares de acordo com a programa\u00e7\u00e3o do professor respons\u00e1vel. Al\u00e9m da frequ\u00eancia obrigat\u00f3ria \u00e0s aulas, ser\u00e1 condi\u00e7\u00e3o para que o estudante seja considerado aprovado em uma disciplina a obten\u00e7\u00e3o de m\u00e9dia final igual ou superior a sete. O texto est\u00e1 dispon\u00edvel na(s) [&hellip;]<\/p>\n","protected":false},"author":8,"featured_media":0,"parent":0,"menu_order":0,"comment_status":"closed","ping_status":"closed","template":"","meta":{"footnotes":""},"class_list":["post-1974","page","type-page","status-publish","hentry"],"acf":[],"_links":{"self":[{"href":"https:\/\/sites.uel.br\/pdi\/wp-json\/wp\/v2\/pages\/1974","targetHints":{"allow":["GET"]}}],"collection":[{"href":"https:\/\/sites.uel.br\/pdi\/wp-json\/wp\/v2\/pages"}],"about":[{"href":"https:\/\/sites.uel.br\/pdi\/wp-json\/wp\/v2\/types\/page"}],"author":[{"embeddable":true,"href":"https:\/\/sites.uel.br\/pdi\/wp-json\/wp\/v2\/users\/8"}],"replies":[{"embeddable":true,"href":"https:\/\/sites.uel.br\/pdi\/wp-json\/wp\/v2\/comments?post=1974"}],"version-history":[{"count":1,"href":"https:\/\/sites.uel.br\/pdi\/wp-json\/wp\/v2\/pages\/1974\/revisions"}],"predecessor-version":[{"id":1975,"href":"https:\/\/sites.uel.br\/pdi\/wp-json\/wp\/v2\/pages\/1974\/revisions\/1975"}],"wp:attachment":[{"href":"https:\/\/sites.uel.br\/pdi\/wp-json\/wp\/v2\/media?parent=1974"}],"curies":[{"name":"wp","href":"https:\/\/api.w.org\/{rel}","templated":true}]}}