{"id":1972,"date":"2022-11-07T21:02:40","date_gmt":"2022-11-08T00:02:40","guid":{"rendered":"https:\/\/sites.uel.br\/pdi\/?page_id=1972"},"modified":"2022-11-07T21:02:40","modified_gmt":"2022-11-08T00:02:40","slug":"pos-graduacao-stricto-sensu-titulos","status":"publish","type":"page","link":"https:\/\/sites.uel.br\/pdi\/pos-graduacao-stricto-sensu-titulos\/","title":{"rendered":"P\u00f3s-Gradua\u00e7\u00e3o Stricto Sensu &#8211; T\u00edtulos"},"content":{"rendered":"\n<p class=\"has-white-color has-text-color\">.<\/p>\n\n\n\n<p>Cumpridas as demais exig\u00eancias regimentais, s\u00e3o condi\u00e7\u00f5es para que o estudante obtenha o t\u00edtulo de Mestre:<\/p>\n\n\n\n<ul class=\"wp-block-list\">\n<li>completar o n\u00famero de cr\u00e9ditos exigidos pelo Programa em disciplinas e atividades acad\u00eamicas;<\/li>\n\n\n\n<li>ser aprovado no exame de qualifica\u00e7\u00e3o;<\/li>\n\n\n\n<li>comprovar profici\u00eancia de uma l\u00edngua estrangeira, dentre as indicadas pelo respectivo programa;<\/li>\n\n\n\n<li>ter aprovada a Disserta\u00e7\u00e3o.<\/li>\n<\/ul>\n\n\n\n<p>Cumpridas as demais exig\u00eancias regimentais, s\u00e3o condi\u00e7\u00f5es para que o estudante obtenha o t\u00edtulo de Doutor:<\/p>\n\n\n\n<ul class=\"wp-block-list\">\n<li>completar o n\u00famero de cr\u00e9ditos exigidos pelo Programa em disciplinas e atividades acad\u00eamicas;<\/li>\n\n\n\n<li>ser aprovado no exame de qualifica\u00e7\u00e3o;<\/li>\n\n\n\n<li>comprovar profici\u00eancia em at\u00e9 duas l\u00ednguas estrangeiras, conforme crit\u00e9rios definidos pelo Programa de P\u00f3s-Gradua\u00e7\u00e3o;<\/li>\n\n\n\n<li>ter aprovada a Tese.<\/li>\n<\/ul>\n\n\n\n<p class=\"has-text-align-center\">O texto est\u00e1 dispon\u00edvel na(s) seguinte(s) refer\u00eancia(s):&nbsp;<\/p>\n\n\n\n<p class=\"has-text-align-center\">REGIMENTO GERAL DA UEL, RESOLU\u00c7\u00c3O CEPE 033\/2014, RESOLU\u00c7\u00c3O CEPE 037\/2016<\/p>\n","protected":false},"excerpt":{"rendered":"<p>. Cumpridas as demais exig\u00eancias regimentais, s\u00e3o condi\u00e7\u00f5es para que o estudante obtenha o t\u00edtulo de Mestre: Cumpridas as demais exig\u00eancias regimentais, s\u00e3o condi\u00e7\u00f5es para que o estudante obtenha o t\u00edtulo de Doutor: O texto est\u00e1 dispon\u00edvel na(s) seguinte(s) refer\u00eancia(s):&nbsp; REGIMENTO GERAL DA UEL, RESOLU\u00c7\u00c3O CEPE 033\/2014, RESOLU\u00c7\u00c3O CEPE 037\/2016<\/p>\n","protected":false},"author":8,"featured_media":0,"parent":0,"menu_order":0,"comment_status":"closed","ping_status":"closed","template":"","meta":{"footnotes":""},"class_list":["post-1972","page","type-page","status-publish","hentry"],"acf":[],"_links":{"self":[{"href":"https:\/\/sites.uel.br\/pdi\/wp-json\/wp\/v2\/pages\/1972","targetHints":{"allow":["GET"]}}],"collection":[{"href":"https:\/\/sites.uel.br\/pdi\/wp-json\/wp\/v2\/pages"}],"about":[{"href":"https:\/\/sites.uel.br\/pdi\/wp-json\/wp\/v2\/types\/page"}],"author":[{"embeddable":true,"href":"https:\/\/sites.uel.br\/pdi\/wp-json\/wp\/v2\/users\/8"}],"replies":[{"embeddable":true,"href":"https:\/\/sites.uel.br\/pdi\/wp-json\/wp\/v2\/comments?post=1972"}],"version-history":[{"count":1,"href":"https:\/\/sites.uel.br\/pdi\/wp-json\/wp\/v2\/pages\/1972\/revisions"}],"predecessor-version":[{"id":1973,"href":"https:\/\/sites.uel.br\/pdi\/wp-json\/wp\/v2\/pages\/1972\/revisions\/1973"}],"wp:attachment":[{"href":"https:\/\/sites.uel.br\/pdi\/wp-json\/wp\/v2\/media?parent=1972"}],"curies":[{"name":"wp","href":"https:\/\/api.w.org\/{rel}","templated":true}]}}