{"id":1970,"date":"2022-11-07T21:01:26","date_gmt":"2022-11-08T00:01:26","guid":{"rendered":"https:\/\/sites.uel.br\/pdi\/?page_id=1970"},"modified":"2022-11-07T21:01:26","modified_gmt":"2022-11-08T00:01:26","slug":"pos-graduacao-stricto-sensu-proficiencia-em-lingua-estrangeira","status":"publish","type":"page","link":"https:\/\/sites.uel.br\/pdi\/pos-graduacao-stricto-sensu-proficiencia-em-lingua-estrangeira\/","title":{"rendered":"P\u00f3s-Gradua\u00e7\u00e3o Stricto Sensu &#8211; Profici\u00eancia em L\u00edngua Estrangeira"},"content":{"rendered":"\n<p class=\"has-white-color has-text-color\">.<\/p>\n\n\n\n<p>Ser\u00e1 exigido que o estudante de Mestrado ou de Doutorado comprove o conhecimento em pelo menos uma l\u00edngua estrangeira, conforme crit\u00e9rios definidos pelo Programa de P\u00f3s-Gradua\u00e7\u00e3o.<\/p>\n\n\n\n<ul class=\"wp-block-list\">\n<li>O exame de profici\u00eancia em l\u00edngua estrangeira poder\u00e1 ser aplicado no processo seletivo e caso o candidato seja aprovado, caber\u00e1 ao Programa registrar o resultado no sistema acad\u00eamico.<\/li>\n<\/ul>\n\n\n\n<p>Caber\u00e1 ao estudante obter a(s) aprova\u00e7\u00e3o(\u00f5es) na(s) Profici\u00eancia(s) em L\u00edngua(s) Estrangeira(s) at\u00e9 a realiza\u00e7\u00e3o do exame de qualifica\u00e7\u00e3o.<\/p>\n\n\n\n<p>A(s) profici\u00eancia(s) em L\u00edngua(s) Estrangeira(s) ser\u00e1(\u00e3o) definida(s) de acordo com os crit\u00e9rios estabelecidos pelo Programa de P\u00f3s-Gradua\u00e7\u00e3o.<\/p>\n\n\n\n<p class=\"has-text-align-center\">O texto est\u00e1 dispon\u00edvel na(s) seguinte(s) refer\u00eancia(s):&nbsp;<\/p>\n\n\n\n<p class=\"has-text-align-center\">REGIMENTO GERAL DA UEL, RESOLU\u00c7\u00c3O CEPE 033\/2014, RESOLU\u00c7\u00c3O CEPE 037\/2016<\/p>\n","protected":false},"excerpt":{"rendered":"<p>. Ser\u00e1 exigido que o estudante de Mestrado ou de Doutorado comprove o conhecimento em pelo menos uma l\u00edngua estrangeira, conforme crit\u00e9rios definidos pelo Programa de P\u00f3s-Gradua\u00e7\u00e3o. Caber\u00e1 ao estudante obter a(s) aprova\u00e7\u00e3o(\u00f5es) na(s) Profici\u00eancia(s) em L\u00edngua(s) Estrangeira(s) at\u00e9 a realiza\u00e7\u00e3o do exame de qualifica\u00e7\u00e3o. A(s) profici\u00eancia(s) em L\u00edngua(s) Estrangeira(s) ser\u00e1(\u00e3o) definida(s) de acordo com [&hellip;]<\/p>\n","protected":false},"author":8,"featured_media":0,"parent":0,"menu_order":0,"comment_status":"closed","ping_status":"closed","template":"","meta":{"footnotes":""},"class_list":["post-1970","page","type-page","status-publish","hentry"],"acf":[],"_links":{"self":[{"href":"https:\/\/sites.uel.br\/pdi\/wp-json\/wp\/v2\/pages\/1970","targetHints":{"allow":["GET"]}}],"collection":[{"href":"https:\/\/sites.uel.br\/pdi\/wp-json\/wp\/v2\/pages"}],"about":[{"href":"https:\/\/sites.uel.br\/pdi\/wp-json\/wp\/v2\/types\/page"}],"author":[{"embeddable":true,"href":"https:\/\/sites.uel.br\/pdi\/wp-json\/wp\/v2\/users\/8"}],"replies":[{"embeddable":true,"href":"https:\/\/sites.uel.br\/pdi\/wp-json\/wp\/v2\/comments?post=1970"}],"version-history":[{"count":1,"href":"https:\/\/sites.uel.br\/pdi\/wp-json\/wp\/v2\/pages\/1970\/revisions"}],"predecessor-version":[{"id":1971,"href":"https:\/\/sites.uel.br\/pdi\/wp-json\/wp\/v2\/pages\/1970\/revisions\/1971"}],"wp:attachment":[{"href":"https:\/\/sites.uel.br\/pdi\/wp-json\/wp\/v2\/media?parent=1970"}],"curies":[{"name":"wp","href":"https:\/\/api.w.org\/{rel}","templated":true}]}}