{"id":1968,"date":"2022-11-07T21:00:11","date_gmt":"2022-11-08T00:00:11","guid":{"rendered":"https:\/\/sites.uel.br\/pdi\/?page_id=1968"},"modified":"2022-11-07T21:00:11","modified_gmt":"2022-11-08T00:00:11","slug":"pos-graduacao-stricto-sensu-exame-de-qualificacao","status":"publish","type":"page","link":"https:\/\/sites.uel.br\/pdi\/pos-graduacao-stricto-sensu-exame-de-qualificacao\/","title":{"rendered":"P\u00f3s Gradua\u00e7\u00e3o Stricto Sensu &#8211; Exame de Qualifica\u00e7\u00e3o"},"content":{"rendered":"\n<p class=\"has-white-color has-text-color\">.<\/p>\n\n\n\n<p>O Exame de Qualifica\u00e7\u00e3o dever\u00e1 ser requerido pelos estudantes ap\u00f3s aprova\u00e7\u00e3o de profici\u00eancia e integraliza\u00e7\u00e3o dos cr\u00e9ditos exigidos pelo Programa, excetuados aqueles em Disserta\u00e7\u00e3o, Tese, Atividades Especiais, Programadas ou outras definidas pelo Programa, observado o seguinte:<\/p>\n\n\n\n<ul class=\"wp-block-list\">\n<li>Ser\u00e1 realizado em conformidade com as normas estabelecidas no Regimento do Programa;<\/li>\n\n\n\n<li>O resultado do exame ser\u00e1 de aprova\u00e7\u00e3o ou reprova\u00e7\u00e3o;<\/li>\n\n\n\n<li>Ser\u00e1 permitida apenas uma repeti\u00e7\u00e3o do exame de qualifica\u00e7\u00e3o, num prazo nunca superior a um per\u00edodo letivo para o Mestrado e a dois para o Doutorado.<\/li>\n<\/ul>\n\n\n\n<p class=\"has-text-align-center\">O texto est\u00e1 dispon\u00edvel na(s) seguinte(s) refer\u00eancia(s):&nbsp;<\/p>\n\n\n\n<p class=\"has-text-align-center\">REGIMENTO GERAL DA UEL, RESOLU\u00c7\u00c3O CEPE 033\/2014, RESOLU\u00c7\u00c3O CEPE 037\/2016<\/p>\n","protected":false},"excerpt":{"rendered":"<p>. O Exame de Qualifica\u00e7\u00e3o dever\u00e1 ser requerido pelos estudantes ap\u00f3s aprova\u00e7\u00e3o de profici\u00eancia e integraliza\u00e7\u00e3o dos cr\u00e9ditos exigidos pelo Programa, excetuados aqueles em Disserta\u00e7\u00e3o, Tese, Atividades Especiais, Programadas ou outras definidas pelo Programa, observado o seguinte: O texto est\u00e1 dispon\u00edvel na(s) seguinte(s) refer\u00eancia(s):&nbsp; REGIMENTO GERAL DA UEL, RESOLU\u00c7\u00c3O CEPE 033\/2014, RESOLU\u00c7\u00c3O CEPE 037\/2016<\/p>\n","protected":false},"author":8,"featured_media":0,"parent":0,"menu_order":0,"comment_status":"closed","ping_status":"closed","template":"","meta":{"footnotes":""},"class_list":["post-1968","page","type-page","status-publish","hentry"],"acf":[],"_links":{"self":[{"href":"https:\/\/sites.uel.br\/pdi\/wp-json\/wp\/v2\/pages\/1968","targetHints":{"allow":["GET"]}}],"collection":[{"href":"https:\/\/sites.uel.br\/pdi\/wp-json\/wp\/v2\/pages"}],"about":[{"href":"https:\/\/sites.uel.br\/pdi\/wp-json\/wp\/v2\/types\/page"}],"author":[{"embeddable":true,"href":"https:\/\/sites.uel.br\/pdi\/wp-json\/wp\/v2\/users\/8"}],"replies":[{"embeddable":true,"href":"https:\/\/sites.uel.br\/pdi\/wp-json\/wp\/v2\/comments?post=1968"}],"version-history":[{"count":1,"href":"https:\/\/sites.uel.br\/pdi\/wp-json\/wp\/v2\/pages\/1968\/revisions"}],"predecessor-version":[{"id":1969,"href":"https:\/\/sites.uel.br\/pdi\/wp-json\/wp\/v2\/pages\/1968\/revisions\/1969"}],"wp:attachment":[{"href":"https:\/\/sites.uel.br\/pdi\/wp-json\/wp\/v2\/media?parent=1968"}],"curies":[{"name":"wp","href":"https:\/\/api.w.org\/{rel}","templated":true}]}}