{"id":1966,"date":"2022-11-07T20:58:51","date_gmt":"2022-11-07T23:58:51","guid":{"rendered":"https:\/\/sites.uel.br\/pdi\/?page_id=1966"},"modified":"2022-11-07T20:58:51","modified_gmt":"2022-11-07T23:58:51","slug":"pos-graduacao-normas-para-defesa-de-dissertacao-ou-tese","status":"publish","type":"page","link":"https:\/\/sites.uel.br\/pdi\/pos-graduacao-normas-para-defesa-de-dissertacao-ou-tese\/","title":{"rendered":"P\u00f3s-Gradua\u00e7\u00e3o &#8211; Normas para Defesa de Disserta\u00e7\u00e3o ou Tese"},"content":{"rendered":"\n<p class=\"has-text-color\" style=\"color:#fefefe\">.<\/p>\n\n\n\n<p>Cumpridas as exig\u00eancias do Programa de P\u00f3s-Gradua\u00e7\u00e3o Stricto Sensu, o estudante dever\u00e1 entregar quantos exemplares forem determinados pela Coordena\u00e7\u00e3o do Programa.<\/p>\n\n\n\n<ul class=\"wp-block-list\">\n<li>A disserta\u00e7\u00e3o ou Tese dever\u00e1 atender as normas de apresenta\u00e7\u00e3o recomendadas pela Coordena\u00e7\u00e3o do Programa.<\/li>\n\n\n\n<li>Na entrega da Disserta\u00e7\u00e3o ou Tese para defesa o estudante dever\u00e1 estar regularmente matriculado no Programa.<\/li>\n<\/ul>\n\n\n\n<p>Caber\u00e1 ao orientador a indica\u00e7\u00e3o dos componentes da Banca Examinadora aprovada pela Coordena\u00e7\u00e3o do Programa.<\/p>\n\n\n\n<p>A Banca Examinadora de Disserta\u00e7\u00e3o ou Tese ser\u00e1 composta por no m\u00ednimo tr\u00eas membros para o Mestrado e por no m\u00ednimo cinco membros para o Doutorado, portadores do t\u00edtulo de Doutor.<\/p>\n\n\n\n<ul class=\"wp-block-list\">\n<li>A Banca ser\u00e1 composta pelo orientador da Disserta\u00e7\u00e3o ou Tese e por pelo menos um membro externo ao Programa para o Mestrado e por pelo menos dois membros externos para o Doutorado, portadores do t\u00edtulo de Doutor.<\/li>\n\n\n\n<li>O coorientador indicado nos termos da Resolu\u00e7\u00e3o CEPE 037\/2016 poder\u00e1 substituir o orientador na Banca Examinadora.<\/li>\n\n\n\n<li>Ser\u00e3o designados, ainda, dois suplentes para cobrirem as eventuais faltas dos titulares, sendo que o primeiro suplente n\u00e3o poder\u00e1 pertencer ao corpo docente do Programa.<\/li>\n\n\n\n<li>A presid\u00eancia ser\u00e1 exercida pelo orientador ou coorientador da Disserta\u00e7\u00e3o ou Tese.<\/li>\n\n\n\n<li>Na falta ou impedimento do orientador ou do coorientador, quando houver, a PROPPG homologar\u00e1 um substituto, indicado pela Coordena\u00e7\u00e3o do Programa.<\/li>\n<\/ul>\n\n\n\n<p class=\"has-text-align-center\">O texto est\u00e1 dispon\u00edvel na(s) seguinte(s) refer\u00eancia(s):&nbsp;<\/p>\n\n\n\n<p class=\"has-text-align-center\">REGIMENTO GERAL DA UEL, RESOLU\u00c7\u00c3O CEPE 033\/2014, RESOLU\u00c7\u00c3O CEPE 037\/2016<\/p>\n","protected":false},"excerpt":{"rendered":"<p>. Cumpridas as exig\u00eancias do Programa de P\u00f3s-Gradua\u00e7\u00e3o Stricto Sensu, o estudante dever\u00e1 entregar quantos exemplares forem determinados pela Coordena\u00e7\u00e3o do Programa. Caber\u00e1 ao orientador a indica\u00e7\u00e3o dos componentes da Banca Examinadora aprovada pela Coordena\u00e7\u00e3o do Programa. A Banca Examinadora de Disserta\u00e7\u00e3o ou Tese ser\u00e1 composta por no m\u00ednimo tr\u00eas membros para o Mestrado e [&hellip;]<\/p>\n","protected":false},"author":8,"featured_media":0,"parent":0,"menu_order":0,"comment_status":"closed","ping_status":"closed","template":"","meta":{"footnotes":""},"class_list":["post-1966","page","type-page","status-publish","hentry"],"acf":[],"_links":{"self":[{"href":"https:\/\/sites.uel.br\/pdi\/wp-json\/wp\/v2\/pages\/1966","targetHints":{"allow":["GET"]}}],"collection":[{"href":"https:\/\/sites.uel.br\/pdi\/wp-json\/wp\/v2\/pages"}],"about":[{"href":"https:\/\/sites.uel.br\/pdi\/wp-json\/wp\/v2\/types\/page"}],"author":[{"embeddable":true,"href":"https:\/\/sites.uel.br\/pdi\/wp-json\/wp\/v2\/users\/8"}],"replies":[{"embeddable":true,"href":"https:\/\/sites.uel.br\/pdi\/wp-json\/wp\/v2\/comments?post=1966"}],"version-history":[{"count":1,"href":"https:\/\/sites.uel.br\/pdi\/wp-json\/wp\/v2\/pages\/1966\/revisions"}],"predecessor-version":[{"id":1967,"href":"https:\/\/sites.uel.br\/pdi\/wp-json\/wp\/v2\/pages\/1966\/revisions\/1967"}],"wp:attachment":[{"href":"https:\/\/sites.uel.br\/pdi\/wp-json\/wp\/v2\/media?parent=1966"}],"curies":[{"name":"wp","href":"https:\/\/api.w.org\/{rel}","templated":true}]}}