{"id":1957,"date":"2022-11-07T20:51:03","date_gmt":"2022-11-07T23:51:03","guid":{"rendered":"https:\/\/sites.uel.br\/pdi\/?page_id=1957"},"modified":"2022-11-13T11:17:41","modified_gmt":"2022-11-13T14:17:41","slug":"pos-graduacao-stricto-sensu","status":"publish","type":"page","link":"https:\/\/sites.uel.br\/pdi\/pos-graduacao-stricto-sensu\/","title":{"rendered":"P\u00f3s-Gradua\u00e7\u00e3o Stricto Sensu"},"content":{"rendered":"\n<p class=\"has-white-color has-text-color\">.<\/p>\n\n\n\n<div class=\"wp-block-columns is-not-stacked-on-mobile is-layout-flex wp-container-core-columns-is-layout-9d6595d7 wp-block-columns-is-layout-flex\">\n<div class=\"wp-block-column is-layout-flow wp-block-column-is-layout-flow\">\n<figure class=\"wp-block-gallery has-nested-images columns-default is-cropped wp-block-gallery-1 is-layout-flex wp-block-gallery-is-layout-flex\">\n<figure class=\"wp-block-image size-large\"><a href=\"https:\/\/sites.uel.br\/pdi\/pos-graduacao-stricto-sensu-objetivos\/\"><img loading=\"lazy\" decoding=\"async\" width=\"1024\" height=\"572\" data-id=\"2689\" src=\"https:\/\/sites.uel.br\/pdi\/wp-content\/uploads\/2022\/11\/PG11-1024x572.png\" alt=\"\" class=\"wp-image-2689\" srcset=\"https:\/\/sites.uel.br\/pdi\/wp-content\/uploads\/2022\/11\/PG11-1024x572.png 1024w, https:\/\/sites.uel.br\/pdi\/wp-content\/uploads\/2022\/11\/PG11-300x168.png 300w, https:\/\/sites.uel.br\/pdi\/wp-content\/uploads\/2022\/11\/PG11-768x429.png 768w, https:\/\/sites.uel.br\/pdi\/wp-content\/uploads\/2022\/11\/PG11-1536x858.png 1536w, https:\/\/sites.uel.br\/pdi\/wp-content\/uploads\/2022\/11\/PG11.png 1987w\" sizes=\"auto, (max-width: 1024px) 100vw, 1024px\" \/><\/a><\/figure>\n<\/figure>\n<\/div>\n\n\n\n<div class=\"wp-block-column is-layout-flow wp-block-column-is-layout-flow\">\n<figure class=\"wp-block-gallery has-nested-images columns-default is-cropped wp-block-gallery-2 is-layout-flex wp-block-gallery-is-layout-flex\">\n<figure class=\"wp-block-image size-large\"><a href=\"https:\/\/sites.uel.br\/pdi\/pos-graduacao-stricto-sensu-estrutura-curricular\/\"><img loading=\"lazy\" decoding=\"async\" width=\"1024\" height=\"572\" data-id=\"2673\" src=\"https:\/\/sites.uel.br\/pdi\/wp-content\/uploads\/2022\/11\/PG02-1024x572.png\" alt=\"\" class=\"wp-image-2673\" srcset=\"https:\/\/sites.uel.br\/pdi\/wp-content\/uploads\/2022\/11\/PG02-1024x572.png 1024w, https:\/\/sites.uel.br\/pdi\/wp-content\/uploads\/2022\/11\/PG02-300x168.png 300w, https:\/\/sites.uel.br\/pdi\/wp-content\/uploads\/2022\/11\/PG02-768x429.png 768w, https:\/\/sites.uel.br\/pdi\/wp-content\/uploads\/2022\/11\/PG02-1536x858.png 1536w, https:\/\/sites.uel.br\/pdi\/wp-content\/uploads\/2022\/11\/PG02.png 1987w\" sizes=\"auto, (max-width: 1024px) 100vw, 1024px\" \/><\/a><\/figure>\n<\/figure>\n<\/div>\n\n\n\n<div class=\"wp-block-column is-layout-flow wp-block-column-is-layout-flow\">\n<figure class=\"wp-block-gallery has-nested-images columns-default is-cropped wp-block-gallery-3 is-layout-flex wp-block-gallery-is-layout-flex\">\n<figure class=\"wp-block-image size-large\"><a href=\"https:\/\/sites.uel.br\/pdi\/pos-graduacao-stricto-sensu-avaliacao\/\"><img loading=\"lazy\" decoding=\"async\" width=\"1024\" height=\"572\" data-id=\"2674\" src=\"https:\/\/sites.uel.br\/pdi\/wp-content\/uploads\/2022\/11\/PG03-1024x572.png\" alt=\"\" class=\"wp-image-2674\" srcset=\"https:\/\/sites.uel.br\/pdi\/wp-content\/uploads\/2022\/11\/PG03-1024x572.png 1024w, https:\/\/sites.uel.br\/pdi\/wp-content\/uploads\/2022\/11\/PG03-300x168.png 300w, https:\/\/sites.uel.br\/pdi\/wp-content\/uploads\/2022\/11\/PG03-768x429.png 768w, https:\/\/sites.uel.br\/pdi\/wp-content\/uploads\/2022\/11\/PG03-1536x858.png 1536w, https:\/\/sites.uel.br\/pdi\/wp-content\/uploads\/2022\/11\/PG03.png 1987w\" sizes=\"auto, (max-width: 1024px) 100vw, 1024px\" \/><\/a><\/figure>\n<\/figure>\n<\/div>\n<\/div>\n\n\n\n<div class=\"wp-block-columns is-not-stacked-on-mobile is-layout-flex wp-container-core-columns-is-layout-9d6595d7 wp-block-columns-is-layout-flex\">\n<div class=\"wp-block-column is-layout-flow wp-block-column-is-layout-flow\">\n<figure class=\"wp-block-gallery has-nested-images columns-default is-cropped wp-block-gallery-4 is-layout-flex wp-block-gallery-is-layout-flex\">\n<figure class=\"wp-block-image size-large\"><a href=\"https:\/\/sites.uel.br\/pdi\/pos-graduacao-stricto-sensu-titulos\/\"><img loading=\"lazy\" decoding=\"async\" width=\"1024\" height=\"572\" data-id=\"2676\" src=\"https:\/\/sites.uel.br\/pdi\/wp-content\/uploads\/2022\/11\/PG05-1024x572.png\" alt=\"\" class=\"wp-image-2676\" srcset=\"https:\/\/sites.uel.br\/pdi\/wp-content\/uploads\/2022\/11\/PG05-1024x572.png 1024w, https:\/\/sites.uel.br\/pdi\/wp-content\/uploads\/2022\/11\/PG05-300x168.png 300w, https:\/\/sites.uel.br\/pdi\/wp-content\/uploads\/2022\/11\/PG05-768x429.png 768w, https:\/\/sites.uel.br\/pdi\/wp-content\/uploads\/2022\/11\/PG05-1536x858.png 1536w, https:\/\/sites.uel.br\/pdi\/wp-content\/uploads\/2022\/11\/PG05.png 1987w\" sizes=\"auto, (max-width: 1024px) 100vw, 1024px\" \/><\/a><\/figure>\n<\/figure>\n<\/div>\n\n\n\n<div class=\"wp-block-column is-layout-flow wp-block-column-is-layout-flow\">\n<figure class=\"wp-block-gallery has-nested-images columns-default is-cropped wp-block-gallery-5 is-layout-flex wp-block-gallery-is-layout-flex\">\n<figure class=\"wp-block-image size-large\"><a href=\"https:\/\/sites.uel.br\/pdi\/pos-graduacao-stricto-sensu-proficiencia-em-lingua-estrangeira\/\"><img loading=\"lazy\" decoding=\"async\" width=\"1024\" height=\"572\" data-id=\"2679\" src=\"https:\/\/sites.uel.br\/pdi\/wp-content\/uploads\/2022\/11\/PG06-1024x572.png\" alt=\"\" class=\"wp-image-2679\" srcset=\"https:\/\/sites.uel.br\/pdi\/wp-content\/uploads\/2022\/11\/PG06-1024x572.png 1024w, https:\/\/sites.uel.br\/pdi\/wp-content\/uploads\/2022\/11\/PG06-300x168.png 300w, https:\/\/sites.uel.br\/pdi\/wp-content\/uploads\/2022\/11\/PG06-768x429.png 768w, https:\/\/sites.uel.br\/pdi\/wp-content\/uploads\/2022\/11\/PG06-1536x858.png 1536w, https:\/\/sites.uel.br\/pdi\/wp-content\/uploads\/2022\/11\/PG06.png 1987w\" sizes=\"auto, (max-width: 1024px) 100vw, 1024px\" \/><\/a><\/figure>\n<\/figure>\n<\/div>\n\n\n\n<div class=\"wp-block-column is-layout-flow wp-block-column-is-layout-flow\">\n<figure class=\"wp-block-gallery has-nested-images columns-default is-cropped wp-block-gallery-6 is-layout-flex wp-block-gallery-is-layout-flex\">\n<figure class=\"wp-block-image size-large\"><a href=\"https:\/\/sites.uel.br\/pdi\/pos-graduacao-stricto-sensu-exame-de-qualificacao\/\"><img loading=\"lazy\" decoding=\"async\" width=\"1024\" height=\"572\" data-id=\"2680\" src=\"https:\/\/sites.uel.br\/pdi\/wp-content\/uploads\/2022\/11\/pg07-1024x572.png\" alt=\"\" class=\"wp-image-2680\" srcset=\"https:\/\/sites.uel.br\/pdi\/wp-content\/uploads\/2022\/11\/pg07-1024x572.png 1024w, https:\/\/sites.uel.br\/pdi\/wp-content\/uploads\/2022\/11\/pg07-300x168.png 300w, https:\/\/sites.uel.br\/pdi\/wp-content\/uploads\/2022\/11\/pg07-768x429.png 768w, https:\/\/sites.uel.br\/pdi\/wp-content\/uploads\/2022\/11\/pg07-1536x858.png 1536w, https:\/\/sites.uel.br\/pdi\/wp-content\/uploads\/2022\/11\/pg07.png 1987w\" sizes=\"auto, (max-width: 1024px) 100vw, 1024px\" \/><\/a><\/figure>\n<\/figure>\n<\/div>\n<\/div>\n\n\n\n<div class=\"wp-block-columns is-not-stacked-on-mobile is-layout-flex wp-container-core-columns-is-layout-9d6595d7 wp-block-columns-is-layout-flex\">\n<div class=\"wp-block-column is-layout-flow wp-block-column-is-layout-flow\">\n<figure class=\"wp-block-gallery has-nested-images columns-default is-cropped wp-block-gallery-7 is-layout-flex wp-block-gallery-is-layout-flex\">\n<figure class=\"wp-block-image size-large\"><a href=\"https:\/\/sites.uel.br\/pdi\/pos-graduacao-normas-para-defesa-de-dissertacao-ou-tese\/\"><img loading=\"lazy\" decoding=\"async\" width=\"1024\" height=\"572\" data-id=\"2681\" src=\"https:\/\/sites.uel.br\/pdi\/wp-content\/uploads\/2022\/11\/pg08-1024x572.png\" alt=\"\" class=\"wp-image-2681\" srcset=\"https:\/\/sites.uel.br\/pdi\/wp-content\/uploads\/2022\/11\/pg08-1024x572.png 1024w, https:\/\/sites.uel.br\/pdi\/wp-content\/uploads\/2022\/11\/pg08-300x168.png 300w, https:\/\/sites.uel.br\/pdi\/wp-content\/uploads\/2022\/11\/pg08-768x429.png 768w, https:\/\/sites.uel.br\/pdi\/wp-content\/uploads\/2022\/11\/pg08-1536x858.png 1536w, https:\/\/sites.uel.br\/pdi\/wp-content\/uploads\/2022\/11\/pg08.png 1987w\" sizes=\"auto, (max-width: 1024px) 100vw, 1024px\" \/><\/a><\/figure>\n<\/figure>\n<\/div>\n\n\n\n<div class=\"wp-block-column is-layout-flow wp-block-column-is-layout-flow\">\n<figure class=\"wp-block-gallery has-nested-images columns-default is-cropped wp-block-gallery-8 is-layout-flex wp-block-gallery-is-layout-flex\">\n<figure class=\"wp-block-image size-large\"><a href=\"https:\/\/sites.uel.br\/pdi\/pos-graduacao-stricto-sensu-defesa-da-dissertacao-ou-tese\/\"><img loading=\"lazy\" decoding=\"async\" width=\"1024\" height=\"572\" data-id=\"2682\" src=\"https:\/\/sites.uel.br\/pdi\/wp-content\/uploads\/2022\/11\/pg09-1024x572.png\" alt=\"\" class=\"wp-image-2682\" srcset=\"https:\/\/sites.uel.br\/pdi\/wp-content\/uploads\/2022\/11\/pg09-1024x572.png 1024w, https:\/\/sites.uel.br\/pdi\/wp-content\/uploads\/2022\/11\/pg09-300x168.png 300w, https:\/\/sites.uel.br\/pdi\/wp-content\/uploads\/2022\/11\/pg09-768x429.png 768w, https:\/\/sites.uel.br\/pdi\/wp-content\/uploads\/2022\/11\/pg09-1536x858.png 1536w, https:\/\/sites.uel.br\/pdi\/wp-content\/uploads\/2022\/11\/pg09.png 1987w\" sizes=\"auto, (max-width: 1024px) 100vw, 1024px\" \/><\/a><\/figure>\n<\/figure>\n<\/div>\n\n\n\n<div class=\"wp-block-column is-layout-flow wp-block-column-is-layout-flow\">\n<figure class=\"wp-block-gallery has-nested-images columns-default is-cropped wp-block-gallery-9 is-layout-flex wp-block-gallery-is-layout-flex\">\n<figure class=\"wp-block-image size-large\"><a href=\"https:\/\/sites.uel.br\/pdi\/pos-graduacao-stricto-sensu-julgamento\/\"><img loading=\"lazy\" decoding=\"async\" width=\"1024\" height=\"572\" data-id=\"2683\" src=\"https:\/\/sites.uel.br\/pdi\/wp-content\/uploads\/2022\/11\/pg10-1024x572.png\" alt=\"\" class=\"wp-image-2683\" srcset=\"https:\/\/sites.uel.br\/pdi\/wp-content\/uploads\/2022\/11\/pg10-1024x572.png 1024w, https:\/\/sites.uel.br\/pdi\/wp-content\/uploads\/2022\/11\/pg10-300x168.png 300w, https:\/\/sites.uel.br\/pdi\/wp-content\/uploads\/2022\/11\/pg10-768x429.png 768w, https:\/\/sites.uel.br\/pdi\/wp-content\/uploads\/2022\/11\/pg10-1536x858.png 1536w, https:\/\/sites.uel.br\/pdi\/wp-content\/uploads\/2022\/11\/pg10.png 1987w\" sizes=\"auto, (max-width: 1024px) 100vw, 1024px\" \/><\/a><\/figure>\n<\/figure>\n<\/div>\n<\/div>\n\n\n\n<p><\/p>\n","protected":false},"excerpt":{"rendered":"<p>.<\/p>\n","protected":false},"author":8,"featured_media":0,"parent":0,"menu_order":0,"comment_status":"closed","ping_status":"closed","template":"","meta":{"footnotes":""},"class_list":["post-1957","page","type-page","status-publish","hentry"],"acf":[],"_links":{"self":[{"href":"https:\/\/sites.uel.br\/pdi\/wp-json\/wp\/v2\/pages\/1957","targetHints":{"allow":["GET"]}}],"collection":[{"href":"https:\/\/sites.uel.br\/pdi\/wp-json\/wp\/v2\/pages"}],"about":[{"href":"https:\/\/sites.uel.br\/pdi\/wp-json\/wp\/v2\/types\/page"}],"author":[{"embeddable":true,"href":"https:\/\/sites.uel.br\/pdi\/wp-json\/wp\/v2\/users\/8"}],"replies":[{"embeddable":true,"href":"https:\/\/sites.uel.br\/pdi\/wp-json\/wp\/v2\/comments?post=1957"}],"version-history":[{"count":6,"href":"https:\/\/sites.uel.br\/pdi\/wp-json\/wp\/v2\/pages\/1957\/revisions"}],"predecessor-version":[{"id":2690,"href":"https:\/\/sites.uel.br\/pdi\/wp-json\/wp\/v2\/pages\/1957\/revisions\/2690"}],"wp:attachment":[{"href":"https:\/\/sites.uel.br\/pdi\/wp-json\/wp\/v2\/media?parent=1957"}],"curies":[{"name":"wp","href":"https:\/\/api.w.org\/{rel}","templated":true}]}}