{"id":192,"date":"2022-09-07T14:53:31","date_gmt":"2022-09-07T17:53:31","guid":{"rendered":"https:\/\/sites.uel.br\/pdi\/?page_id=192"},"modified":"2023-10-11T14:51:37","modified_gmt":"2023-10-11T17:51:37","slug":"macroetapa-i-atividades-preparatorias-para-a-elaboracao-do-pdi","status":"publish","type":"page","link":"https:\/\/sites.uel.br\/pdi\/macroetapa-i-atividades-preparatorias-para-a-elaboracao-do-pdi\/","title":{"rendered":"Macroetapa I &#8211; ATIVIDADES PREPARAT\u00d3RIAS PARA A ELABORA\u00c7\u00c3O DO PDI"},"content":{"rendered":"\n<p class=\"has-text-color\" style=\"color:#f7f7f7\">&#8211;<\/p>\n\n\n\n<p>A&nbsp;<strong>Macroetapa I<\/strong>, relacionada \u00e0s&nbsp;<strong>Atividades Preparat\u00f3rias para a Elabora\u00e7\u00e3o do PDI<\/strong>, de acordo com Sant\u2019Anna e demais autores (2017), contempla os seguintes pontos de aten\u00e7\u00e3o, em termos de a\u00e7\u00f5es e decis\u00f5es: proposta de trabalho das equipes respons\u00e1veis pela elabora\u00e7\u00e3o do PDI e registro de todas as li\u00e7\u00f5es aprendidas e pontos de aprimoramento identificados no processo de desenvolvimento do PDI.<\/p>\n\n\n\n<p>Ap\u00f3s a apresenta\u00e7\u00e3o do Plano de Trabalho das Equipes Respons\u00e1veis pela Elabora\u00e7\u00e3o do PDI e da consolida\u00e7\u00e3o de arquivos para preserva\u00e7\u00e3o de mem\u00f3ria organizacional sobre as boas pr\u00e1ticas reconhecidas durante a constru\u00e7\u00e3o do PDI, a Macroetapa I, referente \u00e0s Atividades Preparat\u00f3rias para a Elabora\u00e7\u00e3o do PDI, foi complementada com a introdu\u00e7\u00e3o do Eixo Tem\u00e1tico I, respons\u00e1vel pela descri\u00e7\u00e3o do Perfil Institucional da UEL.<\/p>\n\n\n\n<p>A arte apresentada em sequ\u00eancia descreve as atividades inerentes \u00e0 Macroetapa I &#8211; Atividades Preparat\u00f3rias para a Elabora\u00e7\u00e3o do PDI UEL 2024-2028.<\/p>\n\n\n\n<div class=\"wp-block-columns is-layout-flex wp-container-core-columns-is-layout-9d6595d7 wp-block-columns-is-layout-flex\">\n<div class=\"wp-block-column is-layout-flow wp-block-column-is-layout-flow\">\n<figure class=\"wp-block-gallery has-nested-images columns-default is-cropped wp-block-gallery-1 is-layout-flex wp-block-gallery-is-layout-flex\">\n<figure class=\"wp-block-image size-large\"><img loading=\"lazy\" decoding=\"async\" width=\"2420\" height=\"702\" data-id=\"72\" src=\"https:\/\/sites.uel.br\/pdi\/wp-content\/uploads\/2022\/09\/site-MACROETAPAI.jpg\" alt=\"Figura 2 \u2013 Metodologia de Elabora\u00e7\u00e3o do PDI \u2013 Macroetapa I \u2013 Atividades de Preparat\u00f3rias\" class=\"wp-image-72\" srcset=\"https:\/\/sites.uel.br\/pdi\/wp-content\/uploads\/2022\/09\/site-MACROETAPAI.jpg 2420w, https:\/\/sites.uel.br\/pdi\/wp-content\/uploads\/2022\/09\/site-MACROETAPAI-300x87.jpg 300w, https:\/\/sites.uel.br\/pdi\/wp-content\/uploads\/2022\/09\/site-MACROETAPAI-1024x297.jpg 1024w, https:\/\/sites.uel.br\/pdi\/wp-content\/uploads\/2022\/09\/site-MACROETAPAI-768x223.jpg 768w, https:\/\/sites.uel.br\/pdi\/wp-content\/uploads\/2022\/09\/site-MACROETAPAI-1536x446.jpg 1536w, https:\/\/sites.uel.br\/pdi\/wp-content\/uploads\/2022\/09\/site-MACROETAPAI-2048x594.jpg 2048w\" sizes=\"auto, (max-width: 2420px) 100vw, 2420px\" \/><figcaption class=\"wp-element-caption\">Macroetapa I \u2013 Atividades de Preparat\u00f3rias para a Elabora\u00e7\u00e3o do PDI UEL 2023-2027<\/figcaption><\/figure>\n<\/figure>\n<\/div>\n<\/div>\n\n\n\n<p><strong>Fonte<\/strong>: UEL\/PROPLAN\/DAII<\/p>\n","protected":false},"excerpt":{"rendered":"<p>&#8211; A&nbsp;Macroetapa I, relacionada \u00e0s&nbsp;Atividades Preparat\u00f3rias para a Elabora\u00e7\u00e3o do PDI, de acordo com Sant\u2019Anna e demais autores (2017), contempla os seguintes pontos de aten\u00e7\u00e3o, em termos de a\u00e7\u00f5es e decis\u00f5es: proposta de trabalho das equipes respons\u00e1veis pela elabora\u00e7\u00e3o do PDI e registro de todas as li\u00e7\u00f5es aprendidas e pontos de aprimoramento identificados no processo [&hellip;]<\/p>\n","protected":false},"author":8,"featured_media":0,"parent":0,"menu_order":0,"comment_status":"closed","ping_status":"closed","template":"","meta":{"footnotes":""},"class_list":["post-192","page","type-page","status-publish","hentry"],"acf":[],"_links":{"self":[{"href":"https:\/\/sites.uel.br\/pdi\/wp-json\/wp\/v2\/pages\/192","targetHints":{"allow":["GET"]}}],"collection":[{"href":"https:\/\/sites.uel.br\/pdi\/wp-json\/wp\/v2\/pages"}],"about":[{"href":"https:\/\/sites.uel.br\/pdi\/wp-json\/wp\/v2\/types\/page"}],"author":[{"embeddable":true,"href":"https:\/\/sites.uel.br\/pdi\/wp-json\/wp\/v2\/users\/8"}],"replies":[{"embeddable":true,"href":"https:\/\/sites.uel.br\/pdi\/wp-json\/wp\/v2\/comments?post=192"}],"version-history":[{"count":5,"href":"https:\/\/sites.uel.br\/pdi\/wp-json\/wp\/v2\/pages\/192\/revisions"}],"predecessor-version":[{"id":4191,"href":"https:\/\/sites.uel.br\/pdi\/wp-json\/wp\/v2\/pages\/192\/revisions\/4191"}],"wp:attachment":[{"href":"https:\/\/sites.uel.br\/pdi\/wp-json\/wp\/v2\/media?parent=192"}],"curies":[{"name":"wp","href":"https:\/\/api.w.org\/{rel}","templated":true}]}}