{"id":1919,"date":"2022-11-02T16:49:38","date_gmt":"2022-11-02T19:49:38","guid":{"rendered":"https:\/\/sites.uel.br\/pdi\/?page_id=1919"},"modified":"2022-11-02T16:49:38","modified_gmt":"2022-11-02T19:49:38","slug":"stricto-sensu","status":"publish","type":"page","link":"https:\/\/sites.uel.br\/pdi\/stricto-sensu\/","title":{"rendered":"Stricto Sensu"},"content":{"rendered":"\n<p class=\"has-text-color\" style=\"color:#fefefe\">.<\/p>\n\n\n\n<p><strong>Mestrado Acad\u00eamico<\/strong><\/p>\n\n\n\n<ul class=\"wp-block-list\">\n<li>Administra\u00e7\u00e3o<\/li>\n\n\n\n<li>Agronomia<\/li>\n\n\n\n<li>An\u00e1lise do Comportamento<\/li>\n\n\n\n<li>Arquitetura e Urbanismo<\/li>\n\n\n\n<li>Bionenergia<\/li>\n\n\n\n<li>Biotecnologia<\/li>\n\n\n\n<li>Ci\u00eancia Animal<\/li>\n\n\n\n<li>Ci\u00eancia da Computa\u00e7\u00e3o<\/li>\n\n\n\n<li>Ci\u00eancia da Informa\u00e7\u00e3o<\/li>\n\n\n\n<li>Ci\u00eancia de Alimentos<\/li>\n\n\n\n<li>Ci\u00eancias Biol\u00f3gicas<\/li>\n\n\n\n<li>Ci\u00eancias da Sa\u00fade<\/li>\n\n\n\n<li>Ci\u00eancias de Reabilita\u00e7\u00e3o<\/li>\n\n\n\n<li>Ci\u00eancias Farmac\u00eauticas<\/li>\n\n\n\n<li>Ci\u00eancias Fisiol\u00f3gicas<\/li>\n\n\n\n<li>Comunica\u00e7\u00e3o<\/li>\n\n\n\n<li>Direito Negocial<\/li>\n\n\n\n<li>Economia Regional<\/li>\n\n\n\n<li>Educa\u00e7\u00e3o<\/li>\n\n\n\n<li>Educa\u00e7\u00e3o F\u00edsica<\/li>\n\n\n\n<li>Enfermagem<\/li>\n\n\n\n<li>Engenharia Civil<\/li>\n\n\n\n<li>Engenharia El\u00e9trica<\/li>\n\n\n\n<li>Ensino de Ci\u00eancias e Educa\u00e7\u00e3o Matem\u00e1tica<\/li>\n\n\n\n<li>Estudos da Linguagem<\/li>\n\n\n\n<li>Filosofia<\/li>\n\n\n\n<li>F\u00edsica<\/li>\n\n\n\n<li>Fisiopatologia Cl\u00ednica e Laboratorial<\/li>\n\n\n\n<li>Gen\u00e9tica e Biologia Molecular<\/li>\n\n\n\n<li>Geografia<\/li>\n\n\n\n<li>Hist\u00f3ria Social<\/li>\n\n\n\n<li>Letras<\/li>\n\n\n\n<li>Matem\u00e1tica Aplicada e Computacional<\/li>\n\n\n\n<li>Microbiologia<\/li>\n\n\n\n<li>Multic\u00eantrico em Ci\u00eancias Fisiol\u00f3gicas<\/li>\n\n\n\n<li>Patologia Experimental<\/li>\n\n\n\n<li>Psicologia<\/li>\n\n\n\n<li>Qu\u00edmica<\/li>\n\n\n\n<li>Sa\u00fade Coletiva<\/li>\n\n\n\n<li>Servi\u00e7o Social e Pol\u00edtica Social<\/li>\n\n\n\n<li>Sociologia<\/li>\n<\/ul>\n\n\n\n<p><strong>Mestrado Profissional<\/strong><\/p>\n\n\n\n<ul class=\"wp-block-list\">\n<li>Cl\u00ednicas Veterin\u00e1rias<\/li>\n\n\n\n<li>Ensino de F\u00edsica<\/li>\n\n\n\n<li>Letras<\/li>\n\n\n\n<li>Letras Estrangeiras Modernas<\/li>\n\n\n\n<li>Matem\u00e1tica em Rende Nacional<\/li>\n\n\n\n<li>Qu\u00edmica<\/li>\n\n\n\n<li>Sociologia<\/li>\n<\/ul>\n\n\n\n<p><strong>Doutorado<\/strong><\/p>\n\n\n\n<ul class=\"wp-block-list\">\n<li>Agronomia<\/li>\n\n\n\n<li>An\u00e1lise do Comportamento<\/li>\n\n\n\n<li>Arquitetura e Urbanismo<\/li>\n\n\n\n<li>Biotecnologia<\/li>\n\n\n\n<li>Ci\u00eancia Animal<\/li>\n\n\n\n<li>Ci\u00eancia da Informa\u00e7\u00e3o<\/li>\n\n\n\n<li>Ci\u00eancia de Alimentos<\/li>\n\n\n\n<li>Ci\u00eancias Biol\u00f3gicas<\/li>\n\n\n\n<li>Ci\u00eancias da Reabilita\u00e7\u00e3o<\/li>\n\n\n\n<li>Ci\u00eancias da Sa\u00fade<\/li>\n\n\n\n<li>Ci\u00eancias Fisiol\u00f3gicas<\/li>\n\n\n\n<li>Direito Negocial<\/li>\n\n\n\n<li>Educa\u00e7\u00e3o<\/li>\n\n\n\n<li>Educa\u00e7\u00e3o F\u00edsica<\/li>\n\n\n\n<li>Enfermagem<\/li>\n\n\n\n<li>Engenharia Civil<\/li>\n\n\n\n<li>Engenharia El\u00e9trica<\/li>\n\n\n\n<li>Ensino de Ci\u00eancias e Educa\u00e7\u00e3o Matem\u00e1tica<\/li>\n\n\n\n<li>Estudos da Linguagem<\/li>\n\n\n\n<li>Filosofia<\/li>\n\n\n\n<li>F\u00edsica<\/li>\n\n\n\n<li>Fisiopatologia Cl\u00ednica e Laboratorial<\/li>\n\n\n\n<li>Gen\u00e9tica e Biologia Molecular<\/li>\n\n\n\n<li>Geografia<\/li>\n\n\n\n<li>Letras<\/li>\n\n\n\n<li>Microbiologia<\/li>\n\n\n\n<li>Multic\u00eantrico em Ci\u00eancias Fisiol\u00f3gicas<\/li>\n\n\n\n<li>Patologia Experimental<\/li>\n\n\n\n<li>Qu\u00edmica<\/li>\n\n\n\n<li>Qu\u00edmica (Associa\u00e7\u00e3o UEL\/UEPG\/UNICENTRO)<\/li>\n\n\n\n<li>Sa\u00fade Coletiva<\/li>\n\n\n\n<li>Servi\u00e7o Social e Pol\u00edtica Social<\/li>\n\n\n\n<li>Sociologia<\/li>\n<\/ul>\n","protected":false},"excerpt":{"rendered":"<p>. Mestrado Acad\u00eamico Mestrado Profissional Doutorado<\/p>\n","protected":false},"author":8,"featured_media":0,"parent":0,"menu_order":0,"comment_status":"closed","ping_status":"closed","template":"","meta":{"footnotes":""},"class_list":["post-1919","page","type-page","status-publish","hentry"],"acf":[],"_links":{"self":[{"href":"https:\/\/sites.uel.br\/pdi\/wp-json\/wp\/v2\/pages\/1919","targetHints":{"allow":["GET"]}}],"collection":[{"href":"https:\/\/sites.uel.br\/pdi\/wp-json\/wp\/v2\/pages"}],"about":[{"href":"https:\/\/sites.uel.br\/pdi\/wp-json\/wp\/v2\/types\/page"}],"author":[{"embeddable":true,"href":"https:\/\/sites.uel.br\/pdi\/wp-json\/wp\/v2\/users\/8"}],"replies":[{"embeddable":true,"href":"https:\/\/sites.uel.br\/pdi\/wp-json\/wp\/v2\/comments?post=1919"}],"version-history":[{"count":1,"href":"https:\/\/sites.uel.br\/pdi\/wp-json\/wp\/v2\/pages\/1919\/revisions"}],"predecessor-version":[{"id":1920,"href":"https:\/\/sites.uel.br\/pdi\/wp-json\/wp\/v2\/pages\/1919\/revisions\/1920"}],"wp:attachment":[{"href":"https:\/\/sites.uel.br\/pdi\/wp-json\/wp\/v2\/media?parent=1919"}],"curies":[{"name":"wp","href":"https:\/\/api.w.org\/{rel}","templated":true}]}}