{"id":1914,"date":"2022-11-02T16:39:13","date_gmt":"2022-11-02T19:39:13","guid":{"rendered":"https:\/\/sites.uel.br\/pdi\/?page_id=1914"},"modified":"2022-11-02T16:39:13","modified_gmt":"2022-11-02T19:39:13","slug":"lato-sensu","status":"publish","type":"page","link":"https:\/\/sites.uel.br\/pdi\/lato-sensu\/","title":{"rendered":"Lato Sensu"},"content":{"rendered":"\n<p class=\"has-white-color has-text-color\">.<\/p>\n\n\n\n<p><strong>Especializa\u00e7\u00e3o<\/strong><\/p>\n\n\n\n<ul class=\"wp-block-list\">\n<li>A\u00e7\u00f5es Po\u00e9ticas e Educacionais na Contemporaneidade<\/li>\n\n\n\n<li>An\u00e1lise, Projeto e Ger\u00eancia de Sistemas com \u00eanfase em Intelig\u00eancia em Neg\u00f3cios<\/li>\n\n\n\n<li>An\u00e1lises Cl\u00ednicas<\/li>\n\n\n\n<li>Antropologia: Diferen\u00e7a, Desigualdade e Poder<\/li>\n\n\n\n<li>Biologia Aplicada \u00e0 Sa\u00fade<\/li>\n\n\n\n<li>Biologia Tecidual e do Desenvolvimento<\/li>\n\n\n\n<li>Biotecnologia<\/li>\n\n\n\n<li>Cl\u00ednica Psicanal\u00edtica<\/li>\n\n\n\n<li>Comunica\u00e7\u00e3o e Cultura Pol\u00edtica<\/li>\n\n\n\n<li>Comunica\u00e7\u00e3o Popular e Comunit\u00e1ria<\/li>\n\n\n\n<li>Contabilidade e Controladoria Empresarial<\/li>\n\n\n\n<li>Controle de Infec\u00e7\u00e3o Relacionada \u00e0 Assist\u00eancia \u00e0 Sa\u00fade<\/li>\n\n\n\n<li>Design Digital<\/li>\n\n\n\n<li>Dire\u00e7\u00e3o de Arte: Design e Comunica\u00e7\u00e3o<\/li>\n\n\n\n<li>Direito de Fam\u00edlia e Sucess\u00f5es \u2013 Teoria e Pr\u00e1tica<\/li>\n\n\n\n<li>Direito do Estado<\/li>\n\n\n\n<li>Direito e Processo Civil<\/li>\n\n\n\n<li>Direito e Processo Penal<\/li>\n\n\n\n<li>Direito Empresarial aplicado \u00e0 Era Digital<\/li>\n\n\n\n<li>Direito Previdenci\u00e1rio<\/li>\n\n\n\n<li>Doc\u00eancia na Educa\u00e7\u00e3o Superior<\/li>\n\n\n\n<li>Economia Empresarial<\/li>\n\n\n\n<li>Educa\u00e7\u00e3o de Jovens e Adultos<\/li>\n\n\n\n<li>Educa\u00e7\u00e3o F\u00edsica Inclusiva<\/li>\n\n\n\n<li>Educa\u00e7\u00e3o F\u00edsica na Educa\u00e7\u00e3o B\u00e1sica<\/li>\n\n\n\n<li>Educa\u00e7\u00e3o F\u00edsica na Educa\u00e7\u00e3o B\u00e1sica (EAD)<\/li>\n\n\n\n<li>Engenharia de Estruturas<\/li>\n\n\n\n<li>Engenharia de Seguran\u00e7a do Trabalho<\/li>\n\n\n\n<li>Engenharia de Software<\/li>\n\n\n\n<li>Ensino de Biologia (EAD)<\/li>\n\n\n\n<li>Ensino de Ci\u00eancias \u2013 Anos Finais de Ensino Fundamental (EAD)<\/li>\n\n\n\n<li>Ensino de Ci\u00eancias Biol\u00f3gicas<\/li>\n\n\n\n<li>Ensino de Geografia<\/li>\n\n\n\n<li>Ensino de Ingl\u00eas para Crian\u00e7as (EAD)<\/li>\n\n\n\n<li>Ensino de L\u00edngua Portuguesa e Tecnologia Educacional Digital (EAD)<\/li>\n\n\n\n<li>Ensino de Sociologia<\/li>\n\n\n\n<li>Ergonomia<\/li>\n\n\n\n<li>Estat\u00edstica com \u00eanfase em Pesquisa Quantitativa<\/li>\n\n\n\n<li>Filosofia Pol\u00edtica e Jur\u00eddica<\/li>\n\n\n\n<li>Finan\u00e7as Corporativas<\/li>\n\n\n\n<li>Fisiologia Translacional: da Sa\u00fade \u00e0 Doen\u00e7a<\/li>\n\n\n\n<li>Gen\u00e9tica Aplicada<\/li>\n\n\n\n<li>Gest\u00e3o Cont\u00e1bil e Financeira para Pequenas e M\u00e9dias Empresas<\/li>\n\n\n\n<li>Gest\u00e3o Industrial e Neg\u00f3cios<\/li>\n\n\n\n<li>Gest\u00e3o no Esporte e Lazer<\/li>\n\n\n\n<li>Gest\u00e3o P\u00fablica (EAD)<\/li>\n\n\n\n<li>Gest\u00e3o Tribut\u00e1ria e Contabilidade<\/li>\n\n\n\n<li>L\u00edngua Portuguesa<\/li>\n\n\n\n<li>Machine Learning e Big Data<\/li>\n\n\n\n<li>MBA em Gest\u00e3o de Design: Inovar e Empreender nas Organiza\u00e7\u00f5es<\/li>\n\n\n\n<li>MBA em Gest\u00e3o de Marketing e M\u00eddias Sociais<\/li>\n\n\n\n<li>MBA em Gest\u00e3o de Pessoas e People Experience<\/li>\n\n\n\n<li>Moda: Produto e Comunica\u00e7\u00e3o<\/li>\n\n\n\n<li>Neuroci\u00eancias<\/li>\n\n\n\n<li>Ortodontia<\/li>\n\n\n\n<li>Patrim\u00f4nio e Hist\u00f3ria<\/li>\n\n\n\n<li>Per\u00edcia Cont\u00e1bil e Auditoria<\/li>\n\n\n\n<li>Pol\u00edtica e Gest\u00e3o da Educa\u00e7\u00e3o<\/li>\n\n\n\n<li>Projeto Arquitet\u00f4nico: Composi\u00e7\u00e3o e Tecnologia do Ambiente Constru\u00eddo<\/li>\n\n\n\n<li>Psicopedagogia<\/li>\n\n\n\n<li>Qu\u00edmica para a Educa\u00e7\u00e3o B\u00e1sica (EAD)<\/li>\n\n\n\n<li>Redes de Computadores com enfoque em IoT<\/li>\n\n\n\n<li>Religi\u00f5es e Religiosidades<\/li>\n\n\n\n<li>Sa\u00fade Mental<\/li>\n\n\n\n<li>Sistemas Eletr\u00f4nicos Embarcados<\/li>\n\n\n\n<li>Tecnologias de Inform\u00e1tica na Educa\u00e7\u00e3o (EAD)<\/li>\n\n\n\n<li>Treinamento Esportivo<\/li>\n<\/ul>\n\n\n\n<p><strong>Resid\u00eancia<\/strong><\/p>\n\n\n\n<ul class=\"wp-block-list\">\n<li>Enfermagem<\/li>\n\n\n\n<li>Farm\u00e1cia<\/li>\n\n\n\n<li>Fisioterapia<\/li>\n\n\n\n<li>M\u00e9dica<\/li>\n\n\n\n<li>Medicina Veterin\u00e1ria<\/li>\n\n\n\n<li>Multiprofissional<\/li>\n\n\n\n<li>Odontologia<\/li>\n\n\n\n<li>Odontologia (HU \u2013 Hospital Universit\u00e1rio)<\/li>\n<\/ul>\n","protected":false},"excerpt":{"rendered":"<p>. Especializa\u00e7\u00e3o Resid\u00eancia<\/p>\n","protected":false},"author":8,"featured_media":0,"parent":0,"menu_order":0,"comment_status":"closed","ping_status":"closed","template":"","meta":{"footnotes":""},"class_list":["post-1914","page","type-page","status-publish","hentry"],"acf":[],"_links":{"self":[{"href":"https:\/\/sites.uel.br\/pdi\/wp-json\/wp\/v2\/pages\/1914","targetHints":{"allow":["GET"]}}],"collection":[{"href":"https:\/\/sites.uel.br\/pdi\/wp-json\/wp\/v2\/pages"}],"about":[{"href":"https:\/\/sites.uel.br\/pdi\/wp-json\/wp\/v2\/types\/page"}],"author":[{"embeddable":true,"href":"https:\/\/sites.uel.br\/pdi\/wp-json\/wp\/v2\/users\/8"}],"replies":[{"embeddable":true,"href":"https:\/\/sites.uel.br\/pdi\/wp-json\/wp\/v2\/comments?post=1914"}],"version-history":[{"count":1,"href":"https:\/\/sites.uel.br\/pdi\/wp-json\/wp\/v2\/pages\/1914\/revisions"}],"predecessor-version":[{"id":1915,"href":"https:\/\/sites.uel.br\/pdi\/wp-json\/wp\/v2\/pages\/1914\/revisions\/1915"}],"wp:attachment":[{"href":"https:\/\/sites.uel.br\/pdi\/wp-json\/wp\/v2\/media?parent=1914"}],"curies":[{"name":"wp","href":"https:\/\/api.w.org\/{rel}","templated":true}]}}