{"id":1912,"date":"2022-11-02T16:38:10","date_gmt":"2022-11-02T19:38:10","guid":{"rendered":"https:\/\/sites.uel.br\/pdi\/?page_id=1912"},"modified":"2022-11-02T16:38:10","modified_gmt":"2022-11-02T19:38:10","slug":"colegiados-dos-cursos-de-graduacao","status":"publish","type":"page","link":"https:\/\/sites.uel.br\/pdi\/colegiados-dos-cursos-de-graduacao\/","title":{"rendered":"Colegiados dos Cursos de Gradua\u00e7\u00e3o"},"content":{"rendered":"\n<p class=\"has-white-color has-text-color\">.<\/p>\n\n\n\n<p>S\u00e3o atribui\u00e7\u00f5es dos Colegiados dos Cursos de Gradua\u00e7\u00e3o:<\/p>\n\n\n\n<ul class=\"wp-block-list\">\n<li>Propor o projeto pedag\u00f3gico de cada curso, para aprecia\u00e7\u00e3o da C\u00e2mara de Gradua\u00e7\u00e3o e aprova\u00e7\u00e3o no Conselho de Ensino, Pesquisa e Extens\u00e3o, obedecida a legisla\u00e7\u00e3o vigente.<\/li>\n\n\n\n<li>Propor modifica\u00e7\u00f5es no projeto pedag\u00f3gico, considerando as exig\u00eancias da forma\u00e7\u00e3o profissional pretendida.<\/li>\n\n\n\n<li>Definir o regulamento dos est\u00e1gios e trabalhos de conclus\u00e3o de curso.<\/li>\n\n\n\n<li>Propor normas ao Conselho de Ensino, Pesquisa e Extens\u00e3o para transfer\u00eancias internas e externas.<\/li>\n\n\n\n<li>Submeter, na \u00e9poca devida, ao conhecimento dos Departamentos a proposta da lista de oferta de atividades acad\u00eamicas, com sugest\u00e3o de hor\u00e1rio para as mesmas.<\/li>\n\n\n\n<li>Deliberar sobre quest\u00f5es relativas \u00e0 vida acad\u00eamica, tais como frequ\u00eancias, adapta\u00e7\u00f5es de estudantes, exames e avalia\u00e7\u00f5es, aproveitamento de estudos e equival\u00eancia de atividades acad\u00eamicas.<\/li>\n\n\n\n<li>Participar dos processos de revalida\u00e7\u00e3o de diplomas, conforme as normas estabelecidas pelo Conselho de Ensino, Pesquisa e Extens\u00e3o.<\/li>\n\n\n\n<li>Constituir Comiss\u00f5es Especiais para estudo de assuntos de interesse pedag\u00f3gico.<\/li>\n\n\n\n<li>Zelar pelo cumprimento das normas estabelecidas para os est\u00e1gios e trabalhos de conclus\u00e3o de curso.<\/li>\n\n\n\n<li>Avaliar a execu\u00e7\u00e3o did\u00e1tico-pedag\u00f3gica dos projetos pedag\u00f3gicos, tendo como foco principal a qualidade do ensino.<\/li>\n\n\n\n<li>Comunicar aos Departamentos que participam do ensino, na \u00e9poca devida, o plano de atividades a ser desenvolvido em cada semestre ou ano letivo.<\/li>\n\n\n\n<li>Promover a integra\u00e7\u00e3o das atividades acad\u00eamicas.<\/li>\n\n\n\n<li>Aprovar os planos de ensino das atividades acad\u00eamicas.<\/li>\n\n\n\n<li>Convocar docentes dos Departamentos n\u00e3o representados, quando necess\u00e1rio.<\/li>\n\n\n\n<li>Convocar docentes que ministrem atividades acad\u00eamicas no curso, quando necess\u00e1rio.<\/li>\n<\/ul>\n","protected":false},"excerpt":{"rendered":"<p>. S\u00e3o atribui\u00e7\u00f5es dos Colegiados dos Cursos de Gradua\u00e7\u00e3o:<\/p>\n","protected":false},"author":8,"featured_media":0,"parent":0,"menu_order":0,"comment_status":"closed","ping_status":"closed","template":"","meta":{"footnotes":""},"class_list":["post-1912","page","type-page","status-publish","hentry"],"acf":[],"_links":{"self":[{"href":"https:\/\/sites.uel.br\/pdi\/wp-json\/wp\/v2\/pages\/1912","targetHints":{"allow":["GET"]}}],"collection":[{"href":"https:\/\/sites.uel.br\/pdi\/wp-json\/wp\/v2\/pages"}],"about":[{"href":"https:\/\/sites.uel.br\/pdi\/wp-json\/wp\/v2\/types\/page"}],"author":[{"embeddable":true,"href":"https:\/\/sites.uel.br\/pdi\/wp-json\/wp\/v2\/users\/8"}],"replies":[{"embeddable":true,"href":"https:\/\/sites.uel.br\/pdi\/wp-json\/wp\/v2\/comments?post=1912"}],"version-history":[{"count":1,"href":"https:\/\/sites.uel.br\/pdi\/wp-json\/wp\/v2\/pages\/1912\/revisions"}],"predecessor-version":[{"id":1913,"href":"https:\/\/sites.uel.br\/pdi\/wp-json\/wp\/v2\/pages\/1912\/revisions\/1913"}],"wp:attachment":[{"href":"https:\/\/sites.uel.br\/pdi\/wp-json\/wp\/v2\/media?parent=1912"}],"curies":[{"name":"wp","href":"https:\/\/api.w.org\/{rel}","templated":true}]}}