{"id":1908,"date":"2022-11-02T16:36:03","date_gmt":"2022-11-02T19:36:03","guid":{"rendered":"https:\/\/sites.uel.br\/pdi\/?page_id=1908"},"modified":"2022-11-02T16:36:03","modified_gmt":"2022-11-02T19:36:03","slug":"graduacao-2","status":"publish","type":"page","link":"https:\/\/sites.uel.br\/pdi\/graduacao-2\/","title":{"rendered":"Gradua\u00e7\u00e3o"},"content":{"rendered":"\n<p class=\"has-white-color has-text-color\">.<\/p>\n\n\n\n<p><strong>Gradua\u00e7\u00e3o<\/strong><\/p>\n\n\n\n<ul class=\"wp-block-list\">\n<li>Administra\u00e7\u00e3o<\/li>\n\n\n\n<li>Agronomia<\/li>\n\n\n\n<li>Arquitetura e Urbanismo<\/li>\n\n\n\n<li>Arquivologia \u2013 Habilita\u00e7\u00e3o: Geral<\/li>\n\n\n\n<li>Artes C\u00eanicas \u2013 Habilita\u00e7\u00e3o: Interpreta\u00e7\u00e3o Teatral<\/li>\n\n\n\n<li>Artes Visuais \u2013 Habilita\u00e7\u00e3o: Licenciatura<\/li>\n\n\n\n<li>Biblioteconomia<\/li>\n\n\n\n<li>Biomedicina<\/li>\n\n\n\n<li>Biotecnologia \u2013 Habilita\u00e7\u00e3o: Bacharelado<\/li>\n\n\n\n<li>Ci\u00eancias da Computa\u00e7\u00e3o<\/li>\n\n\n\n<li>Ci\u00eancias Biol\u00f3gicas \u2013 Habilita\u00e7\u00e3o: Bacharelado<\/li>\n\n\n\n<li>Ci\u00eancias Biol\u00f3gicas \u2013 Habilita\u00e7\u00e3o: Licenciatura<\/li>\n\n\n\n<li>Ci\u00eancias Cont\u00e1beis<\/li>\n\n\n\n<li>Ci\u00eancias Econ\u00f4micas<\/li>\n\n\n\n<li>Ci\u00eancias Sociais \u2013 Habilita\u00e7\u00e3o: Bacharelado<\/li>\n\n\n\n<li>Ci\u00eancias Sociais \u2013 Habilita\u00e7\u00e3o: Licenciatura<\/li>\n\n\n\n<li>Computa\u00e7\u00e3o \u2013 Habilita\u00e7\u00e3o: Licenciatura (EAD)<\/li>\n\n\n\n<li>Design de Moda<\/li>\n\n\n\n<li>Design Gr\u00e1fico<\/li>\n\n\n\n<li>Direito<\/li>\n\n\n\n<li>Educa\u00e7\u00e3o F\u00edsica \u2013 Habilita\u00e7\u00e3o: Bacharelado<\/li>\n\n\n\n<li>Educa\u00e7\u00e3o F\u00edsica \u2013 Habilita\u00e7\u00e3o: Licenciatura<\/li>\n\n\n\n<li>Enfermagem<\/li>\n\n\n\n<li>Engenharia \u2013 Habilita\u00e7\u00e3o: Engenharia Civil<\/li>\n\n\n\n<li>Engenharia \u2013 Habilita\u00e7\u00e3o: Engenharia El\u00e9trica<\/li>\n\n\n\n<li>Farm\u00e1cia<\/li>\n\n\n\n<li>Filosofia \u2013 Habilita\u00e7\u00e3o: Licenciatura<\/li>\n\n\n\n<li>F\u00edsica \u2013 Habilita\u00e7\u00e3o: Bacharelado<\/li>\n\n\n\n<li>F\u00edsica \u2013 Habilita\u00e7\u00e3o: Licenciatura<\/li>\n\n\n\n<li>Fisioterapia<\/li>\n\n\n\n<li>Geografia \u2013 Habilita\u00e7\u00e3o: Bacharelado<\/li>\n\n\n\n<li>Geografia \u2013 Habilita\u00e7\u00e3o: Licenciatura<\/li>\n\n\n\n<li>Hist\u00f3ria \u2013 Habilita\u00e7\u00e3o: Licenciatura<\/li>\n\n\n\n<li>Jornalismo<\/li>\n\n\n\n<li>Letras Espanhol \u2013 Modalidade: Licenciatura \u2013 Habilita\u00e7\u00e3o: L\u00edngua Espanhola e Literatura Hisp\u00e2nica<\/li>\n\n\n\n<li>Letras Franc\u00eas \u2013 Modalidade: Bacharelado \u2013 Habilita\u00e7\u00e3o: L\u00edngua e Cultura Francesas<\/li>\n\n\n\n<li>Letras Ingl\u00eas \u2013 Modalidade: Licenciatura \u2013 Habilita\u00e7\u00e3o: L\u00edngua Inglesa e Literaturas em L\u00edngua Inglesa<\/li>\n\n\n\n<li>Letras Portugu\u00eas \u2013 Modalidade: Licenciatura \u2013 Habilita\u00e7\u00e3o: L\u00edngua Portuguesa e Respectivas Literaturas<\/li>\n\n\n\n<li>Matem\u00e1tica \u2013 Habilita\u00e7\u00e3o: Bacharelado<\/li>\n\n\n\n<li>Matem\u00e1tica \u2013 Habilita\u00e7\u00e3o: Licenciatura<\/li>\n\n\n\n<li>Medicina<\/li>\n\n\n\n<li>Medicina Veterin\u00e1ria<\/li>\n\n\n\n<li>M\u00fasica \u2013 Habilita\u00e7\u00e3o: Licenciatura com \u00eanfase em: Canto, Percuss\u00e3o, Piano, Viol\u00e3o, Reg\u00eancia, Coral, Arranjo e Composi\u00e7\u00e3o Musical<\/li>\n\n\n\n<li>Nutri\u00e7\u00e3o<\/li>\n\n\n\n<li>Odontologia<\/li>\n\n\n\n<li>Pedagogia<\/li>\n\n\n\n<li>Psicologia \u2013 Habilita\u00e7\u00e3o: Forma\u00e7\u00e3o de Psic\u00f3logo nas \u00eanfases: Investiga\u00e7\u00e3o Cient\u00edfica e Interven\u00e7\u00e3o em Processos Cl\u00ednicos e Sa\u00fade, e Investiga\u00e7\u00e3o Cient\u00edfica e Interven\u00e7\u00e3o em Processos Sociais e Institucionais<\/li>\n\n\n\n<li>Qu\u00edmica \u2013 Habilita\u00e7\u00e3o: Bacharelado com \u00eanfase em: Qu\u00edmica de Materiais ou Qu\u00edmica de Alimentos ou Qu\u00edmica e Ambiente, e op\u00e7\u00e3o pela Habilita\u00e7\u00e3o em Qu\u00edmica Tecnol\u00f3gica.<\/li>\n\n\n\n<li>Qu\u00edmica \u2013 Habilita\u00e7\u00e3o: Licenciatura<\/li>\n\n\n\n<li>Rela\u00e7\u00f5es P\u00fablicas<\/li>\n\n\n\n<li>Secretariado Executivo<\/li>\n\n\n\n<li>Servi\u00e7o Social<\/li>\n\n\n\n<li>Zootecnia<\/li>\n<\/ul>\n","protected":false},"excerpt":{"rendered":"<p>. Gradua\u00e7\u00e3o<\/p>\n","protected":false},"author":8,"featured_media":0,"parent":0,"menu_order":0,"comment_status":"closed","ping_status":"closed","template":"","meta":{"footnotes":""},"class_list":["post-1908","page","type-page","status-publish","hentry"],"acf":[],"_links":{"self":[{"href":"https:\/\/sites.uel.br\/pdi\/wp-json\/wp\/v2\/pages\/1908","targetHints":{"allow":["GET"]}}],"collection":[{"href":"https:\/\/sites.uel.br\/pdi\/wp-json\/wp\/v2\/pages"}],"about":[{"href":"https:\/\/sites.uel.br\/pdi\/wp-json\/wp\/v2\/types\/page"}],"author":[{"embeddable":true,"href":"https:\/\/sites.uel.br\/pdi\/wp-json\/wp\/v2\/users\/8"}],"replies":[{"embeddable":true,"href":"https:\/\/sites.uel.br\/pdi\/wp-json\/wp\/v2\/comments?post=1908"}],"version-history":[{"count":1,"href":"https:\/\/sites.uel.br\/pdi\/wp-json\/wp\/v2\/pages\/1908\/revisions"}],"predecessor-version":[{"id":1909,"href":"https:\/\/sites.uel.br\/pdi\/wp-json\/wp\/v2\/pages\/1908\/revisions\/1909"}],"wp:attachment":[{"href":"https:\/\/sites.uel.br\/pdi\/wp-json\/wp\/v2\/media?parent=1908"}],"curies":[{"name":"wp","href":"https:\/\/api.w.org\/{rel}","templated":true}]}}