{"id":1903,"date":"2022-11-02T16:27:18","date_gmt":"2022-11-02T19:27:18","guid":{"rendered":"https:\/\/sites.uel.br\/pdi\/?page_id=1903"},"modified":"2022-11-02T16:27:18","modified_gmt":"2022-11-02T19:27:18","slug":"conselho-de-departamento","status":"publish","type":"page","link":"https:\/\/sites.uel.br\/pdi\/conselho-de-departamento\/","title":{"rendered":"Conselho de Departamento"},"content":{"rendered":"\n<p class=\"has-white-color has-text-color\">.<\/p>\n\n\n\n<p>\u00c9 da compet\u00eancia do Conselho de Departamento:<\/p>\n\n\n\n<ul class=\"wp-block-list\">\n<li>Eleger, dentre seus professores, integrantes da carreira docente, os respectivos Chefe e Vice-Chefe.<\/li>\n\n\n\n<li>Aprovar seu plano geral de trabalho e submet\u00ea-lo ao Conselho de Centro.<\/li>\n\n\n\n<li>Aprovar a proposta or\u00e7ament\u00e1ria no devido tempo, para encaminhamento ao Diretor e Conselho de Centro.<\/li>\n\n\n\n<li>Definir, no in\u00edcio de cada exerc\u00edcio financeiro, as prioridades para a aplica\u00e7\u00e3o dos recursos or\u00e7ament\u00e1rios que lhe forem destinados.<\/li>\n\n\n\n<li>Aprovar a programa\u00e7\u00e3o e execu\u00e7\u00e3o das atividades acad\u00eamicas nas \u00e1reas que lhe s\u00e3o afetas.<\/li>\n\n\n\n<li>Elaborar seu Regimento, submetendo-o \u00e0 aprecia\u00e7\u00e3o e aprova\u00e7\u00e3o do Conselho de Centro e homologa\u00e7\u00e3o do Conselho Universit\u00e1rio.<\/li>\n\n\n\n<li>Aprovar os pedidos de licen\u00e7a do pessoal docente lotado no Departamento, de acordo com o disposto no Regulamento do Pessoal da Universidade.<\/li>\n\n\n\n<li>Designar membros das comiss\u00f5es previstas no Estatuto da Universidade.<\/li>\n<\/ul>\n","protected":false},"excerpt":{"rendered":"<p>. \u00c9 da compet\u00eancia do Conselho de Departamento:<\/p>\n","protected":false},"author":8,"featured_media":0,"parent":0,"menu_order":0,"comment_status":"closed","ping_status":"closed","template":"","meta":{"footnotes":""},"class_list":["post-1903","page","type-page","status-publish","hentry"],"acf":[],"_links":{"self":[{"href":"https:\/\/sites.uel.br\/pdi\/wp-json\/wp\/v2\/pages\/1903","targetHints":{"allow":["GET"]}}],"collection":[{"href":"https:\/\/sites.uel.br\/pdi\/wp-json\/wp\/v2\/pages"}],"about":[{"href":"https:\/\/sites.uel.br\/pdi\/wp-json\/wp\/v2\/types\/page"}],"author":[{"embeddable":true,"href":"https:\/\/sites.uel.br\/pdi\/wp-json\/wp\/v2\/users\/8"}],"replies":[{"embeddable":true,"href":"https:\/\/sites.uel.br\/pdi\/wp-json\/wp\/v2\/comments?post=1903"}],"version-history":[{"count":1,"href":"https:\/\/sites.uel.br\/pdi\/wp-json\/wp\/v2\/pages\/1903\/revisions"}],"predecessor-version":[{"id":1904,"href":"https:\/\/sites.uel.br\/pdi\/wp-json\/wp\/v2\/pages\/1903\/revisions\/1904"}],"wp:attachment":[{"href":"https:\/\/sites.uel.br\/pdi\/wp-json\/wp\/v2\/media?parent=1903"}],"curies":[{"name":"wp","href":"https:\/\/api.w.org\/{rel}","templated":true}]}}