{"id":1899,"date":"2022-11-02T16:25:20","date_gmt":"2022-11-02T19:25:20","guid":{"rendered":"https:\/\/sites.uel.br\/pdi\/?page_id=1899"},"modified":"2022-11-02T16:25:20","modified_gmt":"2022-11-02T19:25:20","slug":"departamentos","status":"publish","type":"page","link":"https:\/\/sites.uel.br\/pdi\/departamentos\/","title":{"rendered":"Departamentos"},"content":{"rendered":"\n<p class=\"has-white-color has-text-color\">.<\/p>\n\n\n\n<p><strong>Centro de Ci\u00eancias Agr\u00e1rias (CCA)<\/strong><\/p>\n\n\n\n<p>Departamento de Agronomia<\/p>\n\n\n\n<p>Departamento de Cl\u00ednicas Veterin\u00e1rias<\/p>\n\n\n\n<p>Departamento de Ci\u00eancia e Tecnologia de Alimentos<\/p>\n\n\n\n<p>Departamento de Zootecnia<\/p>\n\n\n\n<p><strong>Centro de Ci\u00eancias Biol\u00f3gicas (CCB)<\/strong><\/p>\n\n\n\n<p>Departamento de Anatomia<\/p>\n\n\n\n<p>Departamento de Biologia Geral<\/p>\n\n\n\n<p>Departamento de Biologia Animal e Vegetal<\/p>\n\n\n\n<p>Departamento de Ci\u00eancias Fisiol\u00f3gicas<\/p>\n\n\n\n<p>Departamento de Ci\u00eancias Patol\u00f3gicas<\/p>\n\n\n\n<p>Departamento de Histologia<\/p>\n\n\n\n<p>Departamento de Microbiologia<\/p>\n\n\n\n<p>Departamento de Psicologia e Psican\u00e1lise<\/p>\n\n\n\n<p>Departamento de Psicologia Geral e An\u00e1lise do Comportamento<\/p>\n\n\n\n<p>Departamento de Psicologia Social e Institucional<\/p>\n\n\n\n<p><strong>Centro de Ci\u00eancias Exatas (CCE)<\/strong><\/p>\n\n\n\n<p>Departamento de Bioqu\u00edmica e Biotecnologia<\/p>\n\n\n\n<p>Departamento de Computa\u00e7\u00e3o<\/p>\n\n\n\n<p>Departamento de Estat\u00edstica<\/p>\n\n\n\n<p>Departamento de F\u00edsica<\/p>\n\n\n\n<p>Departamento de Geoci\u00eancias<\/p>\n\n\n\n<p>Departamento de Geologia e Geom\u00e1tica<\/p>\n\n\n\n<p>Departamento de Matem\u00e1tica<\/p>\n\n\n\n<p>Departamento de Qu\u00edmica<\/p>\n\n\n\n<p><strong>Centro de Ci\u00eancias da Sa\u00fade (CCS)<\/strong><\/p>\n\n\n\n<p>Departamento de Cl\u00ednica Cir\u00fargica<\/p>\n\n\n\n<p>Departamento de Cl\u00ednica M\u00e9dica<\/p>\n\n\n\n<p>Departamento de Ci\u00eancias Farmac\u00eauticas<\/p>\n\n\n\n<p>Departamento de Enfermagem<\/p>\n\n\n\n<p>Departamento de Fisioterapia<\/p>\n\n\n\n<p>Departamento de Ginecologia e Obstetr\u00edcia<\/p>\n\n\n\n<p>Departamento de Medicina Oral e Odontologia Infantil<\/p>\n\n\n\n<p>Departamento de Odontologia Restauradora<\/p>\n\n\n\n<p>Departamento de Odontologia (\u00c1rea B\u00e1sica)<\/p>\n\n\n\n<p>Departamento de Pediatria e Cirurgia Pedi\u00e1trica<\/p>\n\n\n\n<p>Departamento de Patologia, An\u00e1lises Cl\u00ednicas e Toxicol\u00f3gicas<\/p>\n\n\n\n<p>Departamento de Sa\u00fade Coletiva<\/p>\n\n\n\n<p><strong>Centro de Educa\u00e7\u00e3o, Comunica\u00e7\u00e3o e Artes (CECA)<\/strong><\/p>\n\n\n\n<p>Departamento de Arte Visual<\/p>\n\n\n\n<p>Departamento de Ci\u00eancia da Informa\u00e7\u00e3o<\/p>\n\n\n\n<p>Departamento de Comunica\u00e7\u00e3o<\/p>\n\n\n\n<p>Departamento de Design<\/p>\n\n\n\n<p>Departamento de Educa\u00e7\u00e3o<\/p>\n\n\n\n<p>Departamento de M\u00fasica e Teatro<\/p>\n\n\n\n<p><strong>Centro de Educa\u00e7\u00e3o F\u00edsica e Esportes (CEFE)<\/strong><\/p>\n\n\n\n<p>Departamento de Ci\u00eancias do Esporte<\/p>\n\n\n\n<p>Departamento de Educa\u00e7\u00e3o F\u00edsica<\/p>\n\n\n\n<p>Departamento de Estudos do Movimento Humano<\/p>\n\n\n\n<p><strong>Centro de Estudos Sociais Aplicados (CESA)<\/strong><\/p>\n\n\n\n<p>Departamento de Administra\u00e7\u00e3o<\/p>\n\n\n\n<p>Departamento de Ci\u00eancias Cont\u00e1beis<\/p>\n\n\n\n<p>Departamento de Ci\u00eancias Econ\u00f4micas<\/p>\n\n\n\n<p>Departamento de Direito Privado<\/p>\n\n\n\n<p>Departamento de Direito P\u00fablico<\/p>\n\n\n\n<p>Departamento de Servi\u00e7o Social<\/p>\n\n\n\n<p><strong>Centro de Letras e Ci\u00eancias Humanas (CLCH)<\/strong><\/p>\n\n\n\n<p>Departamento de Ci\u00eancias Sociais<\/p>\n\n\n\n<p>Departamento de Filosofia<\/p>\n\n\n\n<p>Departamento de Hist\u00f3ria<\/p>\n\n\n\n<p>Departamento de Letras Estrangeiras Modernas<\/p>\n\n\n\n<p>Departamento de Letras Vern\u00e1culas e Cl\u00e1ssicas<\/p>\n\n\n\n<p><strong>Centro de Tecnologia e Urbanismo (CTU)<\/strong><\/p>\n\n\n\n<p>Departamento de Arquitetura e Urbanismo<\/p>\n\n\n\n<p>Departamento de Constru\u00e7\u00e3o Civil<\/p>\n\n\n\n<p>Departamento de Engenharia El\u00e9trica<\/p>\n\n\n\n<p>Departamento de Estruturas<\/p>\n","protected":false},"excerpt":{"rendered":"<p>. Centro de Ci\u00eancias Agr\u00e1rias (CCA) Departamento de Agronomia Departamento de Cl\u00ednicas Veterin\u00e1rias Departamento de Ci\u00eancia e Tecnologia de Alimentos Departamento de Zootecnia Centro de Ci\u00eancias Biol\u00f3gicas (CCB) Departamento de Anatomia Departamento de Biologia Geral Departamento de Biologia Animal e Vegetal Departamento de Ci\u00eancias Fisiol\u00f3gicas Departamento de Ci\u00eancias Patol\u00f3gicas Departamento de Histologia Departamento de Microbiologia [&hellip;]<\/p>\n","protected":false},"author":8,"featured_media":0,"parent":0,"menu_order":0,"comment_status":"closed","ping_status":"closed","template":"","meta":{"footnotes":""},"class_list":["post-1899","page","type-page","status-publish","hentry"],"acf":[],"_links":{"self":[{"href":"https:\/\/sites.uel.br\/pdi\/wp-json\/wp\/v2\/pages\/1899","targetHints":{"allow":["GET"]}}],"collection":[{"href":"https:\/\/sites.uel.br\/pdi\/wp-json\/wp\/v2\/pages"}],"about":[{"href":"https:\/\/sites.uel.br\/pdi\/wp-json\/wp\/v2\/types\/page"}],"author":[{"embeddable":true,"href":"https:\/\/sites.uel.br\/pdi\/wp-json\/wp\/v2\/users\/8"}],"replies":[{"embeddable":true,"href":"https:\/\/sites.uel.br\/pdi\/wp-json\/wp\/v2\/comments?post=1899"}],"version-history":[{"count":1,"href":"https:\/\/sites.uel.br\/pdi\/wp-json\/wp\/v2\/pages\/1899\/revisions"}],"predecessor-version":[{"id":1900,"href":"https:\/\/sites.uel.br\/pdi\/wp-json\/wp\/v2\/pages\/1899\/revisions\/1900"}],"wp:attachment":[{"href":"https:\/\/sites.uel.br\/pdi\/wp-json\/wp\/v2\/media?parent=1899"}],"curies":[{"name":"wp","href":"https:\/\/api.w.org\/{rel}","templated":true}]}}