{"id":1894,"date":"2022-11-02T16:20:59","date_gmt":"2022-11-02T19:20:59","guid":{"rendered":"https:\/\/sites.uel.br\/pdi\/?page_id=1894"},"modified":"2022-11-02T16:20:59","modified_gmt":"2022-11-02T19:20:59","slug":"centros","status":"publish","type":"page","link":"https:\/\/sites.uel.br\/pdi\/centros\/","title":{"rendered":"Centros"},"content":{"rendered":"\n<p class=\"has-white-color has-text-color\">.<\/p>\n\n\n\n<p>Centro de Ci\u00eancias Agr\u00e1rias (CCA)<\/p>\n\n\n\n<p>Centro de Ci\u00eancias Biol\u00f3gicas (CCB)<\/p>\n\n\n\n<p>Centro de Ci\u00eancias Exatas (CCE)<\/p>\n\n\n\n<p>Centro de Ci\u00eancias da Sa\u00fade (CCS)<\/p>\n\n\n\n<p>Centro de Educa\u00e7\u00e3o, Comunica\u00e7\u00e3o e Artes (CECA)<\/p>\n\n\n\n<p>Centro de Educa\u00e7\u00e3o F\u00edsica e Esportes (CEFE)<\/p>\n\n\n\n<p>Centro de Estudos Sociais Aplicados (CESA)<\/p>\n\n\n\n<p>Centro de Letras e Ci\u00eancias Humanas (CLCH)<\/p>\n\n\n\n<p>Centro de Tecnologia e Urbanismo (CTU)<\/p>\n\n\n\n<p><\/p>\n","protected":false},"excerpt":{"rendered":"<p>. Centro de Ci\u00eancias Agr\u00e1rias (CCA) Centro de Ci\u00eancias Biol\u00f3gicas (CCB) Centro de Ci\u00eancias Exatas (CCE) Centro de Ci\u00eancias da Sa\u00fade (CCS) Centro de Educa\u00e7\u00e3o, Comunica\u00e7\u00e3o e Artes (CECA) Centro de Educa\u00e7\u00e3o F\u00edsica e Esportes (CEFE) Centro de Estudos Sociais Aplicados (CESA) Centro de Letras e Ci\u00eancias Humanas (CLCH) Centro de Tecnologia e Urbanismo (CTU)<\/p>\n","protected":false},"author":8,"featured_media":0,"parent":0,"menu_order":0,"comment_status":"closed","ping_status":"closed","template":"","meta":{"footnotes":""},"class_list":["post-1894","page","type-page","status-publish","hentry"],"acf":[],"_links":{"self":[{"href":"https:\/\/sites.uel.br\/pdi\/wp-json\/wp\/v2\/pages\/1894","targetHints":{"allow":["GET"]}}],"collection":[{"href":"https:\/\/sites.uel.br\/pdi\/wp-json\/wp\/v2\/pages"}],"about":[{"href":"https:\/\/sites.uel.br\/pdi\/wp-json\/wp\/v2\/types\/page"}],"author":[{"embeddable":true,"href":"https:\/\/sites.uel.br\/pdi\/wp-json\/wp\/v2\/users\/8"}],"replies":[{"embeddable":true,"href":"https:\/\/sites.uel.br\/pdi\/wp-json\/wp\/v2\/comments?post=1894"}],"version-history":[{"count":1,"href":"https:\/\/sites.uel.br\/pdi\/wp-json\/wp\/v2\/pages\/1894\/revisions"}],"predecessor-version":[{"id":1895,"href":"https:\/\/sites.uel.br\/pdi\/wp-json\/wp\/v2\/pages\/1894\/revisions\/1895"}],"wp:attachment":[{"href":"https:\/\/sites.uel.br\/pdi\/wp-json\/wp\/v2\/media?parent=1894"}],"curies":[{"name":"wp","href":"https:\/\/api.w.org\/{rel}","templated":true}]}}