{"id":1892,"date":"2022-11-02T16:17:56","date_gmt":"2022-11-02T19:17:56","guid":{"rendered":"https:\/\/sites.uel.br\/pdi\/?page_id=1892"},"modified":"2022-11-02T16:17:56","modified_gmt":"2022-11-02T19:17:56","slug":"centros-de-estudos-unidades","status":"publish","type":"page","link":"https:\/\/sites.uel.br\/pdi\/centros-de-estudos-unidades\/","title":{"rendered":"Centros de Estudos &#8211; Unidades"},"content":{"rendered":"\n<p class=\"has-white-color has-text-color\">.<\/p>\n\n\n\n<p>Entre os princ\u00edpios que norteiam o cotidiano da Universidade Estadual de Londrina, est\u00e1 o compromisso com uma gest\u00e3o democr\u00e1tica e colegiada, o qual \u00e9 atendido por meio de um todo institucional org\u00e2nico de ensino, pesquisa e extens\u00e3o, integrados, constitu\u00eddo de: <strong>Centros, como Unidades<\/strong> e Departamentos como Subunidades, \u00d3rg\u00e3os Suplementares e \u00d3rg\u00e3os de Apoio. A administra\u00e7\u00e3o superior da Universidade, por sua vez, \u00e9 exercida por \u00f3rg\u00e3os distribu\u00eddos em tr\u00eas classifica\u00e7\u00f5es: \u00d3rg\u00e3o Executivo, como \u00e9 o caso da Reitoria, das Pr\u00f3-Reitorias e da Prefeitura do Campus; \u00d3rg\u00e3os Deliberativos, como \u00e9 o caso do Conselho Universit\u00e1rio, do Conselho de Ensino, Pesquisa e Extens\u00e3o, do Conselho de Administra\u00e7\u00e3o, da C\u00e2mara de Gradua\u00e7\u00e3o, da C\u00e2mara de Pesquisa, da C\u00e2mara de P\u00f3s-Gradua\u00e7\u00e3o e da C\u00e2mara de Extens\u00e3o; e, \u00d3rg\u00e3o Consultivo, como \u00e9 o caso do Conselho de Intera\u00e7\u00e3o Universidade-Sociedade.\u00a0<\/p>\n","protected":false},"excerpt":{"rendered":"<p>. Entre os princ\u00edpios que norteiam o cotidiano da Universidade Estadual de Londrina, est\u00e1 o compromisso com uma gest\u00e3o democr\u00e1tica e colegiada, o qual \u00e9 atendido por meio de um todo institucional org\u00e2nico de ensino, pesquisa e extens\u00e3o, integrados, constitu\u00eddo de: Centros, como Unidades e Departamentos como Subunidades, \u00d3rg\u00e3os Suplementares e \u00d3rg\u00e3os de Apoio. A [&hellip;]<\/p>\n","protected":false},"author":8,"featured_media":0,"parent":0,"menu_order":0,"comment_status":"closed","ping_status":"closed","template":"","meta":{"footnotes":""},"class_list":["post-1892","page","type-page","status-publish","hentry"],"acf":[],"_links":{"self":[{"href":"https:\/\/sites.uel.br\/pdi\/wp-json\/wp\/v2\/pages\/1892","targetHints":{"allow":["GET"]}}],"collection":[{"href":"https:\/\/sites.uel.br\/pdi\/wp-json\/wp\/v2\/pages"}],"about":[{"href":"https:\/\/sites.uel.br\/pdi\/wp-json\/wp\/v2\/types\/page"}],"author":[{"embeddable":true,"href":"https:\/\/sites.uel.br\/pdi\/wp-json\/wp\/v2\/users\/8"}],"replies":[{"embeddable":true,"href":"https:\/\/sites.uel.br\/pdi\/wp-json\/wp\/v2\/comments?post=1892"}],"version-history":[{"count":1,"href":"https:\/\/sites.uel.br\/pdi\/wp-json\/wp\/v2\/pages\/1892\/revisions"}],"predecessor-version":[{"id":1893,"href":"https:\/\/sites.uel.br\/pdi\/wp-json\/wp\/v2\/pages\/1892\/revisions\/1893"}],"wp:attachment":[{"href":"https:\/\/sites.uel.br\/pdi\/wp-json\/wp\/v2\/media?parent=1892"}],"curies":[{"name":"wp","href":"https:\/\/api.w.org\/{rel}","templated":true}]}}