{"id":1890,"date":"2022-11-02T16:11:14","date_gmt":"2022-11-02T19:11:14","guid":{"rendered":"https:\/\/sites.uel.br\/pdi\/?page_id=1890"},"modified":"2022-11-02T16:11:14","modified_gmt":"2022-11-02T19:11:14","slug":"conselho-de-centro","status":"publish","type":"page","link":"https:\/\/sites.uel.br\/pdi\/conselho-de-centro\/","title":{"rendered":"Conselho de Centro"},"content":{"rendered":"\n<p class=\"has-white-color has-text-color\">.<\/p>\n\n\n\n<p>O Conselho de Centro tem as seguintes atribui\u00e7\u00f5es:<\/p>\n\n\n\n<ul class=\"wp-block-list\">\n<li>Aprovar a proposta do or\u00e7amento anual do Centro, obedecidas as normas baixadas pelos \u00f3rg\u00e3os competentes.<\/li>\n\n\n\n<li>Examinar e aprovar qualquer proposta de altera\u00e7\u00e3o administrativa do Centro, encaminhando-a para an\u00e1lise e aprova\u00e7\u00e3o final aos \u00d3rg\u00e3os Superiores da Universidade.<\/li>\n\n\n\n<li>Opinar sobre o programa de publica\u00e7\u00f5es a ser executado pelo Centro.<\/li>\n\n\n\n<li>Apreciar e aprovar o Regimento do Centro, dos Departamentos e dos respectivos \u00d3rg\u00e3os Suplementares, encaminhando-os para o Conselho de Administra\u00e7\u00e3o.<\/li>\n\n\n\n<li>Deliberar sobre o relat\u00f3rio anual do Diretor do Centro, para encaminhamento \u00e0 Reitoria.<\/li>\n\n\n\n<li>Receber e analisar as representa\u00e7\u00f5es de natureza administrativa e disciplinar, tomando as provid\u00eancias cab\u00edveis.<\/li>\n\n\n\n<li>Apresentar aos \u00f3rg\u00e3os competentes sugest\u00f5es relacionadas \u00e0s atividades administrativas e acad\u00eamicas.<\/li>\n\n\n\n<li>Julgar os recursos a ele encaminhados, conforme disposto no Regimento.<\/li>\n\n\n\n<li>Designar os t\u00e9cnico-administrativos para os respetivos Departamentos.<\/li>\n\n\n\n<li>Praticar todos os demais atos de sua compet\u00eancia segundo disp\u00f5em o Estatuto e o Regimento, ou por delega\u00e7\u00e3o dos \u00d3rg\u00e3os Superiores da Universidade.<\/li>\n<\/ul>\n","protected":false},"excerpt":{"rendered":"<p>. O Conselho de Centro tem as seguintes atribui\u00e7\u00f5es:<\/p>\n","protected":false},"author":8,"featured_media":0,"parent":0,"menu_order":0,"comment_status":"closed","ping_status":"closed","template":"","meta":{"footnotes":""},"class_list":["post-1890","page","type-page","status-publish","hentry"],"acf":[],"_links":{"self":[{"href":"https:\/\/sites.uel.br\/pdi\/wp-json\/wp\/v2\/pages\/1890","targetHints":{"allow":["GET"]}}],"collection":[{"href":"https:\/\/sites.uel.br\/pdi\/wp-json\/wp\/v2\/pages"}],"about":[{"href":"https:\/\/sites.uel.br\/pdi\/wp-json\/wp\/v2\/types\/page"}],"author":[{"embeddable":true,"href":"https:\/\/sites.uel.br\/pdi\/wp-json\/wp\/v2\/users\/8"}],"replies":[{"embeddable":true,"href":"https:\/\/sites.uel.br\/pdi\/wp-json\/wp\/v2\/comments?post=1890"}],"version-history":[{"count":1,"href":"https:\/\/sites.uel.br\/pdi\/wp-json\/wp\/v2\/pages\/1890\/revisions"}],"predecessor-version":[{"id":1891,"href":"https:\/\/sites.uel.br\/pdi\/wp-json\/wp\/v2\/pages\/1890\/revisions\/1891"}],"wp:attachment":[{"href":"https:\/\/sites.uel.br\/pdi\/wp-json\/wp\/v2\/media?parent=1890"}],"curies":[{"name":"wp","href":"https:\/\/api.w.org\/{rel}","templated":true}]}}