{"id":1888,"date":"2022-11-02T16:10:23","date_gmt":"2022-11-02T19:10:23","guid":{"rendered":"https:\/\/sites.uel.br\/pdi\/?page_id=1888"},"modified":"2022-11-02T16:10:23","modified_gmt":"2022-11-02T19:10:23","slug":"direcao-de-centro","status":"publish","type":"page","link":"https:\/\/sites.uel.br\/pdi\/direcao-de-centro\/","title":{"rendered":"Dire\u00e7\u00e3o de Centro"},"content":{"rendered":"\n<p class=\"has-text-color\" style=\"color:#fefefe\">.<\/p>\n\n\n\n<p>A Diretoria do Centro ser\u00e1 exercida por um Diretor, com as seguintes atribui\u00e7\u00f5es:<\/p>\n\n\n\n<ul class=\"wp-block-list\">\n<li>Administrar e representar o Centro de Estudos dentro e fora da Universidade em todos os assuntos de interesse do referido Centro.<\/li>\n\n\n\n<li>Enviar ao Reitor, depois de aprovada pelo Conselho de Centro, a proposta or\u00e7ament\u00e1ria anual.<\/li>\n\n\n\n<li>Controlar a aplica\u00e7\u00e3o dos recursos or\u00e7ament\u00e1rios consignados ao Centro, ouvido o Conselho de Centro.<\/li>\n\n\n\n<li>Apresentar, anualmente, ao Reitor, dentro do primeiro trimestre, relat\u00f3rio circunstanciado dos trabalhos desenvolvidos no Centro, no ano anterior, sugerindo provid\u00eancias para maior efici\u00eancia das respectivas atividades, ouvido o respectivo Conselho de Centro.<\/li>\n\n\n\n<li>Convocar e presidir as reuni\u00f5es do Conselho de Centro.<\/li>\n\n\n\n<li>Discutir no Conselho de Centro os assuntos de interesses administrativos e acad\u00eamicos.<\/li>\n\n\n\n<li>Cumprir e fazer cumprir as delibera\u00e7\u00f5es do Conselho de Centro, podendo sustar a sua execu\u00e7\u00e3o, quando julgar sejam contr\u00e1rias ao Estatuto, Regimentos e Resolu\u00e7\u00f5es, disto dando conhecimento imediato \u00e0 Reitoria.<\/li>\n\n\n\n<li>Adotar, em casos de urg\u00eancia, medidas que se imponham em mat\u00e9ria de compet\u00eancia do Conselho de Centro, submetendo seu ato \u00e0 ratifica\u00e7\u00e3o deste na sua primeira reuni\u00e3o.<\/li>\n\n\n\n<li>Supervisionar a fiel execu\u00e7\u00e3o das atividades acad\u00eamicas e a assiduidade do pessoal lotado no Centro.<\/li>\n\n\n\n<li>Assegurar a ordem e a disciplina no \u00e2mbito do Centro e propor, quando for o caso, pedidos de abertura de sindic\u00e2ncias ou processos administrativos ou disciplinares ao Reitor.<\/li>\n\n\n\n<li>Supervisionar as elei\u00e7\u00f5es no \u00e2mbito do respectivo Centro.<\/li>\n\n\n\n<li>Integrar o Conselho de Administra\u00e7\u00e3o e o Conselho Universit\u00e1rio.<\/li>\n\n\n\n<li>Expedir portarias, ordens de servi\u00e7o e avisos, no \u00e2mbito de sua compet\u00eancia.<\/li>\n\n\n\n<li>Constituir comiss\u00f5es ou grupos de trabalho para o desempenho de tarefas espec\u00edficas.<\/li>\n\n\n\n<li>Presidir a qualquer reuni\u00e3o a que comparecer no \u00e2mbito do Centro.<\/li>\n\n\n\n<li>Delegar atribui\u00e7\u00f5es ao Vice-Diretor.<\/li>\n\n\n\n<li>Responsabilizar-se e zelar pela guarda e conserva\u00e7\u00e3o dos bens e instala\u00e7\u00f5es do Centro.<\/li>\n\n\n\n<li>Promover reuni\u00f5es, semin\u00e1rios, encontros cient\u00edficos e culturais e o interc\u00e2mbio com outras entidades cong\u00eaneres.<\/li>\n\n\n\n<li>Estimular a participa\u00e7\u00e3o de seu Centro em reuni\u00f5es culturais e cient\u00edficas, nacionais ou estrangeiras, propondo \u00e0 Reitoria os nomes que o representem, de acordo com as disponibilidades or\u00e7ament\u00e1rias.<\/li>\n\n\n\n<li>Promover a divulga\u00e7\u00e3o das atividades do Centro.<\/li>\n\n\n\n<li>Propor pr\u00eamios e outras dignidades universit\u00e1rias.<\/li>\n\n\n\n<li>Realocar o pessoal t\u00e9cnico-administrativo do Centro.<\/li>\n\n\n\n<li>Aprovar licen\u00e7as e f\u00e9rias do pessoal t\u00e9cnico-administrativo lotado no Centro de acordo com a legisla\u00e7\u00e3o vigente, ouvida a chefia imediata.<\/li>\n\n\n\n<li>Cumprir e fazer cumprir o Estatuto, o Regimento Geral, o Regimento pr\u00f3prio e, no que couber, as resolu\u00e7\u00f5es e demais normas da Universidade.<\/li>\n\n\n\n<li>Desempenhar outras fun\u00e7\u00f5es inerentes ao cargo, de acordo com o disposto no Estatuto, neste Regimento Geral e no Regimento pr\u00f3prio.<\/li>\n<\/ul>\n","protected":false},"excerpt":{"rendered":"<p>. A Diretoria do Centro ser\u00e1 exercida por um Diretor, com as seguintes atribui\u00e7\u00f5es:<\/p>\n","protected":false},"author":8,"featured_media":0,"parent":0,"menu_order":0,"comment_status":"closed","ping_status":"closed","template":"","meta":{"footnotes":""},"class_list":["post-1888","page","type-page","status-publish","hentry"],"acf":[],"_links":{"self":[{"href":"https:\/\/sites.uel.br\/pdi\/wp-json\/wp\/v2\/pages\/1888","targetHints":{"allow":["GET"]}}],"collection":[{"href":"https:\/\/sites.uel.br\/pdi\/wp-json\/wp\/v2\/pages"}],"about":[{"href":"https:\/\/sites.uel.br\/pdi\/wp-json\/wp\/v2\/types\/page"}],"author":[{"embeddable":true,"href":"https:\/\/sites.uel.br\/pdi\/wp-json\/wp\/v2\/users\/8"}],"replies":[{"embeddable":true,"href":"https:\/\/sites.uel.br\/pdi\/wp-json\/wp\/v2\/comments?post=1888"}],"version-history":[{"count":1,"href":"https:\/\/sites.uel.br\/pdi\/wp-json\/wp\/v2\/pages\/1888\/revisions"}],"predecessor-version":[{"id":1889,"href":"https:\/\/sites.uel.br\/pdi\/wp-json\/wp\/v2\/pages\/1888\/revisions\/1889"}],"wp:attachment":[{"href":"https:\/\/sites.uel.br\/pdi\/wp-json\/wp\/v2\/media?parent=1888"}],"curies":[{"name":"wp","href":"https:\/\/api.w.org\/{rel}","templated":true}]}}