{"id":1885,"date":"2022-11-02T16:08:42","date_gmt":"2022-11-02T19:08:42","guid":{"rendered":"https:\/\/sites.uel.br\/pdi\/?page_id=1885"},"modified":"2022-11-02T16:08:42","modified_gmt":"2022-11-02T19:08:42","slug":"camara-de-extensao","status":"publish","type":"page","link":"https:\/\/sites.uel.br\/pdi\/camara-de-extensao\/","title":{"rendered":"C\u00e2mara de Extens\u00e3o"},"content":{"rendered":"\n<p class=\"has-text-color\" style=\"color:#fefefe\">.<\/p>\n\n\n\n<p>\u00c0 C\u00e2mara de Extens\u00e3o compete:<\/p>\n\n\n\n<ul class=\"wp-block-list\">\n<li>Propor ao Conselho de Ensino, Pesquisa e Extens\u00e3o diretrizes espec\u00edficas \u00e0s atividades de extens\u00e3o.<\/li>\n\n\n\n<li>Aprovar os relat\u00f3rios dos programas, projetos e outras a\u00e7\u00f5es de extens\u00e3o.<\/li>\n\n\n\n<li>Elaborar instrumentos de acompanhamento e avalia\u00e7\u00e3o das a\u00e7\u00f5es extensionistas.<\/li>\n\n\n\n<li>Constituir grupos de trabalho na \u00e1rea de extens\u00e3o.<\/li>\n\n\n\n<li>Propor ao Conselho de Ensino, Pesquisa e Extens\u00e3o diretrizes para o financiamento da extens\u00e3o.<\/li>\n\n\n\n<li>Apresentar plano or\u00e7ament\u00e1rio anual para aprecia\u00e7\u00e3o do Conselho de Ensino, Pesquisa e Extens\u00e3o.<\/li>\n\n\n\n<li>Deliberar sobre recursos, em mat\u00e9rias referentes \u00e0 extens\u00e3o, interpostos contra decis\u00e3o dos Conselhos de Centro.<\/li>\n\n\n\n<li>Propor ao Conselho de Ensino, Pesquisa e Extens\u00e3o a pol\u00edtica de concess\u00e3o de bolsas de extens\u00e3o.<\/li>\n\n\n\n<li>Aprovar os relat\u00f3rios dos programas, projetos e outras a\u00e7\u00f5es de extens\u00e3o.<\/li>\n<\/ul>\n","protected":false},"excerpt":{"rendered":"<p>. \u00c0 C\u00e2mara de Extens\u00e3o compete:<\/p>\n","protected":false},"author":8,"featured_media":0,"parent":0,"menu_order":0,"comment_status":"closed","ping_status":"closed","template":"","meta":{"footnotes":""},"class_list":["post-1885","page","type-page","status-publish","hentry"],"acf":[],"_links":{"self":[{"href":"https:\/\/sites.uel.br\/pdi\/wp-json\/wp\/v2\/pages\/1885","targetHints":{"allow":["GET"]}}],"collection":[{"href":"https:\/\/sites.uel.br\/pdi\/wp-json\/wp\/v2\/pages"}],"about":[{"href":"https:\/\/sites.uel.br\/pdi\/wp-json\/wp\/v2\/types\/page"}],"author":[{"embeddable":true,"href":"https:\/\/sites.uel.br\/pdi\/wp-json\/wp\/v2\/users\/8"}],"replies":[{"embeddable":true,"href":"https:\/\/sites.uel.br\/pdi\/wp-json\/wp\/v2\/comments?post=1885"}],"version-history":[{"count":1,"href":"https:\/\/sites.uel.br\/pdi\/wp-json\/wp\/v2\/pages\/1885\/revisions"}],"predecessor-version":[{"id":1886,"href":"https:\/\/sites.uel.br\/pdi\/wp-json\/wp\/v2\/pages\/1885\/revisions\/1886"}],"wp:attachment":[{"href":"https:\/\/sites.uel.br\/pdi\/wp-json\/wp\/v2\/media?parent=1885"}],"curies":[{"name":"wp","href":"https:\/\/api.w.org\/{rel}","templated":true}]}}