{"id":1881,"date":"2022-11-02T16:05:35","date_gmt":"2022-11-02T19:05:35","guid":{"rendered":"https:\/\/sites.uel.br\/pdi\/?page_id=1881"},"modified":"2022-11-02T16:05:35","modified_gmt":"2022-11-02T19:05:35","slug":"camara-de-pos-graduacao","status":"publish","type":"page","link":"https:\/\/sites.uel.br\/pdi\/camara-de-pos-graduacao\/","title":{"rendered":"C\u00e2mara de P\u00f3s-Gradua\u00e7\u00e3o"},"content":{"rendered":"\n<p class=\"has-white-color has-text-color\">.<\/p>\n\n\n\n<p>\u00c0 C\u00e2mara de P\u00f3s-Gradua\u00e7\u00e3o compete:<\/p>\n\n\n\n<ul class=\"wp-block-list\">\n<li>Propor ao Conselho de Ensino, Pesquisa e Extens\u00e3o altera\u00e7\u00f5es na pol\u00edtica de p\u00f3s-gradua\u00e7\u00e3o da Universidade, ouvido os Colegiados de Cursos de P\u00f3s-Gradua\u00e7\u00e3o.<\/li>\n\n\n\n<li>Propor ao Conselho de Ensino, Pesquisa e Extens\u00e3o altera\u00e7\u00f5es nos regulamentos da p\u00f3s-gradua\u00e7\u00e3o (Lato e Stricto Sensu), ouvido os Colegiados dos Cursos da P\u00f3s-Gradua\u00e7\u00e3o.<\/li>\n\n\n\n<li>Deliberar sobre recursos interpostos contra decis\u00e3o dos Colegiados de P\u00f3s-Gradua\u00e7\u00e3o.<\/li>\n\n\n\n<li>Apreciar os instrumentos de acompanhamento e avalia\u00e7\u00e3o da p\u00f3s-gradua\u00e7\u00e3o.<\/li>\n\n\n\n<li>Emitir parecer sobre a cria\u00e7\u00e3o e extin\u00e7\u00e3o de cursos\/programas de p\u00f3s-gradua\u00e7\u00e3o.<\/li>\n\n\n\n<li>Eleger, dentre seus membros, cinco docentes titulares que dever\u00e3o ser de diferentes Centros de Estudos e cinco docentes suplentes para integrarem o Conselho de Ensino, Pesquisa e Extens\u00e3o.<\/li>\n<\/ul>\n","protected":false},"excerpt":{"rendered":"<p>. \u00c0 C\u00e2mara de P\u00f3s-Gradua\u00e7\u00e3o compete:<\/p>\n","protected":false},"author":8,"featured_media":0,"parent":0,"menu_order":0,"comment_status":"closed","ping_status":"closed","template":"","meta":{"footnotes":""},"class_list":["post-1881","page","type-page","status-publish","hentry"],"acf":[],"_links":{"self":[{"href":"https:\/\/sites.uel.br\/pdi\/wp-json\/wp\/v2\/pages\/1881","targetHints":{"allow":["GET"]}}],"collection":[{"href":"https:\/\/sites.uel.br\/pdi\/wp-json\/wp\/v2\/pages"}],"about":[{"href":"https:\/\/sites.uel.br\/pdi\/wp-json\/wp\/v2\/types\/page"}],"author":[{"embeddable":true,"href":"https:\/\/sites.uel.br\/pdi\/wp-json\/wp\/v2\/users\/8"}],"replies":[{"embeddable":true,"href":"https:\/\/sites.uel.br\/pdi\/wp-json\/wp\/v2\/comments?post=1881"}],"version-history":[{"count":1,"href":"https:\/\/sites.uel.br\/pdi\/wp-json\/wp\/v2\/pages\/1881\/revisions"}],"predecessor-version":[{"id":1882,"href":"https:\/\/sites.uel.br\/pdi\/wp-json\/wp\/v2\/pages\/1881\/revisions\/1882"}],"wp:attachment":[{"href":"https:\/\/sites.uel.br\/pdi\/wp-json\/wp\/v2\/media?parent=1881"}],"curies":[{"name":"wp","href":"https:\/\/api.w.org\/{rel}","templated":true}]}}