{"id":1879,"date":"2022-11-02T16:04:53","date_gmt":"2022-11-02T19:04:53","guid":{"rendered":"https:\/\/sites.uel.br\/pdi\/?page_id=1879"},"modified":"2022-11-02T16:04:53","modified_gmt":"2022-11-02T19:04:53","slug":"camara-de-graduacao","status":"publish","type":"page","link":"https:\/\/sites.uel.br\/pdi\/camara-de-graduacao\/","title":{"rendered":"C\u00e2mara de Gradua\u00e7\u00e3o"},"content":{"rendered":"\n<p class=\"has-white-color has-text-color\">.<\/p>\n\n\n\n<p>\u00c0 C\u00e2mara de Gradua\u00e7\u00e3o compete:<\/p>\n\n\n\n<ul class=\"wp-block-list\">\n<li>Aprovar o calend\u00e1rio das atividades de gradua\u00e7\u00e3o.<\/li>\n\n\n\n<li>Aprovar diretrizes espec\u00edficas dos cursos de gradua\u00e7\u00e3o, de acordo com a pol\u00edtica acad\u00eamica estabelecida pelo Conselho de Ensino, Pesquisa e Extens\u00e3o.<\/li>\n\n\n\n<li>Aprovar normas espec\u00edficas para as atividades de gradua\u00e7\u00e3o, em conson\u00e2ncia com a pol\u00edtica do Conselho de Ensino, Pesquisa e Extens\u00e3o.<\/li>\n\n\n\n<li>Aprovar a\u00e7\u00f5es para o desenvolvimento da gradua\u00e7\u00e3o.<\/li>\n\n\n\n<li>Aprovar mat\u00e9rias referentes ao ensino de gradua\u00e7\u00e3o e \u00e0 sua administra\u00e7\u00e3o.<\/li>\n\n\n\n<li>Emitir parecer sobre os projetos pol\u00edtico-pedag\u00f3gicos dos cursos de gradua\u00e7\u00e3o, bem como suas altera\u00e7\u00f5es.<\/li>\n\n\n\n<li>Coordenar, acompanhar e estabelecer mecanismos de controle e aperfei\u00e7oamento do processo de avalia\u00e7\u00e3o das atividades dos cursos de gradua\u00e7\u00e3o.<\/li>\n\n\n\n<li>Emitir parecer sobre a cria\u00e7\u00e3o e extin\u00e7\u00e3o de cursos de gradua\u00e7\u00e3o.<\/li>\n\n\n\n<li>Realizar, atrav\u00e9s das comiss\u00f5es especiais, a revalida\u00e7\u00e3o de t\u00edtulos e diplomas de gradua\u00e7\u00e3o.<\/li>\n\n\n\n<li>Emitir parecer sobre a concess\u00e3o de bolsas e aux\u00edlios, quando solicitada.<\/li>\n\n\n\n<li>Deliberar sobre recursos, em mat\u00e9rias referentes \u00e0 gradua\u00e7\u00e3o, interpostos contra decis\u00e3o dos Conselhos de Centro.<\/li>\n\n\n\n<li>Emitir parecer sobre a cria\u00e7\u00e3o, desenvolvimento e extin\u00e7\u00e3o de cursos de gradua\u00e7\u00e3o, fora da sede.<\/li>\n\n\n\n<li>Propor ao Conselho de Ensino, Pesquisa e Extens\u00e3o o or\u00e7amento para as atividades de gradua\u00e7\u00e3o.<\/li>\n\n\n\n<li>Aprovar, acompanhar e avaliar os resultados dos projetos de ensino e programas de forma\u00e7\u00e3o complementar dos cursos de gradua\u00e7\u00e3o.<\/li>\n\n\n\n<li>Aprovar as atividades pedag\u00f3gicas de gradua\u00e7\u00e3o, ouvidas as Unidades, os Departamentos e os Colegiados de Cursos.<\/li>\n<\/ul>\n","protected":false},"excerpt":{"rendered":"<p>. \u00c0 C\u00e2mara de Gradua\u00e7\u00e3o compete:<\/p>\n","protected":false},"author":8,"featured_media":0,"parent":0,"menu_order":0,"comment_status":"closed","ping_status":"closed","template":"","meta":{"footnotes":""},"class_list":["post-1879","page","type-page","status-publish","hentry"],"acf":[],"_links":{"self":[{"href":"https:\/\/sites.uel.br\/pdi\/wp-json\/wp\/v2\/pages\/1879","targetHints":{"allow":["GET"]}}],"collection":[{"href":"https:\/\/sites.uel.br\/pdi\/wp-json\/wp\/v2\/pages"}],"about":[{"href":"https:\/\/sites.uel.br\/pdi\/wp-json\/wp\/v2\/types\/page"}],"author":[{"embeddable":true,"href":"https:\/\/sites.uel.br\/pdi\/wp-json\/wp\/v2\/users\/8"}],"replies":[{"embeddable":true,"href":"https:\/\/sites.uel.br\/pdi\/wp-json\/wp\/v2\/comments?post=1879"}],"version-history":[{"count":1,"href":"https:\/\/sites.uel.br\/pdi\/wp-json\/wp\/v2\/pages\/1879\/revisions"}],"predecessor-version":[{"id":1880,"href":"https:\/\/sites.uel.br\/pdi\/wp-json\/wp\/v2\/pages\/1879\/revisions\/1880"}],"wp:attachment":[{"href":"https:\/\/sites.uel.br\/pdi\/wp-json\/wp\/v2\/media?parent=1879"}],"curies":[{"name":"wp","href":"https:\/\/api.w.org\/{rel}","templated":true}]}}