{"id":1876,"date":"2022-11-02T15:45:13","date_gmt":"2022-11-02T18:45:13","guid":{"rendered":"https:\/\/sites.uel.br\/pdi\/?page_id=1876"},"modified":"2022-11-02T15:45:13","modified_gmt":"2022-11-02T18:45:13","slug":"conselho-de-ensino-pesquisa-e-extensao","status":"publish","type":"page","link":"https:\/\/sites.uel.br\/pdi\/conselho-de-ensino-pesquisa-e-extensao\/","title":{"rendered":"Conselho de Ensino, Pesquisa e Extens\u00e3o"},"content":{"rendered":"\n<p class=\"has-white-color has-text-color\">.<\/p>\n\n\n\n<p>Ao Conselho de Ensino, Pesquisa e Extens\u00e3o compete:<\/p>\n\n\n\n<ul class=\"wp-block-list\">\n<li>Apreciar e homologar o Calend\u00e1rio Acad\u00eamico da Universidade.<\/li>\n\n\n\n<li>Aprovar a cria\u00e7\u00e3o e a extin\u00e7\u00e3o de cursos de gradua\u00e7\u00e3o e p\u00f3s-gradua\u00e7\u00e3o, ouvido o Conselho de Administra\u00e7\u00e3o.<\/li>\n\n\n\n<li>Estabelecer e avaliar as pol\u00edticas globais para o ensino, pesquisa e extens\u00e3o e capacita\u00e7\u00e3o docente na Universidade.<\/li>\n\n\n\n<li>Aprovar normas, regulamenta\u00e7\u00f5es e instru\u00e7\u00f5es vinculadas \u00e0s atividades de ensino de gradua\u00e7\u00e3o e p\u00f3s-gradua\u00e7\u00e3o, pesquisa e extens\u00e3o da Institui\u00e7\u00e3o.<\/li>\n\n\n\n<li>Propor \u00e0 Reitoria o or\u00e7amento para as atividades de ensino de gradua\u00e7\u00e3o e p\u00f3s-gradua\u00e7\u00e3o, pesquisa e extens\u00e3o da Universidade.<\/li>\n\n\n\n<li>Autorizar a oferta de cursos de gradua\u00e7\u00e3o e p\u00f3s-gradua\u00e7\u00e3o fora da sede, ouvido o Conselho de Administra\u00e7\u00e3o.<\/li>\n\n\n\n<li>Decidir sobre todos os aspectos acad\u00eamicos n\u00e3o previstos dentre as atribui\u00e7\u00f5es de suas C\u00e2maras.<\/li>\n\n\n\n<li>Aprovar a cria\u00e7\u00e3o e a organiza\u00e7\u00e3o de atividades pedag\u00f3gicas, ouvido o Conselho de Administra\u00e7\u00e3o.<\/li>\n\n\n\n<li>Aprovar o n\u00famero de vagas para cada curso de gradua\u00e7\u00e3o, ouvido o Conselho de Administra\u00e7\u00e3o.<\/li>\n\n\n\n<li>Aprovar normas de avalia\u00e7\u00e3o de ensino e de promo\u00e7\u00e3o de estudantes.<\/li>\n\n\n\n<li>Baixar normas sobre a forma de ingresso de candidatos aos cursos de gradua\u00e7\u00e3o.<\/li>\n\n\n\n<li>Aprovar normas para concurso p\u00fablico de docentes.<\/li>\n\n\n\n<li>Elaborar pol\u00edticas para fixa\u00e7\u00e3o do quadro docente da Universidade.<\/li>\n\n\n\n<li>Deliberar sobre a equival\u00eancia de t\u00edtulos universit\u00e1rios e revalida\u00e7\u00e3o de diplomas estrangeiros, respeitada a legisla\u00e7\u00e3o pertinente.<\/li>\n\n\n\n<li>Aprovar os projetos pol\u00edtico-pedag\u00f3gicos dos cursos, no \u00e2mbito da sua compet\u00eancia.<\/li>\n\n\n\n<li>Deliberar, originalmente ou em grau de recurso, sobre qualquer outra mat\u00e9ria de sua esfera de compet\u00eancia.&nbsp;<\/li>\n\n\n\n<li>Julgar os vetos a ele encaminhados.<\/li>\n\n\n\n<li>Emitir parecer sobre a cria\u00e7\u00e3o, extin\u00e7\u00e3o, agrega\u00e7\u00e3o e amplia\u00e7\u00e3o de Centros ou Departamentos.<\/li>\n\n\n\n<li>Aprovar normas de concess\u00e3o de bolsas.<\/li>\n<\/ul>\n\n\n\n<p>O Conselho de Ensino, Pesquisa e Extens\u00e3o comp\u00f5e-se das seguintes c\u00e2maras deliberativas:<\/p>\n\n\n\n<ul class=\"wp-block-list\">\n<li>C\u00e2mara de Gradua\u00e7\u00e3o<\/li>\n\n\n\n<li>C\u00e2mara de Pesquisa<\/li>\n\n\n\n<li>C\u00e2mara de P\u00f3s-Gradua\u00e7\u00e3o<\/li>\n\n\n\n<li>C\u00e2mara de Extens\u00e3o<\/li>\n<\/ul>\n","protected":false},"excerpt":{"rendered":"<p>. Ao Conselho de Ensino, Pesquisa e Extens\u00e3o compete: O Conselho de Ensino, Pesquisa e Extens\u00e3o comp\u00f5e-se das seguintes c\u00e2maras deliberativas:<\/p>\n","protected":false},"author":8,"featured_media":0,"parent":0,"menu_order":0,"comment_status":"closed","ping_status":"closed","template":"","meta":{"footnotes":""},"class_list":["post-1876","page","type-page","status-publish","hentry"],"acf":[],"_links":{"self":[{"href":"https:\/\/sites.uel.br\/pdi\/wp-json\/wp\/v2\/pages\/1876","targetHints":{"allow":["GET"]}}],"collection":[{"href":"https:\/\/sites.uel.br\/pdi\/wp-json\/wp\/v2\/pages"}],"about":[{"href":"https:\/\/sites.uel.br\/pdi\/wp-json\/wp\/v2\/types\/page"}],"author":[{"embeddable":true,"href":"https:\/\/sites.uel.br\/pdi\/wp-json\/wp\/v2\/users\/8"}],"replies":[{"embeddable":true,"href":"https:\/\/sites.uel.br\/pdi\/wp-json\/wp\/v2\/comments?post=1876"}],"version-history":[{"count":1,"href":"https:\/\/sites.uel.br\/pdi\/wp-json\/wp\/v2\/pages\/1876\/revisions"}],"predecessor-version":[{"id":1877,"href":"https:\/\/sites.uel.br\/pdi\/wp-json\/wp\/v2\/pages\/1876\/revisions\/1877"}],"wp:attachment":[{"href":"https:\/\/sites.uel.br\/pdi\/wp-json\/wp\/v2\/media?parent=1876"}],"curies":[{"name":"wp","href":"https:\/\/api.w.org\/{rel}","templated":true}]}}