{"id":1874,"date":"2022-11-02T15:44:26","date_gmt":"2022-11-02T18:44:26","guid":{"rendered":"https:\/\/sites.uel.br\/pdi\/?page_id=1874"},"modified":"2022-11-02T15:44:26","modified_gmt":"2022-11-02T18:44:26","slug":"conselho-de-administracao","status":"publish","type":"page","link":"https:\/\/sites.uel.br\/pdi\/conselho-de-administracao\/","title":{"rendered":"Conselho de Administra\u00e7\u00e3o"},"content":{"rendered":"\n<p class=\"has-white-color has-text-color\">.<\/p>\n\n\n\n<p>Compete ao Conselho de Administra\u00e7\u00e3o:<\/p>\n\n\n\n<ul class=\"wp-block-list\">\n<li>Estabelecer crit\u00e9rios e instrumentos para as contrata\u00e7\u00f5es de docentes e t\u00e9cnicos-administrativos no \u00e2mbito da Universidade.<\/li>\n\n\n\n<li>Aprovar as contrata\u00e7\u00f5es de docentes e t\u00e9cnicos administrativos no \u00e2mbito da Universidade.<\/li>\n\n\n\n<li>Aprovar conv\u00eanios firmados entre a Universidade e outras institui\u00e7\u00f5es, observado o par\u00e1grafo \u00fanico do artigo primeiro do Estatuto da Universidade Estadual de Londrina.<\/li>\n\n\n\n<li>Emitir parecer sobre a cria\u00e7\u00e3o, extin\u00e7\u00e3o, fus\u00e3o, amplia\u00e7\u00e3o e desdobramento de atividades pedag\u00f3gicas, assim como de cursos de gradua\u00e7\u00e3o, p\u00f3s-gradua\u00e7\u00e3o e extens\u00e3o.<\/li>\n\n\n\n<li>Emitir parecer sobre a cria\u00e7\u00e3o, extin\u00e7\u00e3o, agrega\u00e7\u00e3o e amplia\u00e7\u00e3o de Centros ou Departamentos.<\/li>\n\n\n\n<li>Propor o or\u00e7amento geral da Universidade ao Conselho Universit\u00e1rio.<\/li>\n\n\n\n<li>Deliberar, quanto aos aspectos administrativos e financeiros, sobre acordos entre unidades universit\u00e1rias e entidades oficiais ou particulares para realiza\u00e7\u00e3o de atividades did\u00e1ticas, de pesquisa, bem como as concernentes \u00e0 extens\u00e3o de servi\u00e7os \u00e0 coletividade, ouvido o Conselho de Ensino, Pesquisa e Extens\u00e3o.<\/li>\n\n\n\n<li>Emitir parecer sobre o n\u00famero e valor de bolsas de estudos.<\/li>\n\n\n\n<li>Deliberar sobre afastamento remunerado do servidor, quando for necess\u00e1ria a substitui\u00e7\u00e3o do servidor licenciado.<\/li>\n\n\n\n<li>Deliberar sobre a aliena\u00e7\u00e3o de bens moveis da Universidade.<\/li>\n\n\n\n<li>Autorizar a aquisi\u00e7\u00e3o de bens im\u00f3veis, assim como a cess\u00e3o e arrendamento de tais bens.<\/li>\n\n\n\n<li>Emitir parecer sobre a aliena\u00e7\u00e3o de bens im\u00f3veis.<\/li>\n\n\n\n<li>Fixar os valores de contribui\u00e7\u00f5es e emolumentos.<\/li>\n\n\n\n<li>Propor ao Conselho Universit\u00e1rio plano de cargos e sal\u00e1rios da Universidade.<\/li>\n\n\n\n<li>Instituir pr\u00eamios pecuni\u00e1rios.<\/li>\n\n\n\n<li>Elaborar o regulamento dos servidores da Universidade, para aprecia\u00e7\u00e3o pelo Conselho Universit\u00e1rio.<\/li>\n\n\n\n<li>Aprovar normas para concurso p\u00fablico de servidores t\u00e9cnico-administrativos.<\/li>\n\n\n\n<li>Emitir parecer sobre o n\u00famero de vagas para cada curso.<\/li>\n\n\n\n<li>Avaliar as atividades financeiras e administrativas da Universidade.<\/li>\n\n\n\n<li>Emitir parecer sobre a oferta de cursos de gradua\u00e7\u00e3o e de p\u00f3s-gradua\u00e7\u00e3o fora da sede da Universidade.<\/li>\n\n\n\n<li>Julgar os recursos e vetos a ele encaminhados.<\/li>\n\n\n\n<li>Prestar contas das atividades financeiras ao Conselho Universit\u00e1rio.<\/li>\n<\/ul>\n","protected":false},"excerpt":{"rendered":"<p>. Compete ao Conselho de Administra\u00e7\u00e3o:<\/p>\n","protected":false},"author":8,"featured_media":0,"parent":0,"menu_order":0,"comment_status":"closed","ping_status":"closed","template":"","meta":{"footnotes":""},"class_list":["post-1874","page","type-page","status-publish","hentry"],"acf":[],"_links":{"self":[{"href":"https:\/\/sites.uel.br\/pdi\/wp-json\/wp\/v2\/pages\/1874","targetHints":{"allow":["GET"]}}],"collection":[{"href":"https:\/\/sites.uel.br\/pdi\/wp-json\/wp\/v2\/pages"}],"about":[{"href":"https:\/\/sites.uel.br\/pdi\/wp-json\/wp\/v2\/types\/page"}],"author":[{"embeddable":true,"href":"https:\/\/sites.uel.br\/pdi\/wp-json\/wp\/v2\/users\/8"}],"replies":[{"embeddable":true,"href":"https:\/\/sites.uel.br\/pdi\/wp-json\/wp\/v2\/comments?post=1874"}],"version-history":[{"count":1,"href":"https:\/\/sites.uel.br\/pdi\/wp-json\/wp\/v2\/pages\/1874\/revisions"}],"predecessor-version":[{"id":1875,"href":"https:\/\/sites.uel.br\/pdi\/wp-json\/wp\/v2\/pages\/1874\/revisions\/1875"}],"wp:attachment":[{"href":"https:\/\/sites.uel.br\/pdi\/wp-json\/wp\/v2\/media?parent=1874"}],"curies":[{"name":"wp","href":"https:\/\/api.w.org\/{rel}","templated":true}]}}