{"id":1872,"date":"2022-11-02T15:43:45","date_gmt":"2022-11-02T18:43:45","guid":{"rendered":"https:\/\/sites.uel.br\/pdi\/?page_id=1872"},"modified":"2022-11-02T15:43:45","modified_gmt":"2022-11-02T18:43:45","slug":"conselho-universitario","status":"publish","type":"page","link":"https:\/\/sites.uel.br\/pdi\/conselho-universitario\/","title":{"rendered":"Conselho Universit\u00e1rio"},"content":{"rendered":"\n<p class=\"has-text-color\" style=\"color:#fefefe\">.<\/p>\n\n\n\n<p>Compete ao Conselho Universit\u00e1rio:<\/p>\n\n\n\n<ul class=\"wp-block-list\">\n<li>Exercer a supervis\u00e3o da Universidade e tra\u00e7ar a pol\u00edtica universit\u00e1ria.<\/li>\n\n\n\n<li>Aprovar por proposta do Reitor ou dos Conselhos de Centro a concess\u00e3o de t\u00edtulos de Doutor&nbsp;<em>Honoris Causa<\/em>, de Professor Em\u00e9rito, de Funcion\u00e1rio T\u00e9cnico-Administrativo Em\u00e9rito, de Estudante Em\u00e9rito e de Benem\u00e9rito da Universidade a pessoas f\u00edsicas, pessoas jur\u00eddicas e n\u00facleos familiares que contribu\u00edram para o desenvolvimento da Institui\u00e7\u00e3o.<\/li>\n\n\n\n<li>Emendar o presente Estatuto por delibera\u00e7\u00e3o de dois ter\u00e7os (2\/3) de seus membros.<\/li>\n\n\n\n<li>Aprovar os planos de expans\u00e3o e desenvolvimento, bem como a cria\u00e7\u00e3o, modifica\u00e7\u00e3o e extin\u00e7\u00e3o de \u00f3rg\u00e3os na Universidade.<\/li>\n\n\n\n<li>Constituir as suas comiss\u00f5es permanentes e transit\u00f3rias.<\/li>\n\n\n\n<li>Elaborar ou emendar o Regimento Geral da Universidade por delibera\u00e7\u00e3o da maioria de seus membros e aprovar os Regimentos das Unidades, dos Departamentos, dos \u00d3rg\u00e3os Suplementares e da Reitoria.<\/li>\n\n\n\n<li>Julgar os recursos e vetos a ele encaminhados, em \u00faltima inst\u00e2ncia.<\/li>\n\n\n\n<li>Instituir pr\u00eamios honor\u00edficos como est\u00edmulo \u00e0s atividades universit\u00e1rias.<\/li>\n\n\n\n<li>Avocar, por proposta do Reitor ou de dois ter\u00e7os (2\/3) de seus membros, a decis\u00e3o de qualquer assunto de interesse relevante, de compet\u00eancia das demais inst\u00e2ncias da Universidade.<\/li>\n\n\n\n<li>Conhecer e deliberar em \u00faltima inst\u00e2ncia sobre recursos interpostos contra penas disciplinares impostas pelas autoridades universit\u00e1rias.<\/li>\n\n\n\n<li>Deliberar sobre aliena\u00e7\u00e3o de bens im\u00f3veis, por dois ter\u00e7os (2\/3) de seus membros.<\/li>\n\n\n\n<li>Decidir sobre homenagens, no recito da Institui\u00e7\u00e3o, a pessoas que tenham prestado contribui\u00e7\u00e3o relevante \u00e0 Universidade ou a qualquer ramo das ci\u00eancias, letras ou artes.<\/li>\n\n\n\n<li>Exercer a fiscaliza\u00e7\u00e3o econ\u00f4mico-financeira e de auditoria da Universidade.<\/li>\n\n\n\n<li>Escolher, dentre os nomes indicados pelo Reitor, o Assessor de Auditoria Interna.<\/li>\n\n\n\n<li>Aprovar, por proposta do Conselho de Administra\u00e7\u00e3o, o or\u00e7amento anual da Universidade.<\/li>\n\n\n\n<li>Aprovar o Regulamento do Pessoal da Universidade.<\/li>\n\n\n\n<li>Aprovar o Plano de Cargos e Sal\u00e1rios da Universidade por proposta do Conselho de Administra\u00e7\u00e3o.<\/li>\n\n\n\n<li>Deliberar sobre os casos omissos neste Estatuto, desde que, por sua natureza, n\u00e3o sejam da compet\u00eancia de outros \u00f3rg\u00e3os.<\/li>\n\n\n\n<li>Prestar contas das atividades financeiras e administrativas \u00e0 comunidade e \u00f3rg\u00e3os competentes de acordo com a legisla\u00e7\u00e3o vigente.<\/li>\n<\/ul>\n","protected":false},"excerpt":{"rendered":"<p>. Compete ao Conselho Universit\u00e1rio:<\/p>\n","protected":false},"author":8,"featured_media":0,"parent":0,"menu_order":0,"comment_status":"closed","ping_status":"closed","template":"","meta":{"footnotes":""},"class_list":["post-1872","page","type-page","status-publish","hentry"],"acf":[],"_links":{"self":[{"href":"https:\/\/sites.uel.br\/pdi\/wp-json\/wp\/v2\/pages\/1872","targetHints":{"allow":["GET"]}}],"collection":[{"href":"https:\/\/sites.uel.br\/pdi\/wp-json\/wp\/v2\/pages"}],"about":[{"href":"https:\/\/sites.uel.br\/pdi\/wp-json\/wp\/v2\/types\/page"}],"author":[{"embeddable":true,"href":"https:\/\/sites.uel.br\/pdi\/wp-json\/wp\/v2\/users\/8"}],"replies":[{"embeddable":true,"href":"https:\/\/sites.uel.br\/pdi\/wp-json\/wp\/v2\/comments?post=1872"}],"version-history":[{"count":1,"href":"https:\/\/sites.uel.br\/pdi\/wp-json\/wp\/v2\/pages\/1872\/revisions"}],"predecessor-version":[{"id":1873,"href":"https:\/\/sites.uel.br\/pdi\/wp-json\/wp\/v2\/pages\/1872\/revisions\/1873"}],"wp:attachment":[{"href":"https:\/\/sites.uel.br\/pdi\/wp-json\/wp\/v2\/media?parent=1872"}],"curies":[{"name":"wp","href":"https:\/\/api.w.org\/{rel}","templated":true}]}}