{"id":1849,"date":"2022-11-02T15:19:53","date_gmt":"2022-11-02T18:19:53","guid":{"rendered":"https:\/\/sites.uel.br\/pdi\/?page_id=1849"},"modified":"2022-11-02T15:19:53","modified_gmt":"2022-11-02T18:19:53","slug":"parecer","status":"publish","type":"page","link":"https:\/\/sites.uel.br\/pdi\/parecer\/","title":{"rendered":"Parecer"},"content":{"rendered":"\n<p class=\"has-white-color has-text-color\">.<\/p>\n\n\n\n<p>O Parecer \u00e9 ato n\u00e3o decis\u00f3rio pelo qual os \u00d3rg\u00e3os da Reitoria emitem ju\u00edzo ou opini\u00e3o sobre assuntos submetidos a sua consulta e, quando homologado pelo Reitor, adquire for\u00e7a normativa.<\/p>\n","protected":false},"excerpt":{"rendered":"<p>. O Parecer \u00e9 ato n\u00e3o decis\u00f3rio pelo qual os \u00d3rg\u00e3os da Reitoria emitem ju\u00edzo ou opini\u00e3o sobre assuntos submetidos a sua consulta e, quando homologado pelo Reitor, adquire for\u00e7a normativa.<\/p>\n","protected":false},"author":8,"featured_media":0,"parent":0,"menu_order":0,"comment_status":"closed","ping_status":"closed","template":"","meta":{"footnotes":""},"class_list":["post-1849","page","type-page","status-publish","hentry"],"acf":[],"_links":{"self":[{"href":"https:\/\/sites.uel.br\/pdi\/wp-json\/wp\/v2\/pages\/1849","targetHints":{"allow":["GET"]}}],"collection":[{"href":"https:\/\/sites.uel.br\/pdi\/wp-json\/wp\/v2\/pages"}],"about":[{"href":"https:\/\/sites.uel.br\/pdi\/wp-json\/wp\/v2\/types\/page"}],"author":[{"embeddable":true,"href":"https:\/\/sites.uel.br\/pdi\/wp-json\/wp\/v2\/users\/8"}],"replies":[{"embeddable":true,"href":"https:\/\/sites.uel.br\/pdi\/wp-json\/wp\/v2\/comments?post=1849"}],"version-history":[{"count":1,"href":"https:\/\/sites.uel.br\/pdi\/wp-json\/wp\/v2\/pages\/1849\/revisions"}],"predecessor-version":[{"id":1850,"href":"https:\/\/sites.uel.br\/pdi\/wp-json\/wp\/v2\/pages\/1849\/revisions\/1850"}],"wp:attachment":[{"href":"https:\/\/sites.uel.br\/pdi\/wp-json\/wp\/v2\/media?parent=1849"}],"curies":[{"name":"wp","href":"https:\/\/api.w.org\/{rel}","templated":true}]}}