{"id":1845,"date":"2022-11-02T15:18:33","date_gmt":"2022-11-02T18:18:33","guid":{"rendered":"https:\/\/sites.uel.br\/pdi\/?page_id=1845"},"modified":"2022-11-02T15:18:33","modified_gmt":"2022-11-02T18:18:33","slug":"instrucao-de-servico","status":"publish","type":"page","link":"https:\/\/sites.uel.br\/pdi\/instrucao-de-servico\/","title":{"rendered":"Instru\u00e7\u00e3o de Servi\u00e7o"},"content":{"rendered":"\n<p class=\"has-white-color has-text-color\">.<\/p>\n\n\n\n<p>A Instru\u00e7\u00e3o de Servi\u00e7o, expedida pelo Reitor ou dirigentes de \u00d3rg\u00e3o da Reitoria, destina-se a orientar ou recomendar a forma de execu\u00e7\u00e3o dos servi\u00e7os.<\/p>\n","protected":false},"excerpt":{"rendered":"<p>. A Instru\u00e7\u00e3o de Servi\u00e7o, expedida pelo Reitor ou dirigentes de \u00d3rg\u00e3o da Reitoria, destina-se a orientar ou recomendar a forma de execu\u00e7\u00e3o dos servi\u00e7os.<\/p>\n","protected":false},"author":8,"featured_media":0,"parent":0,"menu_order":0,"comment_status":"closed","ping_status":"closed","template":"","meta":{"footnotes":""},"class_list":["post-1845","page","type-page","status-publish","hentry"],"acf":[],"_links":{"self":[{"href":"https:\/\/sites.uel.br\/pdi\/wp-json\/wp\/v2\/pages\/1845","targetHints":{"allow":["GET"]}}],"collection":[{"href":"https:\/\/sites.uel.br\/pdi\/wp-json\/wp\/v2\/pages"}],"about":[{"href":"https:\/\/sites.uel.br\/pdi\/wp-json\/wp\/v2\/types\/page"}],"author":[{"embeddable":true,"href":"https:\/\/sites.uel.br\/pdi\/wp-json\/wp\/v2\/users\/8"}],"replies":[{"embeddable":true,"href":"https:\/\/sites.uel.br\/pdi\/wp-json\/wp\/v2\/comments?post=1845"}],"version-history":[{"count":1,"href":"https:\/\/sites.uel.br\/pdi\/wp-json\/wp\/v2\/pages\/1845\/revisions"}],"predecessor-version":[{"id":1846,"href":"https:\/\/sites.uel.br\/pdi\/wp-json\/wp\/v2\/pages\/1845\/revisions\/1846"}],"wp:attachment":[{"href":"https:\/\/sites.uel.br\/pdi\/wp-json\/wp\/v2\/media?parent=1845"}],"curies":[{"name":"wp","href":"https:\/\/api.w.org\/{rel}","templated":true}]}}