{"id":1843,"date":"2022-11-02T15:17:58","date_gmt":"2022-11-02T18:17:58","guid":{"rendered":"https:\/\/sites.uel.br\/pdi\/?page_id=1843"},"modified":"2022-11-02T15:17:58","modified_gmt":"2022-11-02T18:17:58","slug":"mensagem","status":"publish","type":"page","link":"https:\/\/sites.uel.br\/pdi\/mensagem\/","title":{"rendered":"Mensagem"},"content":{"rendered":"\n<p class=\"has-white-color has-text-color\">.<\/p>\n\n\n\n<p>Com a Mensagem, o Reitor encaminha aos \u00d3rg\u00e3os Colegiados da Universidade mat\u00e9rias sujeitas \u00e0 delibera\u00e7\u00e3o destes, ou apresenta emendas aditivas, supressivas ou substitutivas a projetos que neles tramitam.<\/p>\n","protected":false},"excerpt":{"rendered":"<p>. Com a Mensagem, o Reitor encaminha aos \u00d3rg\u00e3os Colegiados da Universidade mat\u00e9rias sujeitas \u00e0 delibera\u00e7\u00e3o destes, ou apresenta emendas aditivas, supressivas ou substitutivas a projetos que neles tramitam.<\/p>\n","protected":false},"author":8,"featured_media":0,"parent":0,"menu_order":0,"comment_status":"closed","ping_status":"closed","template":"","meta":{"footnotes":""},"class_list":["post-1843","page","type-page","status-publish","hentry"],"acf":[],"_links":{"self":[{"href":"https:\/\/sites.uel.br\/pdi\/wp-json\/wp\/v2\/pages\/1843","targetHints":{"allow":["GET"]}}],"collection":[{"href":"https:\/\/sites.uel.br\/pdi\/wp-json\/wp\/v2\/pages"}],"about":[{"href":"https:\/\/sites.uel.br\/pdi\/wp-json\/wp\/v2\/types\/page"}],"author":[{"embeddable":true,"href":"https:\/\/sites.uel.br\/pdi\/wp-json\/wp\/v2\/users\/8"}],"replies":[{"embeddable":true,"href":"https:\/\/sites.uel.br\/pdi\/wp-json\/wp\/v2\/comments?post=1843"}],"version-history":[{"count":1,"href":"https:\/\/sites.uel.br\/pdi\/wp-json\/wp\/v2\/pages\/1843\/revisions"}],"predecessor-version":[{"id":1844,"href":"https:\/\/sites.uel.br\/pdi\/wp-json\/wp\/v2\/pages\/1843\/revisions\/1844"}],"wp:attachment":[{"href":"https:\/\/sites.uel.br\/pdi\/wp-json\/wp\/v2\/media?parent=1843"}],"curies":[{"name":"wp","href":"https:\/\/api.w.org\/{rel}","templated":true}]}}