{"id":1837,"date":"2022-11-02T15:16:18","date_gmt":"2022-11-02T18:16:18","guid":{"rendered":"https:\/\/sites.uel.br\/pdi\/?page_id=1837"},"modified":"2022-11-02T15:21:33","modified_gmt":"2022-11-02T18:21:33","slug":"atos-dos-orgaos-da-reitoria","status":"publish","type":"page","link":"https:\/\/sites.uel.br\/pdi\/atos-dos-orgaos-da-reitoria\/","title":{"rendered":"Atos dos \u00d3rg\u00e3os da Reitoria"},"content":{"rendered":"\n<p class=\"has-white-color has-text-color\">.<\/p>\n\n\n\n<p>Os Atos dos \u00d3rg\u00e3os da Reitoria t\u00eam as seguintes formas:<\/p>\n\n\n\n<ul class=\"wp-block-list\">\n<li>Ato Executivo;<\/li>\n\n\n\n<li>Portaria;<\/li>\n\n\n\n<li>Mensagem;<\/li>\n\n\n\n<li>Instru\u00e7\u00e3o de Servi\u00e7o;<\/li>\n\n\n\n<li>Ordem de Servi\u00e7o;<\/li>\n\n\n\n<li>Parecer.<\/li>\n<\/ul>\n\n\n\n<p>Salvo disposi\u00e7\u00e3o em contr\u00e1rio, os atos entrem em vigor na data em que forem homologados pela Reitoria, devendo ser obrigatoriamente publicizados.<\/p>\n","protected":false},"excerpt":{"rendered":"<p>. Os Atos dos \u00d3rg\u00e3os da Reitoria t\u00eam as seguintes formas: Salvo disposi\u00e7\u00e3o em contr\u00e1rio, os atos entrem em vigor na data em que forem homologados pela Reitoria, devendo ser obrigatoriamente publicizados.<\/p>\n","protected":false},"author":8,"featured_media":0,"parent":0,"menu_order":0,"comment_status":"closed","ping_status":"closed","template":"","meta":{"footnotes":""},"class_list":["post-1837","page","type-page","status-publish","hentry"],"acf":[],"_links":{"self":[{"href":"https:\/\/sites.uel.br\/pdi\/wp-json\/wp\/v2\/pages\/1837","targetHints":{"allow":["GET"]}}],"collection":[{"href":"https:\/\/sites.uel.br\/pdi\/wp-json\/wp\/v2\/pages"}],"about":[{"href":"https:\/\/sites.uel.br\/pdi\/wp-json\/wp\/v2\/types\/page"}],"author":[{"embeddable":true,"href":"https:\/\/sites.uel.br\/pdi\/wp-json\/wp\/v2\/users\/8"}],"replies":[{"embeddable":true,"href":"https:\/\/sites.uel.br\/pdi\/wp-json\/wp\/v2\/comments?post=1837"}],"version-history":[{"count":2,"href":"https:\/\/sites.uel.br\/pdi\/wp-json\/wp\/v2\/pages\/1837\/revisions"}],"predecessor-version":[{"id":1851,"href":"https:\/\/sites.uel.br\/pdi\/wp-json\/wp\/v2\/pages\/1837\/revisions\/1851"}],"wp:attachment":[{"href":"https:\/\/sites.uel.br\/pdi\/wp-json\/wp\/v2\/media?parent=1837"}],"curies":[{"name":"wp","href":"https:\/\/api.w.org\/{rel}","templated":true}]}}