{"id":183,"date":"2022-09-07T14:47:38","date_gmt":"2022-09-07T17:47:38","guid":{"rendered":"https:\/\/sites.uel.br\/pdi\/?page_id=183"},"modified":"2024-06-19T15:06:58","modified_gmt":"2024-06-19T18:06:58","slug":"macroetapas","status":"publish","type":"page","link":"https:\/\/sites.uel.br\/pdi\/macroetapas\/","title":{"rendered":"Macroetapas"},"content":{"rendered":"\n<p class=\"has-white-color has-text-color\">&#8211;<\/p>\n\n\n\n<p>A elabora\u00e7\u00e3o do Plano de Desenvolvimento Institucional da Universidade Estadual de Londrina, com per\u00edodo de vig\u00eancia previsto para o intervalo 2024-2028, obedeceu a uma metodologia composta por quatro macroetapas de atividades, sendo elas:<\/p>\n\n\n\n<div class=\"wp-block-columns is-not-stacked-on-mobile is-layout-flex wp-container-core-columns-is-layout-9d6595d7 wp-block-columns-is-layout-flex\">\n<div class=\"wp-block-column is-layout-flow wp-block-column-is-layout-flow\" style=\"flex-basis:25%\"><\/div>\n\n\n\n<div class=\"wp-block-column is-layout-flow wp-block-column-is-layout-flow\" style=\"flex-basis:50%\">\n<figure class=\"wp-block-gallery has-nested-images columns-default is-cropped wp-block-gallery-1 is-layout-flex wp-block-gallery-is-layout-flex\">\n<figure class=\"wp-block-image size-large\"><a href=\"https:\/\/sites.uel.br\/pdi\/macroetapa-i-atividades-preparatorias-para-a-elaboracao-do-pdi\/\"><img loading=\"lazy\" decoding=\"async\" width=\"1024\" height=\"576\" data-id=\"4286\" src=\"https:\/\/sites.uel.br\/pdi\/wp-content\/uploads\/2024\/06\/Slide5-5-1024x576.jpg\" alt=\"\" class=\"wp-image-4286\" srcset=\"https:\/\/sites.uel.br\/pdi\/wp-content\/uploads\/2024\/06\/Slide5-5-1024x576.jpg 1024w, https:\/\/sites.uel.br\/pdi\/wp-content\/uploads\/2024\/06\/Slide5-5-300x169.jpg 300w, https:\/\/sites.uel.br\/pdi\/wp-content\/uploads\/2024\/06\/Slide5-5-768x432.jpg 768w, https:\/\/sites.uel.br\/pdi\/wp-content\/uploads\/2024\/06\/Slide5-5.jpg 1280w\" sizes=\"auto, (max-width: 1024px) 100vw, 1024px\" \/><\/a><\/figure>\n<\/figure>\n<\/div>\n\n\n\n<div class=\"wp-block-column is-layout-flow wp-block-column-is-layout-flow\" style=\"flex-basis:25%\"><\/div>\n<\/div>\n\n\n\n<div class=\"wp-block-columns is-not-stacked-on-mobile is-layout-flex wp-container-core-columns-is-layout-9d6595d7 wp-block-columns-is-layout-flex\">\n<div class=\"wp-block-column is-layout-flow wp-block-column-is-layout-flow\" style=\"flex-basis:25%\"><\/div>\n\n\n\n<div class=\"wp-block-column is-layout-flow wp-block-column-is-layout-flow\" style=\"flex-basis:50%\">\n<figure class=\"wp-block-gallery has-nested-images columns-default is-cropped wp-block-gallery-2 is-layout-flex wp-block-gallery-is-layout-flex\">\n<figure class=\"wp-block-image size-large\"><a href=\"https:\/\/sites.uel.br\/pdi\/macroetapa-ii-atividades-de-diagnostico-para-a-elaboracao-do-pdi\/\"><img loading=\"lazy\" decoding=\"async\" width=\"1024\" height=\"576\" data-id=\"4287\" src=\"https:\/\/sites.uel.br\/pdi\/wp-content\/uploads\/2024\/06\/Slide6-4-1024x576.jpg\" alt=\"\" class=\"wp-image-4287\" srcset=\"https:\/\/sites.uel.br\/pdi\/wp-content\/uploads\/2024\/06\/Slide6-4-1024x576.jpg 1024w, https:\/\/sites.uel.br\/pdi\/wp-content\/uploads\/2024\/06\/Slide6-4-300x169.jpg 300w, https:\/\/sites.uel.br\/pdi\/wp-content\/uploads\/2024\/06\/Slide6-4-768x432.jpg 768w, https:\/\/sites.uel.br\/pdi\/wp-content\/uploads\/2024\/06\/Slide6-4.jpg 1280w\" sizes=\"auto, (max-width: 1024px) 100vw, 1024px\" \/><\/a><\/figure>\n<\/figure>\n<\/div>\n\n\n\n<div class=\"wp-block-column is-layout-flow wp-block-column-is-layout-flow\" style=\"flex-basis:25%\"><\/div>\n<\/div>\n\n\n\n<div class=\"wp-block-columns is-not-stacked-on-mobile is-layout-flex wp-container-core-columns-is-layout-9d6595d7 wp-block-columns-is-layout-flex\">\n<div class=\"wp-block-column is-layout-flow wp-block-column-is-layout-flow\" style=\"flex-basis:25%\"><\/div>\n\n\n\n<div class=\"wp-block-column is-layout-flow wp-block-column-is-layout-flow\" style=\"flex-basis:50%\">\n<figure class=\"wp-block-gallery has-nested-images columns-default is-cropped wp-block-gallery-3 is-layout-flex wp-block-gallery-is-layout-flex\">\n<figure class=\"wp-block-image size-large\"><a href=\"https:\/\/sites.uel.br\/pdi\/macroetapa-iii-atividades-de-planejamento-da-elaboracao-do-pdi\/\"><img loading=\"lazy\" decoding=\"async\" width=\"1024\" height=\"576\" data-id=\"4288\" src=\"https:\/\/sites.uel.br\/pdi\/wp-content\/uploads\/2024\/06\/Slide7-3-1024x576.jpg\" alt=\"\" class=\"wp-image-4288\" srcset=\"https:\/\/sites.uel.br\/pdi\/wp-content\/uploads\/2024\/06\/Slide7-3-1024x576.jpg 1024w, https:\/\/sites.uel.br\/pdi\/wp-content\/uploads\/2024\/06\/Slide7-3-300x169.jpg 300w, https:\/\/sites.uel.br\/pdi\/wp-content\/uploads\/2024\/06\/Slide7-3-768x432.jpg 768w, https:\/\/sites.uel.br\/pdi\/wp-content\/uploads\/2024\/06\/Slide7-3.jpg 1280w\" sizes=\"auto, (max-width: 1024px) 100vw, 1024px\" \/><\/a><\/figure>\n<\/figure>\n<\/div>\n\n\n\n<div class=\"wp-block-column is-layout-flow wp-block-column-is-layout-flow\" style=\"flex-basis:25%\"><\/div>\n<\/div>\n\n\n\n<div class=\"wp-block-columns is-not-stacked-on-mobile is-layout-flex wp-container-core-columns-is-layout-9d6595d7 wp-block-columns-is-layout-flex\">\n<div class=\"wp-block-column is-layout-flow wp-block-column-is-layout-flow\" style=\"flex-basis:25%\"><\/div>\n\n\n\n<div class=\"wp-block-column is-layout-flow wp-block-column-is-layout-flow\" style=\"flex-basis:50%\">\n<figure class=\"wp-block-gallery has-nested-images columns-default is-cropped wp-block-gallery-4 is-layout-flex wp-block-gallery-is-layout-flex\">\n<figure class=\"wp-block-image size-large\"><a href=\"https:\/\/sites.uel.br\/pdi\/macroetapa-iv-atividades-de-execucao-e-gestao-do-pdi\/\"><img loading=\"lazy\" decoding=\"async\" width=\"1024\" height=\"576\" data-id=\"4289\" src=\"https:\/\/sites.uel.br\/pdi\/wp-content\/uploads\/2024\/06\/Slide8-3-1024x576.jpg\" alt=\"\" class=\"wp-image-4289\" srcset=\"https:\/\/sites.uel.br\/pdi\/wp-content\/uploads\/2024\/06\/Slide8-3-1024x576.jpg 1024w, https:\/\/sites.uel.br\/pdi\/wp-content\/uploads\/2024\/06\/Slide8-3-300x169.jpg 300w, https:\/\/sites.uel.br\/pdi\/wp-content\/uploads\/2024\/06\/Slide8-3-768x432.jpg 768w, https:\/\/sites.uel.br\/pdi\/wp-content\/uploads\/2024\/06\/Slide8-3.jpg 1280w\" sizes=\"auto, (max-width: 1024px) 100vw, 1024px\" \/><\/a><\/figure>\n<\/figure>\n<\/div>\n\n\n\n<div class=\"wp-block-column is-layout-flow wp-block-column-is-layout-flow\" style=\"flex-basis:25%\"><\/div>\n<\/div>\n\n\n\n<p><\/p>\n","protected":false},"excerpt":{"rendered":"<p>&#8211; A elabora\u00e7\u00e3o do Plano de Desenvolvimento Institucional da Universidade Estadual de Londrina, com per\u00edodo de vig\u00eancia previsto para o intervalo 2024-2028, obedeceu a uma metodologia composta por quatro macroetapas de atividades, sendo elas:<\/p>\n","protected":false},"author":8,"featured_media":0,"parent":0,"menu_order":0,"comment_status":"closed","ping_status":"closed","template":"","meta":{"footnotes":""},"class_list":["post-183","page","type-page","status-publish","hentry"],"acf":[],"_links":{"self":[{"href":"https:\/\/sites.uel.br\/pdi\/wp-json\/wp\/v2\/pages\/183","targetHints":{"allow":["GET"]}}],"collection":[{"href":"https:\/\/sites.uel.br\/pdi\/wp-json\/wp\/v2\/pages"}],"about":[{"href":"https:\/\/sites.uel.br\/pdi\/wp-json\/wp\/v2\/types\/page"}],"author":[{"embeddable":true,"href":"https:\/\/sites.uel.br\/pdi\/wp-json\/wp\/v2\/users\/8"}],"replies":[{"embeddable":true,"href":"https:\/\/sites.uel.br\/pdi\/wp-json\/wp\/v2\/comments?post=183"}],"version-history":[{"count":18,"href":"https:\/\/sites.uel.br\/pdi\/wp-json\/wp\/v2\/pages\/183\/revisions"}],"predecessor-version":[{"id":4297,"href":"https:\/\/sites.uel.br\/pdi\/wp-json\/wp\/v2\/pages\/183\/revisions\/4297"}],"wp:attachment":[{"href":"https:\/\/sites.uel.br\/pdi\/wp-json\/wp\/v2\/media?parent=183"}],"curies":[{"name":"wp","href":"https:\/\/api.w.org\/{rel}","templated":true}]}}