{"id":1824,"date":"2022-11-02T15:04:42","date_gmt":"2022-11-02T18:04:42","guid":{"rendered":"https:\/\/sites.uel.br\/pdi\/?page_id=1824"},"modified":"2022-11-02T15:04:42","modified_gmt":"2022-11-02T18:04:42","slug":"secretaria-executiva","status":"publish","type":"page","link":"https:\/\/sites.uel.br\/pdi\/secretaria-executiva\/","title":{"rendered":"Secretaria Executiva"},"content":{"rendered":"\n<p class=\"has-text-color\" style=\"color:#fefefe\">.<\/p>\n\n\n\n<p>Os \u00d3rg\u00e3os da Reitoria, os Centros de Estudos, \u00d3rg\u00e3os de Apoio e os \u00d3rg\u00e3os Suplementares poder\u00e3o ter como elemento de apoio t\u00e9cnico-administrativo, uma Secretaria Executiva exercida, preferencialmente, por pessoal de n\u00edvel superior, com a compet\u00eancia de:<\/p>\n\n\n\n<ul class=\"wp-block-list\">\n<li>instruir e preparar todos os processos destinados a despacho do dirigente do \u00f3rg\u00e3o;<\/li>\n\n\n\n<li>proceder ao controle de processos, em tramita\u00e7\u00e3o na unidade;<\/li>\n\n\n\n<li>exercer outras atividades correlatas que lhe forem cometidas pelo dirigente e pelo regimento do \u00f3rg\u00e3o a que estiver subordinado;<\/li>\n\n\n\n<li>proceder ao registro e controle das dota\u00e7\u00f5es or\u00e7ament\u00e1rias de cada unidade.<\/li>\n<\/ul>\n","protected":false},"excerpt":{"rendered":"<p>. Os \u00d3rg\u00e3os da Reitoria, os Centros de Estudos, \u00d3rg\u00e3os de Apoio e os \u00d3rg\u00e3os Suplementares poder\u00e3o ter como elemento de apoio t\u00e9cnico-administrativo, uma Secretaria Executiva exercida, preferencialmente, por pessoal de n\u00edvel superior, com a compet\u00eancia de:<\/p>\n","protected":false},"author":8,"featured_media":0,"parent":0,"menu_order":0,"comment_status":"closed","ping_status":"closed","template":"","meta":{"footnotes":""},"class_list":["post-1824","page","type-page","status-publish","hentry"],"acf":[],"_links":{"self":[{"href":"https:\/\/sites.uel.br\/pdi\/wp-json\/wp\/v2\/pages\/1824","targetHints":{"allow":["GET"]}}],"collection":[{"href":"https:\/\/sites.uel.br\/pdi\/wp-json\/wp\/v2\/pages"}],"about":[{"href":"https:\/\/sites.uel.br\/pdi\/wp-json\/wp\/v2\/types\/page"}],"author":[{"embeddable":true,"href":"https:\/\/sites.uel.br\/pdi\/wp-json\/wp\/v2\/users\/8"}],"replies":[{"embeddable":true,"href":"https:\/\/sites.uel.br\/pdi\/wp-json\/wp\/v2\/comments?post=1824"}],"version-history":[{"count":1,"href":"https:\/\/sites.uel.br\/pdi\/wp-json\/wp\/v2\/pages\/1824\/revisions"}],"predecessor-version":[{"id":1825,"href":"https:\/\/sites.uel.br\/pdi\/wp-json\/wp\/v2\/pages\/1824\/revisions\/1825"}],"wp:attachment":[{"href":"https:\/\/sites.uel.br\/pdi\/wp-json\/wp\/v2\/media?parent=1824"}],"curies":[{"name":"wp","href":"https:\/\/api.w.org\/{rel}","templated":true}]}}