{"id":1811,"date":"2022-11-01T17:05:58","date_gmt":"2022-11-01T20:05:58","guid":{"rendered":"https:\/\/sites.uel.br\/pdi\/?page_id=1811"},"modified":"2022-11-01T17:05:58","modified_gmt":"2022-11-01T20:05:58","slug":"stricto-sensu-comissao-coordenadora","status":"publish","type":"page","link":"https:\/\/sites.uel.br\/pdi\/stricto-sensu-comissao-coordenadora\/","title":{"rendered":"Stricto Sensu &#8211; Comiss\u00e3o Coordenadora"},"content":{"rendered":"\n<p class=\"has-white-color has-text-color\">.<\/p>\n\n\n\n<p>A Comiss\u00e3o Coordenadora, com fun\u00e7\u00f5es de coordena\u00e7\u00e3o pedag\u00f3gica e administrativa do Programa, tem as seguintes fun\u00e7\u00f5es:<\/p>\n\n\n\n<ul class=\"wp-block-list\"><li>Aprovar normas e diretrizes gerais para o Programa.<\/li><li>Assessorar o Coordenador em todas as decis\u00f5es relativas \u00e0s atividades acad\u00eamicas do corpo docente e discente do programa.<\/li><li>Propor aos Departamentos a cria\u00e7\u00e3o, modifica\u00e7\u00e3o ou extin\u00e7\u00e3o de disciplinas que comp\u00f5em o curr\u00edculo do Programa.<\/li><li>Credenciar e descredenciar professores orientadores do Programa de acordo com os requisitos deste Regulamento, os definidos nos Regimentos de cada Programa e, se for o caso, aqueles dos \u00f3rg\u00e3os de fomento da p\u00f3s-gradua\u00e7\u00e3o.<\/li><li>Eleger entre seus membros a Coordena\u00e7\u00e3o e a Vice-Coordena\u00e7\u00e3o da Comiss\u00e3o.<\/li><li>Propor normas para o funcionamento do Programa, modificar as existentes caso necess\u00e1rio ou justificado, encaminhando as mesmas para aprova\u00e7\u00e3o das inst\u00e2ncias competentes.<\/li><li>Aprovar a mudan\u00e7a de n\u00edvel direta de estudante no Programa (do Mestrado para o Doutorado), com ou sem defesa, somente quando houver crit\u00e9rios definidos no Regimento do Programa.<\/li><\/ul>\n","protected":false},"excerpt":{"rendered":"<p>. A Comiss\u00e3o Coordenadora, com fun\u00e7\u00f5es de coordena\u00e7\u00e3o pedag\u00f3gica e administrativa do Programa, tem as seguintes fun\u00e7\u00f5es: Aprovar normas e diretrizes gerais para o Programa. Assessorar o Coordenador em todas as decis\u00f5es relativas \u00e0s atividades acad\u00eamicas do corpo docente e discente do programa. Propor aos Departamentos a cria\u00e7\u00e3o, modifica\u00e7\u00e3o ou extin\u00e7\u00e3o de disciplinas que comp\u00f5em [&hellip;]<\/p>\n","protected":false},"author":8,"featured_media":0,"parent":0,"menu_order":0,"comment_status":"closed","ping_status":"closed","template":"","meta":{"footnotes":""},"class_list":["post-1811","page","type-page","status-publish","hentry"],"acf":[],"_links":{"self":[{"href":"https:\/\/sites.uel.br\/pdi\/wp-json\/wp\/v2\/pages\/1811","targetHints":{"allow":["GET"]}}],"collection":[{"href":"https:\/\/sites.uel.br\/pdi\/wp-json\/wp\/v2\/pages"}],"about":[{"href":"https:\/\/sites.uel.br\/pdi\/wp-json\/wp\/v2\/types\/page"}],"author":[{"embeddable":true,"href":"https:\/\/sites.uel.br\/pdi\/wp-json\/wp\/v2\/users\/8"}],"replies":[{"embeddable":true,"href":"https:\/\/sites.uel.br\/pdi\/wp-json\/wp\/v2\/comments?post=1811"}],"version-history":[{"count":1,"href":"https:\/\/sites.uel.br\/pdi\/wp-json\/wp\/v2\/pages\/1811\/revisions"}],"predecessor-version":[{"id":1812,"href":"https:\/\/sites.uel.br\/pdi\/wp-json\/wp\/v2\/pages\/1811\/revisions\/1812"}],"wp:attachment":[{"href":"https:\/\/sites.uel.br\/pdi\/wp-json\/wp\/v2\/media?parent=1811"}],"curies":[{"name":"wp","href":"https:\/\/api.w.org\/{rel}","templated":true}]}}