{"id":1803,"date":"2022-11-01T16:53:30","date_gmt":"2022-11-01T19:53:30","guid":{"rendered":"https:\/\/sites.uel.br\/pdi\/?page_id=1803"},"modified":"2022-11-01T16:53:30","modified_gmt":"2022-11-01T19:53:30","slug":"os-orgaos-suplementares","status":"publish","type":"page","link":"https:\/\/sites.uel.br\/pdi\/os-orgaos-suplementares\/","title":{"rendered":"Os \u00d3rg\u00e3os Suplementares"},"content":{"rendered":"\n<p class=\"has-white-color has-text-color\">.<\/p>\n\n\n\n<p>S\u00e3o&nbsp;<strong>\u00d3rg\u00e3os Suplementares<\/strong>&nbsp;da Universidade Estadual de Londrina:<\/p>\n\n\n\n<ul class=\"wp-block-list\"><li>Escrit\u00f3rio de Assuntos Jur\u00eddicos;<\/li><li>Escrit\u00f3rio de Aplica\u00e7\u00e3o de Assuntos Socioecon\u00f4micos;<\/li><li>Casa de Cultura<\/li><li>Cl\u00ednica de Especialidades Infantis;<\/li><li>Cl\u00ednica Odontol\u00f3gica Universit\u00e1ria;<\/li><li>Cl\u00ednica Psicol\u00f3gica;<\/li><li>Col\u00e9gio de Aplica\u00e7\u00e3o;<\/li><li>Hospital Universit\u00e1ria;<\/li><li>Hospital Veterin\u00e1rio;<\/li><li>Fazenda Escola;<\/li><li>Laborat\u00f3rio de Medicamentos;<\/li><li>Museu de Ci\u00eancia e Tecnologia de Londrina;<\/li><li>Museu Padre Carlos Weiss;<\/li><li>Televis\u00e3o Cultural e Educativa da Universidade Estadual de Londrina;<\/li><li>R\u00e1dio UEL FM.<\/li><\/ul>\n","protected":false},"excerpt":{"rendered":"<p>. S\u00e3o&nbsp;\u00d3rg\u00e3os Suplementares&nbsp;da Universidade Estadual de Londrina: Escrit\u00f3rio de Assuntos Jur\u00eddicos; Escrit\u00f3rio de Aplica\u00e7\u00e3o de Assuntos Socioecon\u00f4micos; Casa de Cultura Cl\u00ednica de Especialidades Infantis; Cl\u00ednica Odontol\u00f3gica Universit\u00e1ria; Cl\u00ednica Psicol\u00f3gica; Col\u00e9gio de Aplica\u00e7\u00e3o; Hospital Universit\u00e1ria; Hospital Veterin\u00e1rio; Fazenda Escola; Laborat\u00f3rio de Medicamentos; Museu de Ci\u00eancia e Tecnologia de Londrina; Museu Padre Carlos Weiss; Televis\u00e3o Cultural e [&hellip;]<\/p>\n","protected":false},"author":8,"featured_media":0,"parent":0,"menu_order":0,"comment_status":"closed","ping_status":"closed","template":"","meta":{"footnotes":""},"class_list":["post-1803","page","type-page","status-publish","hentry"],"acf":[],"_links":{"self":[{"href":"https:\/\/sites.uel.br\/pdi\/wp-json\/wp\/v2\/pages\/1803","targetHints":{"allow":["GET"]}}],"collection":[{"href":"https:\/\/sites.uel.br\/pdi\/wp-json\/wp\/v2\/pages"}],"about":[{"href":"https:\/\/sites.uel.br\/pdi\/wp-json\/wp\/v2\/types\/page"}],"author":[{"embeddable":true,"href":"https:\/\/sites.uel.br\/pdi\/wp-json\/wp\/v2\/users\/8"}],"replies":[{"embeddable":true,"href":"https:\/\/sites.uel.br\/pdi\/wp-json\/wp\/v2\/comments?post=1803"}],"version-history":[{"count":1,"href":"https:\/\/sites.uel.br\/pdi\/wp-json\/wp\/v2\/pages\/1803\/revisions"}],"predecessor-version":[{"id":1804,"href":"https:\/\/sites.uel.br\/pdi\/wp-json\/wp\/v2\/pages\/1803\/revisions\/1804"}],"wp:attachment":[{"href":"https:\/\/sites.uel.br\/pdi\/wp-json\/wp\/v2\/media?parent=1803"}],"curies":[{"name":"wp","href":"https:\/\/api.w.org\/{rel}","templated":true}]}}