{"id":1789,"date":"2022-11-01T15:49:50","date_gmt":"2022-11-01T18:49:50","guid":{"rendered":"https:\/\/sites.uel.br\/pdi\/?page_id=1789"},"modified":"2022-11-01T15:49:50","modified_gmt":"2022-11-01T18:49:50","slug":"orgaos-de-apoio","status":"publish","type":"page","link":"https:\/\/sites.uel.br\/pdi\/orgaos-de-apoio\/","title":{"rendered":"\u00d3rg\u00e3os de Apoio"},"content":{"rendered":"\n<p class=\"has-white-color has-text-color\">.<\/p>\n\n\n\n<p>Os \u00d3rg\u00e3os de Apoio prestam suporte \u00e0s finalidades da Universidade, est\u00e3o subordinados \u00e0 Reitoria e sua organiza\u00e7\u00e3o e funcionamento s\u00e3o estabelecidos pelo Regimento da Reitoria, devendo, tamb\u00e9m, elaborar regimento pr\u00f3prio. Dentre as poss\u00edveis atua\u00e7\u00f5es, os \u00d3rg\u00e3os de Apoio poder\u00e3o promover o atendimento interno e externo \u00e0 Institui\u00e7\u00e3o e constituir campos de forma\u00e7\u00e3o acad\u00eamica. Al\u00e9m de constituir-se em campos de est\u00e1gio para os cursos afins, os \u00d3rg\u00e3os de Apoio dever\u00e3o apresentar relat\u00f3rio de atividades, anualmente, para aprecia\u00e7\u00e3o e aprova\u00e7\u00e3o pelo Conselho de Administra\u00e7\u00e3o, e para o Conselho de Ensino, Pesquisa e Extens\u00e3o, conforme mat\u00e9ria versada.<\/p>\n\n\n\n<p>Os \u00d3rg\u00e3os de Apoio da Universidade s\u00e3o:<\/p>\n\n\n\n<ul class=\"wp-block-list\"><li>Biblioteca Central;<\/li><li>Laborat\u00f3rio de Tecnologia Educacional;<\/li><li>Servi\u00e7o de Bem-Estar \u00e0 Comunidade;<\/li><li>Editora;<\/li><li>Sistema de Arquivos da Universidade Estadual de Londrina;<\/li><li>Ag\u00eancia de Inova\u00e7\u00e3o Tecnol\u00f3gica da Universidade Estadual de Londrina.<\/li><\/ul>\n\n\n\n<div class=\"wp-block-columns is-layout-flex wp-container-core-columns-is-layout-9d6595d7 wp-block-columns-is-layout-flex\">\n<div class=\"wp-block-column is-layout-flow wp-block-column-is-layout-flow\">\n<figure class=\"wp-block-gallery has-nested-images columns-default is-cropped wp-block-gallery-1 is-layout-flex wp-block-gallery-is-layout-flex\">\n<figure class=\"wp-block-image size-large\"><a href=\"https:\/\/sites.uel.br\/bibliotecas\/\"><img loading=\"lazy\" decoding=\"async\" width=\"2560\" height=\"1427\" data-id=\"1790\" src=\"https:\/\/sites.uel.br\/pdi\/wp-content\/uploads\/2022\/11\/oap-biblioteca-scaled.jpg\" alt=\"\" class=\"wp-image-1790\" srcset=\"https:\/\/sites.uel.br\/pdi\/wp-content\/uploads\/2022\/11\/oap-biblioteca-scaled.jpg 2560w, https:\/\/sites.uel.br\/pdi\/wp-content\/uploads\/2022\/11\/oap-biblioteca-300x167.jpg 300w, https:\/\/sites.uel.br\/pdi\/wp-content\/uploads\/2022\/11\/oap-biblioteca-1024x571.jpg 1024w, https:\/\/sites.uel.br\/pdi\/wp-content\/uploads\/2022\/11\/oap-biblioteca-768x428.jpg 768w, https:\/\/sites.uel.br\/pdi\/wp-content\/uploads\/2022\/11\/oap-biblioteca-1536x856.jpg 1536w, https:\/\/sites.uel.br\/pdi\/wp-content\/uploads\/2022\/11\/oap-biblioteca-2048x1142.jpg 2048w\" sizes=\"auto, (max-width: 2560px) 100vw, 2560px\" \/><\/a><\/figure>\n<\/figure>\n<\/div>\n\n\n\n<div class=\"wp-block-column is-layout-flow wp-block-column-is-layout-flow\">\n<figure class=\"wp-block-gallery has-nested-images columns-default is-cropped wp-block-gallery-2 is-layout-flex wp-block-gallery-is-layout-flex\">\n<figure class=\"wp-block-image size-large\"><a href=\"https:\/\/www.labted.net\/blog\"><img loading=\"lazy\" decoding=\"async\" width=\"2560\" height=\"1427\" data-id=\"1792\" src=\"https:\/\/sites.uel.br\/pdi\/wp-content\/uploads\/2022\/11\/oap-labted-scaled.jpg\" alt=\"\" class=\"wp-image-1792\" srcset=\"https:\/\/sites.uel.br\/pdi\/wp-content\/uploads\/2022\/11\/oap-labted-scaled.jpg 2560w, https:\/\/sites.uel.br\/pdi\/wp-content\/uploads\/2022\/11\/oap-labted-300x167.jpg 300w, https:\/\/sites.uel.br\/pdi\/wp-content\/uploads\/2022\/11\/oap-labted-1024x571.jpg 1024w, https:\/\/sites.uel.br\/pdi\/wp-content\/uploads\/2022\/11\/oap-labted-768x428.jpg 768w, https:\/\/sites.uel.br\/pdi\/wp-content\/uploads\/2022\/11\/oap-labted-1536x856.jpg 1536w, https:\/\/sites.uel.br\/pdi\/wp-content\/uploads\/2022\/11\/oap-labted-2048x1142.jpg 2048w\" sizes=\"auto, (max-width: 2560px) 100vw, 2560px\" \/><\/a><\/figure>\n<\/figure>\n<\/div>\n\n\n\n<div class=\"wp-block-column is-layout-flow wp-block-column-is-layout-flow\">\n<figure class=\"wp-block-gallery has-nested-images columns-default is-cropped wp-block-gallery-3 is-layout-flex wp-block-gallery-is-layout-flex\">\n<figure class=\"wp-block-image size-large\"><a href=\"https:\/\/www.uel.br\/sebec\/\"><img loading=\"lazy\" decoding=\"async\" width=\"2560\" height=\"1427\" data-id=\"1794\" src=\"https:\/\/sites.uel.br\/pdi\/wp-content\/uploads\/2022\/11\/oap-sebec-scaled.jpg\" alt=\"\" class=\"wp-image-1794\" srcset=\"https:\/\/sites.uel.br\/pdi\/wp-content\/uploads\/2022\/11\/oap-sebec-scaled.jpg 2560w, https:\/\/sites.uel.br\/pdi\/wp-content\/uploads\/2022\/11\/oap-sebec-300x167.jpg 300w, https:\/\/sites.uel.br\/pdi\/wp-content\/uploads\/2022\/11\/oap-sebec-1024x571.jpg 1024w, https:\/\/sites.uel.br\/pdi\/wp-content\/uploads\/2022\/11\/oap-sebec-768x428.jpg 768w, https:\/\/sites.uel.br\/pdi\/wp-content\/uploads\/2022\/11\/oap-sebec-1536x856.jpg 1536w, https:\/\/sites.uel.br\/pdi\/wp-content\/uploads\/2022\/11\/oap-sebec-2048x1142.jpg 2048w\" sizes=\"auto, (max-width: 2560px) 100vw, 2560px\" \/><\/a><\/figure>\n<\/figure>\n<\/div>\n<\/div>\n\n\n\n<div class=\"wp-block-columns is-layout-flex wp-container-core-columns-is-layout-9d6595d7 wp-block-columns-is-layout-flex\">\n<div class=\"wp-block-column is-layout-flow wp-block-column-is-layout-flow\">\n<figure class=\"wp-block-gallery has-nested-images columns-default is-cropped wp-block-gallery-4 is-layout-flex wp-block-gallery-is-layout-flex\">\n<figure class=\"wp-block-image size-large\"><a href=\"https:\/\/www.eduel.com.br\"><img loading=\"lazy\" decoding=\"async\" width=\"2560\" height=\"1427\" data-id=\"1791\" src=\"https:\/\/sites.uel.br\/pdi\/wp-content\/uploads\/2022\/11\/oap-eduel-scaled.jpg\" alt=\"\" class=\"wp-image-1791\" srcset=\"https:\/\/sites.uel.br\/pdi\/wp-content\/uploads\/2022\/11\/oap-eduel-scaled.jpg 2560w, https:\/\/sites.uel.br\/pdi\/wp-content\/uploads\/2022\/11\/oap-eduel-300x167.jpg 300w, https:\/\/sites.uel.br\/pdi\/wp-content\/uploads\/2022\/11\/oap-eduel-1024x571.jpg 1024w, https:\/\/sites.uel.br\/pdi\/wp-content\/uploads\/2022\/11\/oap-eduel-768x428.jpg 768w, https:\/\/sites.uel.br\/pdi\/wp-content\/uploads\/2022\/11\/oap-eduel-1536x856.jpg 1536w, https:\/\/sites.uel.br\/pdi\/wp-content\/uploads\/2022\/11\/oap-eduel-2048x1142.jpg 2048w\" sizes=\"auto, (max-width: 2560px) 100vw, 2560px\" \/><\/a><\/figure>\n<\/figure>\n<\/div>\n\n\n\n<div class=\"wp-block-column is-layout-flow wp-block-column-is-layout-flow\">\n<figure class=\"wp-block-gallery has-nested-images columns-default is-cropped wp-block-gallery-5 is-layout-flex wp-block-gallery-is-layout-flex\">\n<figure class=\"wp-block-image size-large\"><a href=\"https:\/\/www.uel.br\/sauel\/portal\/\"><img loading=\"lazy\" decoding=\"async\" width=\"2560\" height=\"1427\" data-id=\"1793\" src=\"https:\/\/sites.uel.br\/pdi\/wp-content\/uploads\/2022\/11\/oap-sauel-scaled.jpg\" alt=\"\" class=\"wp-image-1793\" srcset=\"https:\/\/sites.uel.br\/pdi\/wp-content\/uploads\/2022\/11\/oap-sauel-scaled.jpg 2560w, https:\/\/sites.uel.br\/pdi\/wp-content\/uploads\/2022\/11\/oap-sauel-300x167.jpg 300w, https:\/\/sites.uel.br\/pdi\/wp-content\/uploads\/2022\/11\/oap-sauel-1024x571.jpg 1024w, https:\/\/sites.uel.br\/pdi\/wp-content\/uploads\/2022\/11\/oap-sauel-768x428.jpg 768w, https:\/\/sites.uel.br\/pdi\/wp-content\/uploads\/2022\/11\/oap-sauel-1536x856.jpg 1536w, https:\/\/sites.uel.br\/pdi\/wp-content\/uploads\/2022\/11\/oap-sauel-2048x1142.jpg 2048w\" sizes=\"auto, (max-width: 2560px) 100vw, 2560px\" \/><\/a><\/figure>\n<\/figure>\n<\/div>\n\n\n\n<div class=\"wp-block-column is-layout-flow wp-block-column-is-layout-flow\">\n<figure class=\"wp-block-gallery has-nested-images columns-default is-cropped wp-block-gallery-6 is-layout-flex wp-block-gallery-is-layout-flex\">\n<figure class=\"wp-block-image size-large\"><a href=\"http:\/\/www.aintec.uel.br\"><img loading=\"lazy\" decoding=\"async\" width=\"2560\" height=\"1427\" data-id=\"1795\" src=\"https:\/\/sites.uel.br\/pdi\/wp-content\/uploads\/2022\/11\/oap-aintec-scaled.jpg\" alt=\"\" class=\"wp-image-1795\" srcset=\"https:\/\/sites.uel.br\/pdi\/wp-content\/uploads\/2022\/11\/oap-aintec-scaled.jpg 2560w, https:\/\/sites.uel.br\/pdi\/wp-content\/uploads\/2022\/11\/oap-aintec-300x167.jpg 300w, https:\/\/sites.uel.br\/pdi\/wp-content\/uploads\/2022\/11\/oap-aintec-1024x571.jpg 1024w, https:\/\/sites.uel.br\/pdi\/wp-content\/uploads\/2022\/11\/oap-aintec-768x428.jpg 768w, https:\/\/sites.uel.br\/pdi\/wp-content\/uploads\/2022\/11\/oap-aintec-1536x856.jpg 1536w, https:\/\/sites.uel.br\/pdi\/wp-content\/uploads\/2022\/11\/oap-aintec-2048x1142.jpg 2048w\" sizes=\"auto, (max-width: 2560px) 100vw, 2560px\" \/><\/a><\/figure>\n<\/figure>\n<\/div>\n<\/div>\n","protected":false},"excerpt":{"rendered":"<p>. Os \u00d3rg\u00e3os de Apoio prestam suporte \u00e0s finalidades da Universidade, est\u00e3o subordinados \u00e0 Reitoria e sua organiza\u00e7\u00e3o e funcionamento s\u00e3o estabelecidos pelo Regimento da Reitoria, devendo, tamb\u00e9m, elaborar regimento pr\u00f3prio. Dentre as poss\u00edveis atua\u00e7\u00f5es, os \u00d3rg\u00e3os de Apoio poder\u00e3o promover o atendimento interno e externo \u00e0 Institui\u00e7\u00e3o e constituir campos de forma\u00e7\u00e3o acad\u00eamica. Al\u00e9m [&hellip;]<\/p>\n","protected":false},"author":8,"featured_media":0,"parent":0,"menu_order":0,"comment_status":"closed","ping_status":"closed","template":"","meta":{"footnotes":""},"class_list":["post-1789","page","type-page","status-publish","hentry"],"acf":[],"_links":{"self":[{"href":"https:\/\/sites.uel.br\/pdi\/wp-json\/wp\/v2\/pages\/1789","targetHints":{"allow":["GET"]}}],"collection":[{"href":"https:\/\/sites.uel.br\/pdi\/wp-json\/wp\/v2\/pages"}],"about":[{"href":"https:\/\/sites.uel.br\/pdi\/wp-json\/wp\/v2\/types\/page"}],"author":[{"embeddable":true,"href":"https:\/\/sites.uel.br\/pdi\/wp-json\/wp\/v2\/users\/8"}],"replies":[{"embeddable":true,"href":"https:\/\/sites.uel.br\/pdi\/wp-json\/wp\/v2\/comments?post=1789"}],"version-history":[{"count":1,"href":"https:\/\/sites.uel.br\/pdi\/wp-json\/wp\/v2\/pages\/1789\/revisions"}],"predecessor-version":[{"id":1796,"href":"https:\/\/sites.uel.br\/pdi\/wp-json\/wp\/v2\/pages\/1789\/revisions\/1796"}],"wp:attachment":[{"href":"https:\/\/sites.uel.br\/pdi\/wp-json\/wp\/v2\/media?parent=1789"}],"curies":[{"name":"wp","href":"https:\/\/api.w.org\/{rel}","templated":true}]}}