{"id":1786,"date":"2022-11-01T11:23:57","date_gmt":"2022-11-01T14:23:57","guid":{"rendered":"https:\/\/sites.uel.br\/pdi\/?page_id=1786"},"modified":"2022-11-01T16:27:45","modified_gmt":"2022-11-01T19:27:45","slug":"orgaos-de-apoio-e-orgaos-suplementares","status":"publish","type":"page","link":"https:\/\/sites.uel.br\/pdi\/orgaos-de-apoio-e-orgaos-suplementares\/","title":{"rendered":"\u00d3rg\u00e3os de Apoio e \u00d3rg\u00e3os Suplementares"},"content":{"rendered":"\n<p class=\"has-white-color has-text-color\">.<\/p>\n\n\n\n<p>Os \u00d3rg\u00e3os de Apoio prestam suporte \u00e0s finalidades da Universidade, est\u00e3o subordinados \u00e0 Reitoria e sua organiza\u00e7\u00e3o e funcionamento s\u00e3o estabelecidos pelo Regimento da Reitoria, devendo, tamb\u00e9m, elaborar regimento pr\u00f3prio. Dentre as poss\u00edveis atua\u00e7\u00f5es, os \u00d3rg\u00e3os de Apoio poder\u00e3o promover o atendimento interno e externo \u00e0 Institui\u00e7\u00e3o e constituir campos de forma\u00e7\u00e3o acad\u00eamica.<\/p>\n\n\n\n<p>A Universidade dispor\u00e1 de \u00d3rg\u00e3os Suplementares com finalidade de subsidiar as atividades de ensino, pesquisa e extens\u00e3o, por meio de atividades acad\u00eamicas, sociais, cient\u00edficas, tecnol\u00f3gicas, culturais, esportivas, ambientais, de presta\u00e7\u00e3o de servi\u00e7os e assistenciais, enumeradas no Regimento Geral. Os \u00d3rg\u00e3os Suplementares est\u00e3o administrativamente subordinados \u00e0 Vice-Reitoria e academicamente vinculados aos Centros de Estudos, conforme estabelecido no Estatuto. Como \u00d3rg\u00e3os Deliberativos, os \u00d3rg\u00e3os Suplementares ter\u00e3o Conselhos Diretores, cuja composi\u00e7\u00e3o ser\u00e1 definida nos respectivos regimentos.\u00a0<\/p>\n","protected":false},"excerpt":{"rendered":"<p>. Os \u00d3rg\u00e3os de Apoio prestam suporte \u00e0s finalidades da Universidade, est\u00e3o subordinados \u00e0 Reitoria e sua organiza\u00e7\u00e3o e funcionamento s\u00e3o estabelecidos pelo Regimento da Reitoria, devendo, tamb\u00e9m, elaborar regimento pr\u00f3prio. Dentre as poss\u00edveis atua\u00e7\u00f5es, os \u00d3rg\u00e3os de Apoio poder\u00e3o promover o atendimento interno e externo \u00e0 Institui\u00e7\u00e3o e constituir campos de forma\u00e7\u00e3o acad\u00eamica. A [&hellip;]<\/p>\n","protected":false},"author":8,"featured_media":0,"parent":0,"menu_order":0,"comment_status":"closed","ping_status":"closed","template":"","meta":{"footnotes":""},"class_list":["post-1786","page","type-page","status-publish","hentry"],"acf":[],"_links":{"self":[{"href":"https:\/\/sites.uel.br\/pdi\/wp-json\/wp\/v2\/pages\/1786","targetHints":{"allow":["GET"]}}],"collection":[{"href":"https:\/\/sites.uel.br\/pdi\/wp-json\/wp\/v2\/pages"}],"about":[{"href":"https:\/\/sites.uel.br\/pdi\/wp-json\/wp\/v2\/types\/page"}],"author":[{"embeddable":true,"href":"https:\/\/sites.uel.br\/pdi\/wp-json\/wp\/v2\/users\/8"}],"replies":[{"embeddable":true,"href":"https:\/\/sites.uel.br\/pdi\/wp-json\/wp\/v2\/comments?post=1786"}],"version-history":[{"count":2,"href":"https:\/\/sites.uel.br\/pdi\/wp-json\/wp\/v2\/pages\/1786\/revisions"}],"predecessor-version":[{"id":1798,"href":"https:\/\/sites.uel.br\/pdi\/wp-json\/wp\/v2\/pages\/1786\/revisions\/1798"}],"wp:attachment":[{"href":"https:\/\/sites.uel.br\/pdi\/wp-json\/wp\/v2\/media?parent=1786"}],"curies":[{"name":"wp","href":"https:\/\/api.w.org\/{rel}","templated":true}]}}