{"id":1783,"date":"2022-11-01T11:18:52","date_gmt":"2022-11-01T14:18:52","guid":{"rendered":"https:\/\/sites.uel.br\/pdi\/?page_id=1783"},"modified":"2022-11-01T11:18:52","modified_gmt":"2022-11-01T14:18:52","slug":"auditoria-interna","status":"publish","type":"page","link":"https:\/\/sites.uel.br\/pdi\/auditoria-interna\/","title":{"rendered":"Auditoria Interna"},"content":{"rendered":"\n<p class=\"has-white-color has-text-color\">.<\/p>\n\n\n\n<p>A AAI ser\u00e1 administrada por um servidor integrante da carreira docente ou t\u00e9cnico-administrativa, escolhido pelo Conselho Universit\u00e1rio, dentre os nomes indicados pelo Reitor para a C\u00e2mara de Finan\u00e7as e Or\u00e7amento.<\/p>\n\n\n\n<p>A \u00e1rea de atua\u00e7\u00e3o da AAI compreende todas as unidades e servi\u00e7os que formam e comp\u00f5em a estrutura organizacional da UEL.<\/p>\n\n\n\n<p>A AAI ter\u00e1 uma subunidade alocada no Hospital Universit\u00e1rio para atendimento espec\u00edfico \u00e0quela unidade, em face de sua atividade assistencial hospitalar.<\/p>\n\n\n\n<p>A Auditoria Interna tem a seguinte estrutura funcional:<\/p>\n\n\n\n<ul class=\"wp-block-list\"><li>Auditor;<\/li><li>Secretaria;<\/li><li>Auditoria Setorial do Hospital Universit\u00e1rio<\/li><\/ul>\n\n\n\n<p>As atividades da AAI consistir\u00e3o em:<\/p>\n\n\n\n<ul class=\"wp-block-list\"><li>auditorias administrativas, cont\u00e1bil-financeiras de natureza fiscalizat\u00f3ria e\/ou preventiva;<\/li><li>auditorias especiais de natureza apurativa e diligenciadora;<\/li><li>auditorias t\u00e9cnicas de natureza inspecional \u2013 obras, assistencial hospitalar e outras, monitoramento de recomenda\u00e7\u00f5es de autoria;<\/li><li>circulariza\u00e7\u00f5es para convalida\u00e7\u00e3o de atos e fatos;<\/li><li>testes de observ\u00e2ncias;<\/li><li>mapeamentos de processos operacionais;<\/li><li>orienta\u00e7\u00f5es sobre o cumprimento de normas e dispositivos legais, dentre outros.<\/li><\/ul>\n\n\n\n<p>No exerc\u00edcio de suas fun\u00e7\u00f5es poder\u00e1 o auditor:<\/p>\n\n\n\n<ul class=\"wp-block-list\"><li>ter livre acesso \u00e0s depend\u00eancias, documentos, processos e pap\u00e9is da administra\u00e7\u00e3o em qualquer \u00f3rg\u00e3o ou setor;<\/li><li>retirar documenta\u00e7\u00f5es, solicitar informa\u00e7\u00f5es e pareceres, colher depoimentos e testemunhos para realiza\u00e7\u00e3o de dilig\u00eancias;<\/li><li>solicitar funcion\u00e1rios de outras unidades, para servi\u00e7os especializados, para suporte \u00e0s atividades de auditorias internas.<\/li><\/ul>\n\n\n\n<p>As constata\u00e7\u00f5es e recomenda\u00e7\u00f5es de procedimentos de auditoria que ensejarem delibera\u00e7\u00e3o do Reitor ser\u00e3o encaminhadas mediante protocoliza\u00e7\u00e3o documental, observando-se os dispositivos regimentais vigentes.<\/p>\n\n\n\n<ul class=\"wp-block-list\"><li>As constata\u00e7\u00f5es e recomenda\u00e7\u00f5es envolvendo procedimentos operacionais \u2013 rotinas de servi\u00e7os \u2013 poder\u00e3o ser comunicadas diretamente ao respons\u00e1vel pela unidade auditada.<\/li><\/ul>\n\n\n\n<p>A Assessoria de Auditoria Interna dever\u00e1 elaborar quadrienalmente, no in\u00edcio de cada gest\u00e3o, o seu Plano de Gest\u00e3o de Auditoria a ser encaminhado para o conhecimento e aprecia\u00e7\u00e3o do Reitor.<\/p>\n\n\n\n<p>A Assessoria de Auditoria Interna dever\u00e1 atender demandas de \u00f3rg\u00e3os de controles externos (TCE e Minist\u00e9rio P\u00fablico) em assuntos pertinentes a sua \u00e1rea de atua\u00e7\u00e3o.<\/p>\n","protected":false},"excerpt":{"rendered":"<p>. A AAI ser\u00e1 administrada por um servidor integrante da carreira docente ou t\u00e9cnico-administrativa, escolhido pelo Conselho Universit\u00e1rio, dentre os nomes indicados pelo Reitor para a C\u00e2mara de Finan\u00e7as e Or\u00e7amento. A \u00e1rea de atua\u00e7\u00e3o da AAI compreende todas as unidades e servi\u00e7os que formam e comp\u00f5em a estrutura organizacional da UEL. A AAI ter\u00e1 [&hellip;]<\/p>\n","protected":false},"author":8,"featured_media":0,"parent":0,"menu_order":0,"comment_status":"closed","ping_status":"closed","template":"","meta":{"footnotes":""},"class_list":["post-1783","page","type-page","status-publish","hentry"],"acf":[],"_links":{"self":[{"href":"https:\/\/sites.uel.br\/pdi\/wp-json\/wp\/v2\/pages\/1783","targetHints":{"allow":["GET"]}}],"collection":[{"href":"https:\/\/sites.uel.br\/pdi\/wp-json\/wp\/v2\/pages"}],"about":[{"href":"https:\/\/sites.uel.br\/pdi\/wp-json\/wp\/v2\/types\/page"}],"author":[{"embeddable":true,"href":"https:\/\/sites.uel.br\/pdi\/wp-json\/wp\/v2\/users\/8"}],"replies":[{"embeddable":true,"href":"https:\/\/sites.uel.br\/pdi\/wp-json\/wp\/v2\/comments?post=1783"}],"version-history":[{"count":1,"href":"https:\/\/sites.uel.br\/pdi\/wp-json\/wp\/v2\/pages\/1783\/revisions"}],"predecessor-version":[{"id":1784,"href":"https:\/\/sites.uel.br\/pdi\/wp-json\/wp\/v2\/pages\/1783\/revisions\/1784"}],"wp:attachment":[{"href":"https:\/\/sites.uel.br\/pdi\/wp-json\/wp\/v2\/media?parent=1783"}],"curies":[{"name":"wp","href":"https:\/\/api.w.org\/{rel}","templated":true}]}}