{"id":1774,"date":"2022-11-01T11:02:31","date_gmt":"2022-11-01T14:02:31","guid":{"rendered":"https:\/\/sites.uel.br\/pdi\/?page_id=1774"},"modified":"2022-11-01T11:03:00","modified_gmt":"2022-11-01T14:03:00","slug":"procuradoria-geral-da-universidade","status":"publish","type":"page","link":"https:\/\/sites.uel.br\/pdi\/procuradoria-geral-da-universidade\/","title":{"rendered":"Procuradoria Geral da Universidade"},"content":{"rendered":"\n<p class=\"has-text-color\" style=\"color:#fefefe\">.<\/p>\n\n\n\n<p>A Procuradoria Geral da Universidade (PGU) compreende a Procuradoria Jur\u00eddica e a Secretaria Administrativa, cujas compet\u00eancias ser\u00e3o estabelecidas em regulamento pr\u00f3prio. O procurador jur\u00eddico ser\u00e1 escolhido pelo Reitor entre advogados vinculados ou n\u00e3o \u00e0 Universidade, e exercer\u00e1 suas fun\u00e7\u00f5es em comiss\u00e3o.<\/p>\n","protected":false},"excerpt":{"rendered":"<p>. A Procuradoria Geral da Universidade (PGU) compreende a Procuradoria Jur\u00eddica e a Secretaria Administrativa, cujas compet\u00eancias ser\u00e3o estabelecidas em regulamento pr\u00f3prio. O procurador jur\u00eddico ser\u00e1 escolhido pelo Reitor entre advogados vinculados ou n\u00e3o \u00e0 Universidade, e exercer\u00e1 suas fun\u00e7\u00f5es em comiss\u00e3o.<\/p>\n","protected":false},"author":8,"featured_media":0,"parent":0,"menu_order":0,"comment_status":"closed","ping_status":"closed","template":"","meta":{"footnotes":""},"class_list":["post-1774","page","type-page","status-publish","hentry"],"acf":[],"_links":{"self":[{"href":"https:\/\/sites.uel.br\/pdi\/wp-json\/wp\/v2\/pages\/1774","targetHints":{"allow":["GET"]}}],"collection":[{"href":"https:\/\/sites.uel.br\/pdi\/wp-json\/wp\/v2\/pages"}],"about":[{"href":"https:\/\/sites.uel.br\/pdi\/wp-json\/wp\/v2\/types\/page"}],"author":[{"embeddable":true,"href":"https:\/\/sites.uel.br\/pdi\/wp-json\/wp\/v2\/users\/8"}],"replies":[{"embeddable":true,"href":"https:\/\/sites.uel.br\/pdi\/wp-json\/wp\/v2\/comments?post=1774"}],"version-history":[{"count":2,"href":"https:\/\/sites.uel.br\/pdi\/wp-json\/wp\/v2\/pages\/1774\/revisions"}],"predecessor-version":[{"id":1777,"href":"https:\/\/sites.uel.br\/pdi\/wp-json\/wp\/v2\/pages\/1774\/revisions\/1777"}],"wp:attachment":[{"href":"https:\/\/sites.uel.br\/pdi\/wp-json\/wp\/v2\/media?parent=1774"}],"curies":[{"name":"wp","href":"https:\/\/api.w.org\/{rel}","templated":true}]}}