{"id":1765,"date":"2022-10-31T17:57:21","date_gmt":"2022-10-31T20:57:21","guid":{"rendered":"https:\/\/sites.uel.br\/pdi\/?page_id=1765"},"modified":"2022-11-01T10:23:23","modified_gmt":"2022-11-01T13:23:23","slug":"assessoria-de-tecnologia-da-informacao","status":"publish","type":"page","link":"https:\/\/sites.uel.br\/pdi\/assessoria-de-tecnologia-da-informacao\/","title":{"rendered":"Assessoria de Tecnologia da Informa\u00e7\u00e3o"},"content":{"rendered":"\n<p class=\"has-white-color has-text-color\">.<\/p>\n\n\n\n<p>A Assessoria de Tecnologia de Informa\u00e7\u00e3o (ATI) tem por finalidade o acompanhamento, avalia\u00e7\u00e3o e execu\u00e7\u00e3o das atividades inerentes \u00e0 sua especificidade no \u00e2mbito da Universidade, visando o aprimoramento, a economia, a efici\u00eancia e a efic\u00e1cia de todos os procedimentos adotados.<\/p>\n\n\n\n<div class=\"wp-block-columns is-layout-flex wp-container-core-columns-is-layout-9d6595d7 wp-block-columns-is-layout-flex\">\n<div class=\"wp-block-column is-layout-flow wp-block-column-is-layout-flow\">\n<figure class=\"wp-block-gallery has-nested-images columns-default is-cropped wp-block-gallery-1 is-layout-flex wp-block-gallery-is-layout-flex\">\n<figure class=\"wp-block-image size-large\"><a href=\"https:\/\/sites.uel.br\/pdi\/estrutura-funcionalat\/\"><img loading=\"lazy\" decoding=\"async\" width=\"1987\" height=\"1110\" data-id=\"1763\" src=\"https:\/\/sites.uel.br\/pdi\/wp-content\/uploads\/2022\/10\/ATI-EF.png\" alt=\"\" class=\"wp-image-1763\" srcset=\"https:\/\/sites.uel.br\/pdi\/wp-content\/uploads\/2022\/10\/ATI-EF.png 1987w, https:\/\/sites.uel.br\/pdi\/wp-content\/uploads\/2022\/10\/ATI-EF-300x168.png 300w, https:\/\/sites.uel.br\/pdi\/wp-content\/uploads\/2022\/10\/ATI-EF-1024x572.png 1024w, https:\/\/sites.uel.br\/pdi\/wp-content\/uploads\/2022\/10\/ATI-EF-768x429.png 768w, https:\/\/sites.uel.br\/pdi\/wp-content\/uploads\/2022\/10\/ATI-EF-1536x858.png 1536w\" sizes=\"auto, (max-width: 1987px) 100vw, 1987px\" \/><\/a><\/figure>\n<\/figure>\n<\/div>\n\n\n\n<div class=\"wp-block-column is-layout-flow wp-block-column-is-layout-flow\">\n<figure class=\"wp-block-gallery has-nested-images columns-default is-cropped wp-block-gallery-2 is-layout-flex wp-block-gallery-is-layout-flex\">\n<figure class=\"wp-block-image size-large\"><a href=\"https:\/\/sites.uel.br\/pdi\/assessorat\/\"><img loading=\"lazy\" decoding=\"async\" width=\"1987\" height=\"1110\" data-id=\"1758\" src=\"https:\/\/sites.uel.br\/pdi\/wp-content\/uploads\/2022\/10\/ATI-ASSESSOR.png\" alt=\"\" class=\"wp-image-1758\" srcset=\"https:\/\/sites.uel.br\/pdi\/wp-content\/uploads\/2022\/10\/ATI-ASSESSOR.png 1987w, https:\/\/sites.uel.br\/pdi\/wp-content\/uploads\/2022\/10\/ATI-ASSESSOR-300x168.png 300w, https:\/\/sites.uel.br\/pdi\/wp-content\/uploads\/2022\/10\/ATI-ASSESSOR-1024x572.png 1024w, https:\/\/sites.uel.br\/pdi\/wp-content\/uploads\/2022\/10\/ATI-ASSESSOR-768x429.png 768w, https:\/\/sites.uel.br\/pdi\/wp-content\/uploads\/2022\/10\/ATI-ASSESSOR-1536x858.png 1536w\" sizes=\"auto, (max-width: 1987px) 100vw, 1987px\" \/><\/a><\/figure>\n<\/figure>\n<\/div>\n\n\n\n<div class=\"wp-block-column is-layout-flow wp-block-column-is-layout-flow\">\n<figure class=\"wp-block-gallery has-nested-images columns-default is-cropped wp-block-gallery-3 is-layout-flex wp-block-gallery-is-layout-flex\">\n<figure class=\"wp-block-image size-large\"><a href=\"https:\/\/sites.uel.br\/pdi\/competenciasat\/\"><img loading=\"lazy\" decoding=\"async\" width=\"1987\" height=\"1110\" data-id=\"1759\" src=\"https:\/\/sites.uel.br\/pdi\/wp-content\/uploads\/2022\/10\/ATI-COMPET.png\" alt=\"\" class=\"wp-image-1759\" srcset=\"https:\/\/sites.uel.br\/pdi\/wp-content\/uploads\/2022\/10\/ATI-COMPET.png 1987w, https:\/\/sites.uel.br\/pdi\/wp-content\/uploads\/2022\/10\/ATI-COMPET-300x168.png 300w, https:\/\/sites.uel.br\/pdi\/wp-content\/uploads\/2022\/10\/ATI-COMPET-1024x572.png 1024w, https:\/\/sites.uel.br\/pdi\/wp-content\/uploads\/2022\/10\/ATI-COMPET-768x429.png 768w, https:\/\/sites.uel.br\/pdi\/wp-content\/uploads\/2022\/10\/ATI-COMPET-1536x858.png 1536w\" sizes=\"auto, (max-width: 1987px) 100vw, 1987px\" \/><\/a><\/figure>\n<\/figure>\n<\/div>\n<\/div>\n\n\n\n<div class=\"wp-block-columns is-layout-flex wp-container-core-columns-is-layout-9d6595d7 wp-block-columns-is-layout-flex\">\n<div class=\"wp-block-column is-layout-flow wp-block-column-is-layout-flow\">\n<figure class=\"wp-block-gallery has-nested-images columns-default is-cropped wp-block-gallery-4 is-layout-flex wp-block-gallery-is-layout-flex\">\n<figure class=\"wp-block-image size-large\"><a href=\"https:\/\/sites.uel.br\/pdi\/diretoria-de-desenvolvimento-de-sistemasat\/\"><img loading=\"lazy\" decoding=\"async\" width=\"1987\" height=\"1110\" data-id=\"1761\" src=\"https:\/\/sites.uel.br\/pdi\/wp-content\/uploads\/2022\/10\/ATI-DIR-SIST.png\" alt=\"\" class=\"wp-image-1761\" srcset=\"https:\/\/sites.uel.br\/pdi\/wp-content\/uploads\/2022\/10\/ATI-DIR-SIST.png 1987w, https:\/\/sites.uel.br\/pdi\/wp-content\/uploads\/2022\/10\/ATI-DIR-SIST-300x168.png 300w, https:\/\/sites.uel.br\/pdi\/wp-content\/uploads\/2022\/10\/ATI-DIR-SIST-1024x572.png 1024w, https:\/\/sites.uel.br\/pdi\/wp-content\/uploads\/2022\/10\/ATI-DIR-SIST-768x429.png 768w, https:\/\/sites.uel.br\/pdi\/wp-content\/uploads\/2022\/10\/ATI-DIR-SIST-1536x858.png 1536w\" sizes=\"auto, (max-width: 1987px) 100vw, 1987px\" \/><\/a><\/figure>\n<\/figure>\n<\/div>\n\n\n\n<div class=\"wp-block-column is-layout-flow wp-block-column-is-layout-flow\">\n<figure class=\"wp-block-gallery has-nested-images columns-default is-cropped wp-block-gallery-5 is-layout-flex wp-block-gallery-is-layout-flex\">\n<figure class=\"wp-block-image size-large\"><a href=\"https:\/\/sites.uel.br\/pdi\/diretoria-de-suporte-as-redes-e-sistemasat\/\"><img loading=\"lazy\" decoding=\"async\" width=\"1987\" height=\"1110\" data-id=\"1760\" src=\"https:\/\/sites.uel.br\/pdi\/wp-content\/uploads\/2022\/10\/ATI-DIR-REDES.png\" alt=\"\" class=\"wp-image-1760\" srcset=\"https:\/\/sites.uel.br\/pdi\/wp-content\/uploads\/2022\/10\/ATI-DIR-REDES.png 1987w, https:\/\/sites.uel.br\/pdi\/wp-content\/uploads\/2022\/10\/ATI-DIR-REDES-300x168.png 300w, https:\/\/sites.uel.br\/pdi\/wp-content\/uploads\/2022\/10\/ATI-DIR-REDES-1024x572.png 1024w, https:\/\/sites.uel.br\/pdi\/wp-content\/uploads\/2022\/10\/ATI-DIR-REDES-768x429.png 768w, https:\/\/sites.uel.br\/pdi\/wp-content\/uploads\/2022\/10\/ATI-DIR-REDES-1536x858.png 1536w\" sizes=\"auto, (max-width: 1987px) 100vw, 1987px\" \/><\/a><\/figure>\n<\/figure>\n<\/div>\n\n\n\n<div class=\"wp-block-column is-layout-flow wp-block-column-is-layout-flow\">\n<figure class=\"wp-block-gallery has-nested-images columns-default is-cropped wp-block-gallery-6 is-layout-flex wp-block-gallery-is-layout-flex\">\n<figure class=\"wp-block-image size-large\"><a href=\"https:\/\/sites.uel.br\/pdi\/diretoria-de-suporte-ao-usuarioat\/\"><img loading=\"lazy\" decoding=\"async\" width=\"1987\" height=\"1110\" data-id=\"1762\" src=\"https:\/\/sites.uel.br\/pdi\/wp-content\/uploads\/2022\/10\/ATI-DIR-USUARIO.png\" alt=\"\" class=\"wp-image-1762\" srcset=\"https:\/\/sites.uel.br\/pdi\/wp-content\/uploads\/2022\/10\/ATI-DIR-USUARIO.png 1987w, https:\/\/sites.uel.br\/pdi\/wp-content\/uploads\/2022\/10\/ATI-DIR-USUARIO-300x168.png 300w, https:\/\/sites.uel.br\/pdi\/wp-content\/uploads\/2022\/10\/ATI-DIR-USUARIO-1024x572.png 1024w, https:\/\/sites.uel.br\/pdi\/wp-content\/uploads\/2022\/10\/ATI-DIR-USUARIO-768x429.png 768w, https:\/\/sites.uel.br\/pdi\/wp-content\/uploads\/2022\/10\/ATI-DIR-USUARIO-1536x858.png 1536w\" sizes=\"auto, (max-width: 1987px) 100vw, 1987px\" \/><\/a><\/figure>\n<\/figure>\n<\/div>\n<\/div>\n\n\n\n<div class=\"wp-block-columns is-layout-flex wp-container-core-columns-is-layout-9d6595d7 wp-block-columns-is-layout-flex\">\n<div class=\"wp-block-column is-layout-flow wp-block-column-is-layout-flow\"><\/div>\n\n\n\n<div class=\"wp-block-column is-layout-flow wp-block-column-is-layout-flow\">\n<figure class=\"wp-block-gallery has-nested-images columns-default is-cropped wp-block-gallery-7 is-layout-flex wp-block-gallery-is-layout-flex\">\n<figure class=\"wp-block-image size-large\"><a href=\"https:\/\/sites.uel.br\/pdi\/secretariaat\/\"><img loading=\"lazy\" decoding=\"async\" width=\"1987\" height=\"1110\" data-id=\"1764\" src=\"https:\/\/sites.uel.br\/pdi\/wp-content\/uploads\/2022\/10\/ATI-SECRETARIA.png\" alt=\"\" class=\"wp-image-1764\" srcset=\"https:\/\/sites.uel.br\/pdi\/wp-content\/uploads\/2022\/10\/ATI-SECRETARIA.png 1987w, https:\/\/sites.uel.br\/pdi\/wp-content\/uploads\/2022\/10\/ATI-SECRETARIA-300x168.png 300w, https:\/\/sites.uel.br\/pdi\/wp-content\/uploads\/2022\/10\/ATI-SECRETARIA-1024x572.png 1024w, https:\/\/sites.uel.br\/pdi\/wp-content\/uploads\/2022\/10\/ATI-SECRETARIA-768x429.png 768w, https:\/\/sites.uel.br\/pdi\/wp-content\/uploads\/2022\/10\/ATI-SECRETARIA-1536x858.png 1536w\" sizes=\"auto, (max-width: 1987px) 100vw, 1987px\" \/><\/a><\/figure>\n<\/figure>\n<\/div>\n\n\n\n<div class=\"wp-block-column is-layout-flow wp-block-column-is-layout-flow\"><\/div>\n<\/div>\n","protected":false},"excerpt":{"rendered":"<p>. A Assessoria de Tecnologia de Informa\u00e7\u00e3o (ATI) tem por finalidade o acompanhamento, avalia\u00e7\u00e3o e execu\u00e7\u00e3o das atividades inerentes \u00e0 sua especificidade no \u00e2mbito da Universidade, visando o aprimoramento, a economia, a efici\u00eancia e a efic\u00e1cia de todos os procedimentos adotados.<\/p>\n","protected":false},"author":8,"featured_media":0,"parent":0,"menu_order":0,"comment_status":"closed","ping_status":"closed","template":"","meta":{"footnotes":""},"class_list":["post-1765","page","type-page","status-publish","hentry"],"acf":[],"_links":{"self":[{"href":"https:\/\/sites.uel.br\/pdi\/wp-json\/wp\/v2\/pages\/1765","targetHints":{"allow":["GET"]}}],"collection":[{"href":"https:\/\/sites.uel.br\/pdi\/wp-json\/wp\/v2\/pages"}],"about":[{"href":"https:\/\/sites.uel.br\/pdi\/wp-json\/wp\/v2\/types\/page"}],"author":[{"embeddable":true,"href":"https:\/\/sites.uel.br\/pdi\/wp-json\/wp\/v2\/users\/8"}],"replies":[{"embeddable":true,"href":"https:\/\/sites.uel.br\/pdi\/wp-json\/wp\/v2\/comments?post=1765"}],"version-history":[{"count":5,"href":"https:\/\/sites.uel.br\/pdi\/wp-json\/wp\/v2\/pages\/1765\/revisions"}],"predecessor-version":[{"id":1771,"href":"https:\/\/sites.uel.br\/pdi\/wp-json\/wp\/v2\/pages\/1765\/revisions\/1771"}],"wp:attachment":[{"href":"https:\/\/sites.uel.br\/pdi\/wp-json\/wp\/v2\/media?parent=1765"}],"curies":[{"name":"wp","href":"https:\/\/api.w.org\/{rel}","templated":true}]}}