{"id":1748,"date":"2022-10-31T17:44:24","date_gmt":"2022-10-31T20:44:24","guid":{"rendered":"https:\/\/sites.uel.br\/pdi\/?page_id=1748"},"modified":"2022-11-01T10:21:58","modified_gmt":"2022-11-01T13:21:58","slug":"diretoria-de-suporte-as-redes-e-sistemasat","status":"publish","type":"page","link":"https:\/\/sites.uel.br\/pdi\/diretoria-de-suporte-as-redes-e-sistemasat\/","title":{"rendered":"ATI &#8211; Diretoria de Suporte \u00e0s Redes e Sistemas"},"content":{"rendered":"\n<p class=\"has-white-color has-text-color\">.<\/p>\n\n\n\n<p>\u00c0 Diretoria de Suporte \u00e0s Redes e Sistemas compete:<\/p>\n\n\n\n<ul class=\"wp-block-list\"><li>responsabilizar-se pela instala\u00e7\u00e3o, manuten\u00e7\u00e3o e suporte de servi\u00e7os na rede da UEL, mantendo em funcionamento a infraestrutura e servi\u00e7os necess\u00e1rios para o funcionamento da rede UEL;<\/li><li>responsabilizar-se por solucionar problemas de falhas, configura\u00e7\u00e3o, contabiliza\u00e7\u00e3o, desempenho e seguran\u00e7a na rede UEL;<\/li><li>atuar como suporte para o desenvolvimento e gerenciamento de servi\u00e7os e recursos da tecnologia da informa\u00e7\u00e3o, assim como no desenvolvimento e evolu\u00e7\u00e3o de sistemas e infraestrutura para uso de tecnologia da informa\u00e7\u00e3o em processos organizacionais;<\/li><li>estabelecer padr\u00f5es, coordenar projetos e oferecer solu\u00e7\u00f5es para infraestrutura de TI na UEL;<\/li><li>gerenciar o desenvolvimento de trabalhos de natureza t\u00e9cnica na \u00e1rea de inform\u00e1tica, visando o atendimento das necessidades dos usu\u00e1rios da institui\u00e7\u00e3o, podendo atuar em uma ou mais especifica\u00e7\u00f5es que essa fun\u00e7\u00e3o abrange;<\/li><li>desenvolver, implantar e prestar manuten\u00e7\u00e3o nos sistemas relacionados a suporte.<\/li><\/ul>\n","protected":false},"excerpt":{"rendered":"<p>. \u00c0 Diretoria de Suporte \u00e0s Redes e Sistemas compete: responsabilizar-se pela instala\u00e7\u00e3o, manuten\u00e7\u00e3o e suporte de servi\u00e7os na rede da UEL, mantendo em funcionamento a infraestrutura e servi\u00e7os necess\u00e1rios para o funcionamento da rede UEL; responsabilizar-se por solucionar problemas de falhas, configura\u00e7\u00e3o, contabiliza\u00e7\u00e3o, desempenho e seguran\u00e7a na rede UEL; atuar como suporte para o [&hellip;]<\/p>\n","protected":false},"author":8,"featured_media":0,"parent":0,"menu_order":0,"comment_status":"closed","ping_status":"closed","template":"","meta":{"footnotes":""},"class_list":["post-1748","page","type-page","status-publish","hentry"],"acf":[],"_links":{"self":[{"href":"https:\/\/sites.uel.br\/pdi\/wp-json\/wp\/v2\/pages\/1748","targetHints":{"allow":["GET"]}}],"collection":[{"href":"https:\/\/sites.uel.br\/pdi\/wp-json\/wp\/v2\/pages"}],"about":[{"href":"https:\/\/sites.uel.br\/pdi\/wp-json\/wp\/v2\/types\/page"}],"author":[{"embeddable":true,"href":"https:\/\/sites.uel.br\/pdi\/wp-json\/wp\/v2\/users\/8"}],"replies":[{"embeddable":true,"href":"https:\/\/sites.uel.br\/pdi\/wp-json\/wp\/v2\/comments?post=1748"}],"version-history":[{"count":1,"href":"https:\/\/sites.uel.br\/pdi\/wp-json\/wp\/v2\/pages\/1748\/revisions"}],"predecessor-version":[{"id":1749,"href":"https:\/\/sites.uel.br\/pdi\/wp-json\/wp\/v2\/pages\/1748\/revisions\/1749"}],"wp:attachment":[{"href":"https:\/\/sites.uel.br\/pdi\/wp-json\/wp\/v2\/media?parent=1748"}],"curies":[{"name":"wp","href":"https:\/\/api.w.org\/{rel}","templated":true}]}}