{"id":1741,"date":"2022-10-31T17:10:53","date_gmt":"2022-10-31T20:10:53","guid":{"rendered":"https:\/\/sites.uel.br\/pdi\/?page_id=1741"},"modified":"2022-10-31T17:10:53","modified_gmt":"2022-10-31T20:10:53","slug":"assessoria-da-corregedoria-setorial","status":"publish","type":"page","link":"https:\/\/sites.uel.br\/pdi\/assessoria-da-corregedoria-setorial\/","title":{"rendered":"Assessoria da Corregedoria Setorial"},"content":{"rendered":"\n<p class=\"has-white-color has-text-color\">.<\/p>\n\n\n\n<p>O sistema corregedoria setorial tem por finalidade de proceder \u00e0 investiga\u00e7\u00e3o nas reclama\u00e7\u00f5es e den\u00fancias sobre irregularidades por ato ou omiss\u00e3o praticado pelos Agentes P\u00fablicos, emitindo recomenda\u00e7\u00f5es para evitar abusos ou ocorr\u00eancias de irregularidades no \u00e2mbito de sua compet\u00eancia.<\/p>\n\n\n\n<p>Ao respons\u00e1vel pela Assessoria de Corregedoria Setorial compete:<\/p>\n\n\n\n<ul class=\"wp-block-list\"><li>elaborar minutas dos atos administrativos relativos \u00e0 instaura\u00e7\u00e3o de sindic\u00e2ncias e processos disciplinares;<\/li><li>convocar servidores (docentes e t\u00e9cnicos) e discentes para compor comiss\u00f5es processantes;<\/li><li>prestar suporte t\u00e9cnico e administrativo \u00e0s comiss\u00f5es processantes;<\/li><li>prestar informa\u00e7\u00f5es e conceder vistas de processos disciplinares \u00e0s partes e\/ou procuradores;<\/li><li>acompanhar a tramita\u00e7\u00e3o e cumprimentos dos prazos dos processos disciplinares;<\/li><li>expedir e providenciar a entrega de cita\u00e7\u00f5es, intima\u00e7\u00f5es e notifica\u00e7\u00f5es relativas \u00e0s sindic\u00e2ncias e processos disciplinares;<\/li><li>acompanhar o cumprimento dos prazos dos processos disciplinares e sindic\u00e2ncias;<\/li><li>instruir os processos disciplinares para subsidiar os despachos e decis\u00f5es de autoridade competente;<\/li><li>manter registro atualizado das portarias e dos procedimentos disciplinares;<\/li><li>providenciar e acompanhar as medidas tomadas quando os procedimentos disciplinares retornam da Procuradoria Jur\u00eddica;<\/li><li>apresentar relat\u00f3rio \u00e0 CGE\/PR (mensal\/trimestral) sobre os procedimentos disciplinares, atuando de forma integrada com a Coordenadoria de Corregedoria da Controladoria Geral do Estado.<\/li><\/ul>\n","protected":false},"excerpt":{"rendered":"<p>. O sistema corregedoria setorial tem por finalidade de proceder \u00e0 investiga\u00e7\u00e3o nas reclama\u00e7\u00f5es e den\u00fancias sobre irregularidades por ato ou omiss\u00e3o praticado pelos Agentes P\u00fablicos, emitindo recomenda\u00e7\u00f5es para evitar abusos ou ocorr\u00eancias de irregularidades no \u00e2mbito de sua compet\u00eancia. Ao respons\u00e1vel pela Assessoria de Corregedoria Setorial compete: elaborar minutas dos atos administrativos relativos \u00e0 [&hellip;]<\/p>\n","protected":false},"author":8,"featured_media":0,"parent":0,"menu_order":0,"comment_status":"closed","ping_status":"closed","template":"","meta":{"footnotes":""},"class_list":["post-1741","page","type-page","status-publish","hentry"],"acf":[],"_links":{"self":[{"href":"https:\/\/sites.uel.br\/pdi\/wp-json\/wp\/v2\/pages\/1741","targetHints":{"allow":["GET"]}}],"collection":[{"href":"https:\/\/sites.uel.br\/pdi\/wp-json\/wp\/v2\/pages"}],"about":[{"href":"https:\/\/sites.uel.br\/pdi\/wp-json\/wp\/v2\/types\/page"}],"author":[{"embeddable":true,"href":"https:\/\/sites.uel.br\/pdi\/wp-json\/wp\/v2\/users\/8"}],"replies":[{"embeddable":true,"href":"https:\/\/sites.uel.br\/pdi\/wp-json\/wp\/v2\/comments?post=1741"}],"version-history":[{"count":1,"href":"https:\/\/sites.uel.br\/pdi\/wp-json\/wp\/v2\/pages\/1741\/revisions"}],"predecessor-version":[{"id":1742,"href":"https:\/\/sites.uel.br\/pdi\/wp-json\/wp\/v2\/pages\/1741\/revisions\/1742"}],"wp:attachment":[{"href":"https:\/\/sites.uel.br\/pdi\/wp-json\/wp\/v2\/media?parent=1741"}],"curies":[{"name":"wp","href":"https:\/\/api.w.org\/{rel}","templated":true}]}}