{"id":174,"date":"2022-09-07T14:20:01","date_gmt":"2022-09-07T17:20:01","guid":{"rendered":"https:\/\/sites.uel.br\/pdi\/?page_id=174"},"modified":"2022-09-07T14:35:47","modified_gmt":"2022-09-07T17:35:47","slug":"eixo-tematico-xi-processo-de-monitoramento-controle-e-revisao-do-pdi","status":"publish","type":"page","link":"https:\/\/sites.uel.br\/pdi\/eixo-tematico-xi-processo-de-monitoramento-controle-e-revisao-do-pdi\/","title":{"rendered":"Eixo Tem\u00e1tico XI &#8211; PROCESSO DE MONITORAMENTO, CONTROLE E REVIS\u00c3O DO PDI"},"content":{"rendered":"\n<p class=\"has-text-color\" style=\"color:#fefdfd\">&#8211;<\/p>\n\n\n\n<p>De acordo com os marcos legais e os documentos de refer\u00eancia previamente destacados, a descri\u00e7\u00e3o do Eixo Tem\u00e1tico XI \u2013 Processo de Monitoramento, Controle e Revis\u00e3o do PDI considerou os seguintes t\u00f3picos:<\/p>\n\n\n\n<ul class=\"wp-block-list\"><li>informa\u00e7\u00f5es sobre a periodicidade das revis\u00f5es;<\/li><li>responsabilidade pelas a\u00e7\u00f5es;<\/li><li>motivos de atualiza\u00e7\u00e3o do documento;<\/li><li>processo estruturado de controle;<\/li><li>plano para gest\u00e3o de riscos; e,<\/li><li>monitoramento, controle e revis\u00e3o do PDI (riscos: identifica\u00e7\u00e3o, impacto e respostas);<\/li><\/ul>\n","protected":false},"excerpt":{"rendered":"<p>&#8211; De acordo com os marcos legais e os documentos de refer\u00eancia previamente destacados, a descri\u00e7\u00e3o do Eixo Tem\u00e1tico XI \u2013 Processo de Monitoramento, Controle e Revis\u00e3o do PDI considerou os seguintes t\u00f3picos: informa\u00e7\u00f5es sobre a periodicidade das revis\u00f5es; responsabilidade pelas a\u00e7\u00f5es; motivos de atualiza\u00e7\u00e3o do documento; processo estruturado de controle; plano para gest\u00e3o de [&hellip;]<\/p>\n","protected":false},"author":8,"featured_media":0,"parent":0,"menu_order":0,"comment_status":"closed","ping_status":"closed","template":"","meta":{"footnotes":""},"class_list":["post-174","page","type-page","status-publish","hentry"],"acf":[],"_links":{"self":[{"href":"https:\/\/sites.uel.br\/pdi\/wp-json\/wp\/v2\/pages\/174","targetHints":{"allow":["GET"]}}],"collection":[{"href":"https:\/\/sites.uel.br\/pdi\/wp-json\/wp\/v2\/pages"}],"about":[{"href":"https:\/\/sites.uel.br\/pdi\/wp-json\/wp\/v2\/types\/page"}],"author":[{"embeddable":true,"href":"https:\/\/sites.uel.br\/pdi\/wp-json\/wp\/v2\/users\/8"}],"replies":[{"embeddable":true,"href":"https:\/\/sites.uel.br\/pdi\/wp-json\/wp\/v2\/comments?post=174"}],"version-history":[{"count":2,"href":"https:\/\/sites.uel.br\/pdi\/wp-json\/wp\/v2\/pages\/174\/revisions"}],"predecessor-version":[{"id":182,"href":"https:\/\/sites.uel.br\/pdi\/wp-json\/wp\/v2\/pages\/174\/revisions\/182"}],"wp:attachment":[{"href":"https:\/\/sites.uel.br\/pdi\/wp-json\/wp\/v2\/media?parent=174"}],"curies":[{"name":"wp","href":"https:\/\/api.w.org\/{rel}","templated":true}]}}