{"id":1738,"date":"2022-10-31T15:10:02","date_gmt":"2022-10-31T18:10:02","guid":{"rendered":"https:\/\/sites.uel.br\/pdi\/?page_id=1738"},"modified":"2022-10-31T15:10:02","modified_gmt":"2022-10-31T18:10:02","slug":"assessoria-da-transparencia-e-controle-social","status":"publish","type":"page","link":"https:\/\/sites.uel.br\/pdi\/assessoria-da-transparencia-e-controle-social\/","title":{"rendered":"Assessoria da Transpar\u00eancia e Controle Social"},"content":{"rendered":"\n<p class=\"has-white-color has-text-color\">.<\/p>\n\n\n\n<p>O sistema da Transpar\u00eancia e Controle Social da Universidade al\u00e9m de promover a transpar\u00eancia, contribui para o aperfei\u00e7oamento da gest\u00e3o p\u00fablica, atrav\u00e9s da \u00e9tica, efici\u00eancia, inova\u00e7\u00e3o, credibilidade e integra\u00e7\u00e3o.<\/p>\n\n\n\n<p>Ao Titular da Assessoria da Transpar\u00eancia e Controle Social compete:<\/p>\n\n\n\n<ul class=\"wp-block-list\"><li>propor medidas de desenvolvimento e aperfei\u00e7oamento dos m\u00e9todos e mecanismos de transpar\u00eancia, estrat\u00e9gias de preven\u00e7\u00e3o e combate \u00e0 corrup\u00e7\u00e3o e \u00e0 impunidade;<\/li><li>realizar a publica\u00e7\u00e3o de todos os atos praticados que envolvem gastos p\u00fablicos, programas e metas realizadas pela Administra\u00e7\u00e3o da Universidade, incentivando o controle social, excetuando os casos previstos em Lei;<\/li><li>contribuir para a formula\u00e7\u00e3o das diretrizes da pol\u00edtica de transpar\u00eancia e controle social a ser implantada na Universidade;<\/li><li>assessorar o Reitor no \u00e2mbito de suas compet\u00eancias.<\/li><\/ul>\n","protected":false},"excerpt":{"rendered":"<p>. O sistema da Transpar\u00eancia e Controle Social da Universidade al\u00e9m de promover a transpar\u00eancia, contribui para o aperfei\u00e7oamento da gest\u00e3o p\u00fablica, atrav\u00e9s da \u00e9tica, efici\u00eancia, inova\u00e7\u00e3o, credibilidade e integra\u00e7\u00e3o. Ao Titular da Assessoria da Transpar\u00eancia e Controle Social compete: propor medidas de desenvolvimento e aperfei\u00e7oamento dos m\u00e9todos e mecanismos de transpar\u00eancia, estrat\u00e9gias de preven\u00e7\u00e3o [&hellip;]<\/p>\n","protected":false},"author":8,"featured_media":0,"parent":0,"menu_order":0,"comment_status":"closed","ping_status":"closed","template":"","meta":{"footnotes":""},"class_list":["post-1738","page","type-page","status-publish","hentry"],"acf":[],"_links":{"self":[{"href":"https:\/\/sites.uel.br\/pdi\/wp-json\/wp\/v2\/pages\/1738","targetHints":{"allow":["GET"]}}],"collection":[{"href":"https:\/\/sites.uel.br\/pdi\/wp-json\/wp\/v2\/pages"}],"about":[{"href":"https:\/\/sites.uel.br\/pdi\/wp-json\/wp\/v2\/types\/page"}],"author":[{"embeddable":true,"href":"https:\/\/sites.uel.br\/pdi\/wp-json\/wp\/v2\/users\/8"}],"replies":[{"embeddable":true,"href":"https:\/\/sites.uel.br\/pdi\/wp-json\/wp\/v2\/comments?post=1738"}],"version-history":[{"count":1,"href":"https:\/\/sites.uel.br\/pdi\/wp-json\/wp\/v2\/pages\/1738\/revisions"}],"predecessor-version":[{"id":1739,"href":"https:\/\/sites.uel.br\/pdi\/wp-json\/wp\/v2\/pages\/1738\/revisions\/1739"}],"wp:attachment":[{"href":"https:\/\/sites.uel.br\/pdi\/wp-json\/wp\/v2\/media?parent=1738"}],"curies":[{"name":"wp","href":"https:\/\/api.w.org\/{rel}","templated":true}]}}