{"id":1724,"date":"2022-10-31T11:35:51","date_gmt":"2022-10-31T14:35:51","guid":{"rendered":"https:\/\/sites.uel.br\/pdi\/?page_id=1724"},"modified":"2022-10-31T11:44:58","modified_gmt":"2022-10-31T14:44:58","slug":"assessoria-de-relacoes-internacionais","status":"publish","type":"page","link":"https:\/\/sites.uel.br\/pdi\/assessoria-de-relacoes-internacionais\/","title":{"rendered":"Assessoria de Rela\u00e7\u00f5es Internacionais"},"content":{"rendered":"\n<p class=\"has-white-color has-text-color\">.<\/p>\n\n\n\n<p>A Assessoria de Rela\u00e7\u00f5es Internacionais (ARI), diretamente vinculada \u00e0 Reitoria, tem, entre suas principais atribui\u00e7\u00f5es, assessorar a Reitoria, as Pr\u00f3-Reitorias e Unidades Universit\u00e1rias da Universidade Estadual de Londrina na \u00e1rea de coopera\u00e7\u00e3o internacional e promover o interc\u00e2mbio cultural e cient\u00edfico com institui\u00e7\u00f5es estrangeiras.<\/p>\n\n\n\n<div class=\"wp-block-columns is-layout-flex wp-container-core-columns-is-layout-9d6595d7 wp-block-columns-is-layout-flex\">\n<div class=\"wp-block-column is-layout-flow wp-block-column-is-layout-flow\">\n<figure class=\"wp-block-gallery has-nested-images columns-default is-cropped wp-block-gallery-1 is-layout-flex wp-block-gallery-is-layout-flex\">\n<figure class=\"wp-block-image size-large\"><a href=\"https:\/\/sites.uel.br\/pdi\/ari-funcoes\/\"><img loading=\"lazy\" decoding=\"async\" width=\"952\" height=\"532\" data-id=\"1729\" src=\"https:\/\/sites.uel.br\/pdi\/wp-content\/uploads\/2022\/10\/ARI-FUNCAO.jpg\" alt=\"\" class=\"wp-image-1729\" srcset=\"https:\/\/sites.uel.br\/pdi\/wp-content\/uploads\/2022\/10\/ARI-FUNCAO.jpg 952w, https:\/\/sites.uel.br\/pdi\/wp-content\/uploads\/2022\/10\/ARI-FUNCAO-300x168.jpg 300w, https:\/\/sites.uel.br\/pdi\/wp-content\/uploads\/2022\/10\/ARI-FUNCAO-768x429.jpg 768w\" sizes=\"auto, (max-width: 952px) 100vw, 952px\" \/><\/a><\/figure>\n<\/figure>\n<\/div>\n\n\n\n<div class=\"wp-block-column is-layout-flow wp-block-column-is-layout-flow\">\n<figure class=\"wp-block-gallery has-nested-images columns-default is-cropped wp-block-gallery-2 is-layout-flex wp-block-gallery-is-layout-flex\">\n<figure class=\"wp-block-image size-large\"><a href=\"https:\/\/sites.uel.br\/pdi\/ari-finalidades\/\"><img loading=\"lazy\" decoding=\"async\" width=\"952\" height=\"532\" data-id=\"1728\" src=\"https:\/\/sites.uel.br\/pdi\/wp-content\/uploads\/2022\/10\/ARI-FINALIDADES.jpg\" alt=\"\" class=\"wp-image-1728\" srcset=\"https:\/\/sites.uel.br\/pdi\/wp-content\/uploads\/2022\/10\/ARI-FINALIDADES.jpg 952w, https:\/\/sites.uel.br\/pdi\/wp-content\/uploads\/2022\/10\/ARI-FINALIDADES-300x168.jpg 300w, https:\/\/sites.uel.br\/pdi\/wp-content\/uploads\/2022\/10\/ARI-FINALIDADES-768x429.jpg 768w\" sizes=\"auto, (max-width: 952px) 100vw, 952px\" \/><\/a><\/figure>\n<\/figure>\n<\/div>\n\n\n\n<div class=\"wp-block-column is-layout-flow wp-block-column-is-layout-flow\">\n<figure class=\"wp-block-gallery has-nested-images columns-default is-cropped wp-block-gallery-3 is-layout-flex wp-block-gallery-is-layout-flex\">\n<figure class=\"wp-block-image size-large\"><a href=\"https:\/\/sites.uel.br\/pdi\/ari-estrutura-funcional\/\"><img loading=\"lazy\" decoding=\"async\" width=\"952\" height=\"532\" data-id=\"1727\" src=\"https:\/\/sites.uel.br\/pdi\/wp-content\/uploads\/2022\/10\/ARI-ESTRUTURA.jpg\" alt=\"\" class=\"wp-image-1727\" srcset=\"https:\/\/sites.uel.br\/pdi\/wp-content\/uploads\/2022\/10\/ARI-ESTRUTURA.jpg 952w, https:\/\/sites.uel.br\/pdi\/wp-content\/uploads\/2022\/10\/ARI-ESTRUTURA-300x168.jpg 300w, https:\/\/sites.uel.br\/pdi\/wp-content\/uploads\/2022\/10\/ARI-ESTRUTURA-768x429.jpg 768w\" sizes=\"auto, (max-width: 952px) 100vw, 952px\" \/><\/a><\/figure>\n<\/figure>\n<\/div>\n<\/div>\n\n\n\n<div class=\"wp-block-columns is-layout-flex wp-container-core-columns-is-layout-9d6595d7 wp-block-columns-is-layout-flex\">\n<div class=\"wp-block-column is-layout-flow wp-block-column-is-layout-flow\">\n<figure class=\"wp-block-gallery has-nested-images columns-default is-cropped wp-block-gallery-4 is-layout-flex wp-block-gallery-is-layout-flex\">\n<figure class=\"wp-block-image size-large\"><a href=\"https:\/\/sites.uel.br\/pdi\/ari-competencias\/\"><img loading=\"lazy\" decoding=\"async\" width=\"1987\" height=\"1110\" data-id=\"1726\" src=\"https:\/\/sites.uel.br\/pdi\/wp-content\/uploads\/2022\/10\/ARI-COMPETENCIAS.png\" alt=\"\" class=\"wp-image-1726\" srcset=\"https:\/\/sites.uel.br\/pdi\/wp-content\/uploads\/2022\/10\/ARI-COMPETENCIAS.png 1987w, https:\/\/sites.uel.br\/pdi\/wp-content\/uploads\/2022\/10\/ARI-COMPETENCIAS-300x168.png 300w, https:\/\/sites.uel.br\/pdi\/wp-content\/uploads\/2022\/10\/ARI-COMPETENCIAS-1024x572.png 1024w, https:\/\/sites.uel.br\/pdi\/wp-content\/uploads\/2022\/10\/ARI-COMPETENCIAS-768x429.png 768w, https:\/\/sites.uel.br\/pdi\/wp-content\/uploads\/2022\/10\/ARI-COMPETENCIAS-1536x858.png 1536w\" sizes=\"auto, (max-width: 1987px) 100vw, 1987px\" \/><\/a><\/figure>\n<\/figure>\n<\/div>\n\n\n\n<div class=\"wp-block-column is-layout-flow wp-block-column-is-layout-flow\">\n<figure class=\"wp-block-gallery has-nested-images columns-default is-cropped wp-block-gallery-5 is-layout-flex wp-block-gallery-is-layout-flex\">\n<figure class=\"wp-block-image size-large\"><a href=\"https:\/\/sites.uel.br\/pdi\/ari-assessor\/\"><img loading=\"lazy\" decoding=\"async\" width=\"952\" height=\"532\" data-id=\"1725\" src=\"https:\/\/sites.uel.br\/pdi\/wp-content\/uploads\/2022\/10\/ARI-ASSESSOR.jpg\" alt=\"\" class=\"wp-image-1725\" srcset=\"https:\/\/sites.uel.br\/pdi\/wp-content\/uploads\/2022\/10\/ARI-ASSESSOR.jpg 952w, https:\/\/sites.uel.br\/pdi\/wp-content\/uploads\/2022\/10\/ARI-ASSESSOR-300x168.jpg 300w, https:\/\/sites.uel.br\/pdi\/wp-content\/uploads\/2022\/10\/ARI-ASSESSOR-768x429.jpg 768w\" sizes=\"auto, (max-width: 952px) 100vw, 952px\" \/><\/a><\/figure>\n<\/figure>\n<\/div>\n\n\n\n<div class=\"wp-block-column is-layout-flow wp-block-column-is-layout-flow\">\n<figure class=\"wp-block-gallery has-nested-images columns-default is-cropped wp-block-gallery-6 is-layout-flex wp-block-gallery-is-layout-flex\">\n<figure class=\"wp-block-image size-large\"><a href=\"https:\/\/sites.uel.br\/pdi\/ari-secretaria\/\"><img loading=\"lazy\" decoding=\"async\" width=\"952\" height=\"532\" data-id=\"1730\" src=\"https:\/\/sites.uel.br\/pdi\/wp-content\/uploads\/2022\/10\/ARI-SECRETARIA.jpg\" alt=\"\" class=\"wp-image-1730\" srcset=\"https:\/\/sites.uel.br\/pdi\/wp-content\/uploads\/2022\/10\/ARI-SECRETARIA.jpg 952w, https:\/\/sites.uel.br\/pdi\/wp-content\/uploads\/2022\/10\/ARI-SECRETARIA-300x168.jpg 300w, https:\/\/sites.uel.br\/pdi\/wp-content\/uploads\/2022\/10\/ARI-SECRETARIA-768x429.jpg 768w\" sizes=\"auto, (max-width: 952px) 100vw, 952px\" \/><\/a><\/figure>\n<\/figure>\n<\/div>\n<\/div>\n","protected":false},"excerpt":{"rendered":"<p>. A Assessoria de Rela\u00e7\u00f5es Internacionais (ARI), diretamente vinculada \u00e0 Reitoria, tem, entre suas principais atribui\u00e7\u00f5es, assessorar a Reitoria, as Pr\u00f3-Reitorias e Unidades Universit\u00e1rias da Universidade Estadual de Londrina na \u00e1rea de coopera\u00e7\u00e3o internacional e promover o interc\u00e2mbio cultural e cient\u00edfico com institui\u00e7\u00f5es estrangeiras.<\/p>\n","protected":false},"author":8,"featured_media":0,"parent":0,"menu_order":0,"comment_status":"closed","ping_status":"closed","template":"","meta":{"footnotes":""},"class_list":["post-1724","page","type-page","status-publish","hentry"],"acf":[],"_links":{"self":[{"href":"https:\/\/sites.uel.br\/pdi\/wp-json\/wp\/v2\/pages\/1724","targetHints":{"allow":["GET"]}}],"collection":[{"href":"https:\/\/sites.uel.br\/pdi\/wp-json\/wp\/v2\/pages"}],"about":[{"href":"https:\/\/sites.uel.br\/pdi\/wp-json\/wp\/v2\/types\/page"}],"author":[{"embeddable":true,"href":"https:\/\/sites.uel.br\/pdi\/wp-json\/wp\/v2\/users\/8"}],"replies":[{"embeddable":true,"href":"https:\/\/sites.uel.br\/pdi\/wp-json\/wp\/v2\/comments?post=1724"}],"version-history":[{"count":3,"href":"https:\/\/sites.uel.br\/pdi\/wp-json\/wp\/v2\/pages\/1724\/revisions"}],"predecessor-version":[{"id":1733,"href":"https:\/\/sites.uel.br\/pdi\/wp-json\/wp\/v2\/pages\/1724\/revisions\/1733"}],"wp:attachment":[{"href":"https:\/\/sites.uel.br\/pdi\/wp-json\/wp\/v2\/media?parent=1724"}],"curies":[{"name":"wp","href":"https:\/\/api.w.org\/{rel}","templated":true}]}}