{"id":1722,"date":"2022-10-31T11:30:12","date_gmt":"2022-10-31T14:30:12","guid":{"rendered":"https:\/\/sites.uel.br\/pdi\/?page_id=1722"},"modified":"2022-10-31T11:30:12","modified_gmt":"2022-10-31T14:30:12","slug":"ari-funcoes","status":"publish","type":"page","link":"https:\/\/sites.uel.br\/pdi\/ari-funcoes\/","title":{"rendered":"ARI &#8211; Fun\u00e7\u00f5es"},"content":{"rendered":"\n<p class=\"has-white-color has-text-color\">.<\/p>\n\n\n\n<p>A ARI tem por\u00a0<strong>fun\u00e7\u00e3o<\/strong>\u00a0promover a inser\u00e7\u00e3o internacional da UEL por meio da coopera\u00e7\u00e3o e do interc\u00e2mbio cient\u00edfico, tecnol\u00f3gico, cultural e acad\u00eamico.<\/p>\n","protected":false},"excerpt":{"rendered":"<p>. A ARI tem por\u00a0fun\u00e7\u00e3o\u00a0promover a inser\u00e7\u00e3o internacional da UEL por meio da coopera\u00e7\u00e3o e do interc\u00e2mbio cient\u00edfico, tecnol\u00f3gico, cultural e acad\u00eamico.<\/p>\n","protected":false},"author":8,"featured_media":0,"parent":0,"menu_order":0,"comment_status":"closed","ping_status":"closed","template":"","meta":{"footnotes":""},"class_list":["post-1722","page","type-page","status-publish","hentry"],"acf":[],"_links":{"self":[{"href":"https:\/\/sites.uel.br\/pdi\/wp-json\/wp\/v2\/pages\/1722","targetHints":{"allow":["GET"]}}],"collection":[{"href":"https:\/\/sites.uel.br\/pdi\/wp-json\/wp\/v2\/pages"}],"about":[{"href":"https:\/\/sites.uel.br\/pdi\/wp-json\/wp\/v2\/types\/page"}],"author":[{"embeddable":true,"href":"https:\/\/sites.uel.br\/pdi\/wp-json\/wp\/v2\/users\/8"}],"replies":[{"embeddable":true,"href":"https:\/\/sites.uel.br\/pdi\/wp-json\/wp\/v2\/comments?post=1722"}],"version-history":[{"count":1,"href":"https:\/\/sites.uel.br\/pdi\/wp-json\/wp\/v2\/pages\/1722\/revisions"}],"predecessor-version":[{"id":1723,"href":"https:\/\/sites.uel.br\/pdi\/wp-json\/wp\/v2\/pages\/1722\/revisions\/1723"}],"wp:attachment":[{"href":"https:\/\/sites.uel.br\/pdi\/wp-json\/wp\/v2\/media?parent=1722"}],"curies":[{"name":"wp","href":"https:\/\/api.w.org\/{rel}","templated":true}]}}