{"id":1720,"date":"2022-10-31T11:29:31","date_gmt":"2022-10-31T14:29:31","guid":{"rendered":"https:\/\/sites.uel.br\/pdi\/?page_id=1720"},"modified":"2022-10-31T11:29:31","modified_gmt":"2022-10-31T14:29:31","slug":"ari-finalidades","status":"publish","type":"page","link":"https:\/\/sites.uel.br\/pdi\/ari-finalidades\/","title":{"rendered":"ARI &#8211; Finalidades"},"content":{"rendered":"\n<p class=\"has-white-color has-text-color\">.<\/p>\n\n\n\n<p>A ARI tem por&nbsp;<strong>finalidades<\/strong>:<\/p>\n\n\n\n<ul class=\"wp-block-list\"><li>elaborar, propor e coordenar a execu\u00e7\u00e3o da pol\u00edtica de internacionaliza\u00e7\u00e3o da UEL;<\/li><li>propor e implementar, com outros \u00f3rg\u00e3os, estrat\u00e9gias de trabalho que viabilizem o desenvolvimento de projetos internacionais de interesse da UEL;<\/li><li>promover o interc\u00e2mbio cient\u00edfico, tecnol\u00f3gico e cultural entre a UEL e institui\u00e7\u00f5es internacionais;<\/li><li>apoiar as a\u00e7\u00f5es de ensino, pesquisa e extens\u00e3o voltadas para a inser\u00e7\u00e3o internacional da UEL;<\/li><li>identificar oportunidades de acesso a recursos oriundos de ag\u00eancias internacionais.<\/li><\/ul>\n","protected":false},"excerpt":{"rendered":"<p>. A ARI tem por&nbsp;finalidades: elaborar, propor e coordenar a execu\u00e7\u00e3o da pol\u00edtica de internacionaliza\u00e7\u00e3o da UEL; propor e implementar, com outros \u00f3rg\u00e3os, estrat\u00e9gias de trabalho que viabilizem o desenvolvimento de projetos internacionais de interesse da UEL; promover o interc\u00e2mbio cient\u00edfico, tecnol\u00f3gico e cultural entre a UEL e institui\u00e7\u00f5es internacionais; apoiar as a\u00e7\u00f5es de ensino, [&hellip;]<\/p>\n","protected":false},"author":8,"featured_media":0,"parent":0,"menu_order":0,"comment_status":"closed","ping_status":"closed","template":"","meta":{"footnotes":""},"class_list":["post-1720","page","type-page","status-publish","hentry"],"acf":[],"_links":{"self":[{"href":"https:\/\/sites.uel.br\/pdi\/wp-json\/wp\/v2\/pages\/1720","targetHints":{"allow":["GET"]}}],"collection":[{"href":"https:\/\/sites.uel.br\/pdi\/wp-json\/wp\/v2\/pages"}],"about":[{"href":"https:\/\/sites.uel.br\/pdi\/wp-json\/wp\/v2\/types\/page"}],"author":[{"embeddable":true,"href":"https:\/\/sites.uel.br\/pdi\/wp-json\/wp\/v2\/users\/8"}],"replies":[{"embeddable":true,"href":"https:\/\/sites.uel.br\/pdi\/wp-json\/wp\/v2\/comments?post=1720"}],"version-history":[{"count":1,"href":"https:\/\/sites.uel.br\/pdi\/wp-json\/wp\/v2\/pages\/1720\/revisions"}],"predecessor-version":[{"id":1721,"href":"https:\/\/sites.uel.br\/pdi\/wp-json\/wp\/v2\/pages\/1720\/revisions\/1721"}],"wp:attachment":[{"href":"https:\/\/sites.uel.br\/pdi\/wp-json\/wp\/v2\/media?parent=1720"}],"curies":[{"name":"wp","href":"https:\/\/api.w.org\/{rel}","templated":true}]}}