{"id":1714,"date":"2022-10-31T11:27:03","date_gmt":"2022-10-31T14:27:03","guid":{"rendered":"https:\/\/sites.uel.br\/pdi\/?page_id=1714"},"modified":"2022-10-31T11:27:03","modified_gmt":"2022-10-31T14:27:03","slug":"ari-assessor","status":"publish","type":"page","link":"https:\/\/sites.uel.br\/pdi\/ari-assessor\/","title":{"rendered":"ARI &#8211; Assessor"},"content":{"rendered":"\n<p class=\"has-white-color has-text-color\">.<\/p>\n\n\n\n<p>Ao Assessor compete:<\/p>\n\n\n\n<ul class=\"wp-block-list\"><li>supervisionar, coordenar e dirigir as atividades da ARI;<\/li><li>assessorar a Reitoria, Pr\u00f3-Reitorias e demais Unidades Universit\u00e1rias nas quest\u00f5es inerentes \u00e0s rela\u00e7\u00f5es internacionais da UEL;<\/li><li>submeter, \u00e0s autoridades competentes, os planos, programas e relat\u00f3rios da Assessoria, apresentando, anualmente, durante o primeiro semestre do ano corrente, a presta\u00e7\u00e3o de contas e o relat\u00f3rio das atividades desenvolvidas na ARI no ano anterior;<\/li><li>representar a Assessoria nos assuntos relativos \u00e0 sua \u00e1rea de compet\u00eancia;<\/li><li>expedir of\u00edcios, circulares, memorandos e cartas objetivando o bom funcionamento da ARI;<\/li><li>subsidiar decis\u00f5es relativas \u00e0 celebra\u00e7\u00e3o de conv\u00eanios, renova\u00e7\u00f5es, ajustes, contratos e acordos que envolvam assuntos da Assessoria;<\/li><li>participar e coordenar a organiza\u00e7\u00e3o de atividades voltadas ao desenvolvimento de programas e a\u00e7\u00f5es integradas de coopera\u00e7\u00e3o t\u00e9cnico-cient\u00edfica-cultural com organismos internacionais, na \u00e1rea de compet\u00eancia da Assessoria;<\/li><li>preparar propostas de acordos internacionais, bem como a elabora\u00e7\u00e3o dos respectivos ajustes administrativos, protocolos adicionais e demais documentos complementares;<\/li><li>apoiar a UEL em negocia\u00e7\u00f5es internacionais, al\u00e9m de participar da negocia\u00e7\u00e3o e acompanhar a execu\u00e7\u00e3o de instrumentos de coopera\u00e7\u00e3o internacional de interesse para a UEL;<\/li><li>estudar, propor e articular mecanismos de negocia\u00e7\u00e3o dos acordos ou atividades de coopera\u00e7\u00e3o internacional de interesse para a UEL;<\/li><li>elaborar estudos com vistas \u00e0 identifica\u00e7\u00e3o das oportunidades de coopera\u00e7\u00e3o internacional em \u00f3rg\u00e3os e institui\u00e7\u00f5es estrangeiras;<\/li><li>interagir com demais \u00f3rg\u00e3os e institui\u00e7\u00f5es de modo a garantir a execu\u00e7\u00e3o das pol\u00edticas de internacionaliza\u00e7\u00e3o da UEL.<\/li><\/ul>\n","protected":false},"excerpt":{"rendered":"<p>. Ao Assessor compete: supervisionar, coordenar e dirigir as atividades da ARI; assessorar a Reitoria, Pr\u00f3-Reitorias e demais Unidades Universit\u00e1rias nas quest\u00f5es inerentes \u00e0s rela\u00e7\u00f5es internacionais da UEL; submeter, \u00e0s autoridades competentes, os planos, programas e relat\u00f3rios da Assessoria, apresentando, anualmente, durante o primeiro semestre do ano corrente, a presta\u00e7\u00e3o de contas e o relat\u00f3rio [&hellip;]<\/p>\n","protected":false},"author":8,"featured_media":0,"parent":0,"menu_order":0,"comment_status":"closed","ping_status":"closed","template":"","meta":{"footnotes":""},"class_list":["post-1714","page","type-page","status-publish","hentry"],"acf":[],"_links":{"self":[{"href":"https:\/\/sites.uel.br\/pdi\/wp-json\/wp\/v2\/pages\/1714","targetHints":{"allow":["GET"]}}],"collection":[{"href":"https:\/\/sites.uel.br\/pdi\/wp-json\/wp\/v2\/pages"}],"about":[{"href":"https:\/\/sites.uel.br\/pdi\/wp-json\/wp\/v2\/types\/page"}],"author":[{"embeddable":true,"href":"https:\/\/sites.uel.br\/pdi\/wp-json\/wp\/v2\/users\/8"}],"replies":[{"embeddable":true,"href":"https:\/\/sites.uel.br\/pdi\/wp-json\/wp\/v2\/comments?post=1714"}],"version-history":[{"count":1,"href":"https:\/\/sites.uel.br\/pdi\/wp-json\/wp\/v2\/pages\/1714\/revisions"}],"predecessor-version":[{"id":1715,"href":"https:\/\/sites.uel.br\/pdi\/wp-json\/wp\/v2\/pages\/1714\/revisions\/1715"}],"wp:attachment":[{"href":"https:\/\/sites.uel.br\/pdi\/wp-json\/wp\/v2\/media?parent=1714"}],"curies":[{"name":"wp","href":"https:\/\/api.w.org\/{rel}","templated":true}]}}