{"id":1712,"date":"2022-10-31T11:26:16","date_gmt":"2022-10-31T14:26:16","guid":{"rendered":"https:\/\/sites.uel.br\/pdi\/?page_id=1712"},"modified":"2022-10-31T11:26:16","modified_gmt":"2022-10-31T14:26:16","slug":"ari-secretaria","status":"publish","type":"page","link":"https:\/\/sites.uel.br\/pdi\/ari-secretaria\/","title":{"rendered":"ARI &#8211; Secretaria"},"content":{"rendered":"\n<p class=\"has-white-color has-text-color\">.<\/p>\n\n\n\n<p>A Secretaria ser\u00e1 exercida por servidor de carreira designado pelo Reitor.<\/p>\n\n\n\n<p>\u00c0 Secretaria compete:<\/p>\n\n\n\n<ul class=\"wp-block-list\"><li>controlar o recebimento, a movimenta\u00e7\u00e3o, a expedi\u00e7\u00e3o de processos, documentos e correspond\u00eancias e o respectivo arquivamento;<\/li><li>executar e controlar trabalhos de digita\u00e7\u00e3o, operar os aplicativos e sistemas e manter bases de dados que permitam o gerenciamento e a execu\u00e7\u00e3o das atividades informatizadas;<\/li><li>requisitar e controlar o material permanente e de consumo necess\u00e1rios \u00e0 Assessoria de Rela\u00e7\u00f5es Internacionais;<\/li><li>receber, arquivar e encaminhar documentos e correspond\u00eancias de interesse da Assessoria, mantendo atualizadas as informa\u00e7\u00f5es sobre a tramita\u00e7\u00e3o dos documentos;<\/li><li>requisitar, receber e distribuir material de consumo, bem como controlar a movimenta\u00e7\u00e3o e zelar pelos bens patrimoniais de responsabilidade da Assessoria;<\/li><li>solicitar e controlar os servi\u00e7os de telecomunica\u00e7\u00f5es, reprografia, manuten\u00e7\u00e3o de m\u00e1quinas e equipamentos;<\/li><li>providenciar a concess\u00e3o de di\u00e1rias e passagens aos servidores da Assessoria;<\/li><li>manter atualizadas as p\u00e1ginas da ARI, assim como o banco de dados referentes \u00e0 operacionaliza\u00e7\u00e3o de acordos internacionais;<\/li><li>informar a comunidade interna quanto \u00e0s oportunidades de internacionaliza\u00e7\u00e3o;<\/li><li>acompanhar, prestar assist\u00eancia e gerenciar administrativamente as atividades dos estudantes de gradua\u00e7\u00e3o e p\u00f3s-gradua\u00e7\u00e3o em mobilidade acad\u00eamica nacional e internacional;<\/li><li>organizar atividades de recep\u00e7\u00e3o e de orienta\u00e7\u00e3o tanto a estudantes de gradua\u00e7\u00e3o da UEL bem como aos estudantes em mobilidade estudantil;<\/li><li>organizar atividades de recep\u00e7\u00e3o e de orienta\u00e7\u00e3o a estudantes estrangeiros que participam de atividades de mobilidade em nossa Institui\u00e7\u00e3o;<\/li><li>executar outras fun\u00e7\u00f5es que, por sua natureza, lhe estejam afetas ou lhe tenham sido atribu\u00eddas;<\/li><li>sistematizar a documenta\u00e7\u00e3o proveniente de institui\u00e7\u00f5es internacionais relativas \u00e0 coopera\u00e7\u00e3o;<\/li><li>acompanhar o processo de aprecia\u00e7\u00e3o, aprova\u00e7\u00e3o e implementa\u00e7\u00e3o e de renova\u00e7\u00e3o de acordos, conv\u00eanios e programas de coopera\u00e7\u00e3o internacional;<\/li><li>auxiliar na avalia\u00e7\u00e3o dos resultados obtidos na implementa\u00e7\u00e3o dos acordos, conv\u00eanios e programas de coopera\u00e7\u00e3o internacional;<\/li><li>auxiliar nos contatos com institui\u00e7\u00f5es ou \u00f3rg\u00e3os internacionais.<\/li><\/ul>\n","protected":false},"excerpt":{"rendered":"<p>. A Secretaria ser\u00e1 exercida por servidor de carreira designado pelo Reitor. \u00c0 Secretaria compete: controlar o recebimento, a movimenta\u00e7\u00e3o, a expedi\u00e7\u00e3o de processos, documentos e correspond\u00eancias e o respectivo arquivamento; executar e controlar trabalhos de digita\u00e7\u00e3o, operar os aplicativos e sistemas e manter bases de dados que permitam o gerenciamento e a execu\u00e7\u00e3o das [&hellip;]<\/p>\n","protected":false},"author":8,"featured_media":0,"parent":0,"menu_order":0,"comment_status":"closed","ping_status":"closed","template":"","meta":{"footnotes":""},"class_list":["post-1712","page","type-page","status-publish","hentry"],"acf":[],"_links":{"self":[{"href":"https:\/\/sites.uel.br\/pdi\/wp-json\/wp\/v2\/pages\/1712","targetHints":{"allow":["GET"]}}],"collection":[{"href":"https:\/\/sites.uel.br\/pdi\/wp-json\/wp\/v2\/pages"}],"about":[{"href":"https:\/\/sites.uel.br\/pdi\/wp-json\/wp\/v2\/types\/page"}],"author":[{"embeddable":true,"href":"https:\/\/sites.uel.br\/pdi\/wp-json\/wp\/v2\/users\/8"}],"replies":[{"embeddable":true,"href":"https:\/\/sites.uel.br\/pdi\/wp-json\/wp\/v2\/comments?post=1712"}],"version-history":[{"count":1,"href":"https:\/\/sites.uel.br\/pdi\/wp-json\/wp\/v2\/pages\/1712\/revisions"}],"predecessor-version":[{"id":1713,"href":"https:\/\/sites.uel.br\/pdi\/wp-json\/wp\/v2\/pages\/1712\/revisions\/1713"}],"wp:attachment":[{"href":"https:\/\/sites.uel.br\/pdi\/wp-json\/wp\/v2\/media?parent=1712"}],"curies":[{"name":"wp","href":"https:\/\/api.w.org\/{rel}","templated":true}]}}