{"id":1702,"date":"2022-10-30T12:03:25","date_gmt":"2022-10-30T15:03:25","guid":{"rendered":"https:\/\/sites.uel.br\/pdi\/?page_id=1702"},"modified":"2022-10-30T12:03:25","modified_gmt":"2022-10-30T15:03:25","slug":"ouvidoria-acesso","status":"publish","type":"page","link":"https:\/\/sites.uel.br\/pdi\/ouvidoria-acesso\/","title":{"rendered":"OUVIDORIA &#8211; Acesso"},"content":{"rendered":"\n<p class=\"has-text-color\" style=\"color:#fefefe\">.<\/p>\n\n\n\n<p>\u00c0 Ouvidoria \u00e9 assegurado, no exerc\u00edcio de suas atribui\u00e7\u00f5es, o&nbsp;<strong>acesso<\/strong>&nbsp;direto a docentes e t\u00e9cnico-administrativos da Universidade que dever\u00e3o se pronunciar, quando solicitados, sobre os objetos de demanda que lhes forem apresentados pelo Ouvidor dentro do prazo fixado na legisla\u00e7\u00e3o.<\/p>\n\n\n\n<p>O n\u00e3o cumprimento do disposto no artigo supramencionado sujeitar\u00e1 o docente ou t\u00e9cnico-administrativo \u00e0 apura\u00e7\u00e3o de sua responsabilidade por meio dos procedimentos administrativos pertinentes, mediante representa\u00e7\u00e3o do Ouvidor.<\/p>\n\n\n\n<p>O acesso \u00e0 Ouvidoria poder\u00e1 ser viabilizado pelos seguintes meios:<\/p>\n\n\n\n<ul class=\"wp-block-list\"><li>internet, por meio de formul\u00e1rio eletr\u00f4nico;<\/li><li>correspond\u00eancia;<\/li><li>pessoalmente, na sala da Ouvidoria.<\/li><\/ul>\n","protected":false},"excerpt":{"rendered":"<p>. \u00c0 Ouvidoria \u00e9 assegurado, no exerc\u00edcio de suas atribui\u00e7\u00f5es, o&nbsp;acesso&nbsp;direto a docentes e t\u00e9cnico-administrativos da Universidade que dever\u00e3o se pronunciar, quando solicitados, sobre os objetos de demanda que lhes forem apresentados pelo Ouvidor dentro do prazo fixado na legisla\u00e7\u00e3o. O n\u00e3o cumprimento do disposto no artigo supramencionado sujeitar\u00e1 o docente ou t\u00e9cnico-administrativo \u00e0 apura\u00e7\u00e3o [&hellip;]<\/p>\n","protected":false},"author":8,"featured_media":0,"parent":0,"menu_order":0,"comment_status":"closed","ping_status":"closed","template":"","meta":{"footnotes":""},"class_list":["post-1702","page","type-page","status-publish","hentry"],"acf":[],"_links":{"self":[{"href":"https:\/\/sites.uel.br\/pdi\/wp-json\/wp\/v2\/pages\/1702","targetHints":{"allow":["GET"]}}],"collection":[{"href":"https:\/\/sites.uel.br\/pdi\/wp-json\/wp\/v2\/pages"}],"about":[{"href":"https:\/\/sites.uel.br\/pdi\/wp-json\/wp\/v2\/types\/page"}],"author":[{"embeddable":true,"href":"https:\/\/sites.uel.br\/pdi\/wp-json\/wp\/v2\/users\/8"}],"replies":[{"embeddable":true,"href":"https:\/\/sites.uel.br\/pdi\/wp-json\/wp\/v2\/comments?post=1702"}],"version-history":[{"count":1,"href":"https:\/\/sites.uel.br\/pdi\/wp-json\/wp\/v2\/pages\/1702\/revisions"}],"predecessor-version":[{"id":1703,"href":"https:\/\/sites.uel.br\/pdi\/wp-json\/wp\/v2\/pages\/1702\/revisions\/1703"}],"wp:attachment":[{"href":"https:\/\/sites.uel.br\/pdi\/wp-json\/wp\/v2\/media?parent=1702"}],"curies":[{"name":"wp","href":"https:\/\/api.w.org\/{rel}","templated":true}]}}